{"id":1060,"date":"2019-11-21T17:14:02","date_gmt":"2019-11-21T17:14:02","guid":{"rendered":"https:\/\/www.ait-themes.club\/?page_id=1060"},"modified":"2024-08-29T12:17:34","modified_gmt":"2024-08-29T10:17:34","slug":"citadela-plugins","status":"publish","type":"page","link":"https:\/\/www.ait-themes.club\/nl\/plugins-voor-citadela\/","title":{"rendered":"CitadelaWP Plugins"},"content":{"rendered":"<div class=\"wp-block-citadela-blocks-custom-container citadela-block-custom-container responsive-options loading-image size-wide bg-type-image inside-space-none bg-size-full-horizontal has-bg has-overlay\" style=\"background-image:linear-gradient(350deg, rgba(209, 211, 232, 1) 0%, rgba(230, 235, 245, 1) 100%)\" data-block-attr=\"{&quot;backgroundImage&quot;:&quot;url(https:\/\/www.ait-themes.club\/wp-content\/uploads\/2021\/10\/header-plugins-small-min.png), linear-gradient(350deg, rgba(209, 211, 232, 1) 0%, rgba(230, 235, 245, 1) 100%)&quot;}\" data-block-mobile-breakpoint=\"600\"><div class=\"bg-image-wrapper\" style=\"background-image:url(https:\/\/www.ait-themes.club\/wp-content\/uploads\/2021\/10\/header-plugins-min.png);background-repeat:no-repeat;background-position:50% 100%\"><\/div><div class=\"bg-image-overlay\" style=\"opacity:0.5\"><\/div><div class=\"inner-holder\" style=\"max-width:1300px\">\n<div class=\"wp-block-citadela-blocks-spacer citadela-block-spacer responsive-options loading\" data-block-attr=\"{&quot;desktop&quot;:{&quot;height&quot;:&quot;72px&quot;},&quot;mobile&quot;:{&quot;height&quot;:&quot;28px&quot;}}\" data-block-mobile-breakpoint=\"600\"><div class=\"inner-holder\" style=\"padding-top:72px\"><\/div><\/div>\n\n\n\n<div class=\"wp-block-columns is-layout-flex wp-container-core-columns-is-layout-9d6595d7 wp-block-columns-is-layout-flex\">\n<div class=\"wp-block-column is-layout-flow wp-block-column-is-layout-flow\" style=\"flex-basis:60%\">\n<div class=\"wp-block-citadela-blocks-custom-container citadela-block-custom-container size-wide bg-type-none inside-space-small\"><div class=\"inner-holder\">\n<div class=\"wp-block-citadela-blocks-spacer citadela-block-spacer negative-height\"><div class=\"inner-holder\" style=\"margin-top:-20px\"><\/div><\/div>\n\n\n\n<div class=\"wp-block-citadela-blocks-spacer citadela-block-spacer responsive-options loading\" data-block-attr=\"{&quot;desktop&quot;:{&quot;height&quot;:&quot;11%&quot;},&quot;mobile&quot;:{&quot;height&quot;:&quot;3.5vw&quot;}}\" data-block-mobile-breakpoint=\"1920\"><div class=\"inner-holder\" style=\"padding-top:11%\"><\/div><\/div>\n\n\n         <div \r\n            class=\"citadela-block-responsive-text weight-700 align-left responsive-options loading\"\r\n            data-block-mobile-attr=\"{&quot;desktop&quot;:{&quot;fontSize&quot;:&quot;3.5vw&quot;,&quot;lineHeight&quot;:1.1},&quot;mobile&quot;:{&quot;fontSize&quot;:&quot;50px&quot;,&quot;lineHeight&quot;:1.1}}\"            data-block-mobile-breakpoint=\"1410\"         >\r\n            <h1 class=\"inner-tag\" style=\"font-size: 3.5vw; font-weight: 700; line-height: 1.1; color: #1d2a63;\">CitadelaWP Plugins<\/h1>         <\/div>\r\n      \n\n\n<div class=\"wp-block-columns is-layout-flex wp-container-core-columns-is-layout-9d6595d7 wp-block-columns-is-layout-flex\">\n<div class=\"wp-block-column is-layout-flow wp-block-column-is-layout-flow\" style=\"flex-basis:465px\">         <div \r\n            class=\"citadela-block-responsive-text align-left responsive-options loading\"\r\n            data-block-mobile-attr=\"{&quot;desktop&quot;:{&quot;fontSize&quot;:&quot;1.5vw&quot;},&quot;mobile&quot;:{&quot;fontSize&quot;:&quot;20px&quot;}}\"            data-block-mobile-breakpoint=\"1200\"         >\r\n            <p class=\"inner-tag\" style=\"font-size: 1.5vw; color: #28396f;\">Op blokken gebaseerde premium WordPress plugins voor Gutenberg <\/p>         <\/div>\r\n      <\/div>\n<\/div>\n\n\n\n<div class=\"wp-block-citadela-blocks-custom-container citadela-block-custom-container size-wide bg-type-none inside-space-large has-shadow\" style=\"box-shadow:inset 5px 0px 0px 0px rgba(6, 147, 227, 1)\"><div class=\"inner-holder\">\n<div class=\"wp-block-citadela-blocks-spacer citadela-block-spacer negative-height responsive-options loading\" data-block-attr=\"{&quot;desktop&quot;:{&quot;height&quot;:&quot;-47px&quot;,&quot;negative&quot;:true},&quot;mobile&quot;:{&quot;height&quot;:&quot;-27px&quot;,&quot;negative&quot;:true}}\" data-block-mobile-breakpoint=\"400\"><div class=\"inner-holder\" style=\"margin-top:-47px\"><\/div><\/div>\n\n\n         <div \r\n            class=\"citadela-block-responsive-text align-left no-margins responsive-options loading\"\r\n            data-block-mobile-attr=\"{&quot;desktop&quot;:{&quot;fontSize&quot;:&quot;18px&quot;,&quot;lineHeight&quot;:1.65},&quot;mobile&quot;:{&quot;fontSize&quot;:&quot;16px&quot;,&quot;lineHeight&quot;:1.65}}\"            data-block-mobile-breakpoint=\"600\"         >\r\n            <p class=\"inner-tag\" style=\"font-size: 18px; line-height: 1.65; color: #28396f;\">Citadela plugins zijn premium WordPress plugins die de functionaliteit van uw Citadela website uit te breiden. Dit zijn WP plugins die nieuwe WordPress blokken, frontend en backend functies toevoegen. Door het gebruik van hen, kunt u eenvoudig het uiterlijk van uw website. Ook kun je het ontwerp aanpassen en de elementen (blokken) op elke pagina reorganiseren. Zo kun je een veel betere en nuttigere site maken voor je webbezoekers. <\/p>         <\/div>\r\n      \n\n\n<div class=\"wp-block-citadela-blocks-spacer citadela-block-spacer negative-height responsive-options loading\" data-block-attr=\"{&quot;desktop&quot;:{&quot;height&quot;:&quot;-45px&quot;,&quot;negative&quot;:true},&quot;mobile&quot;:{&quot;height&quot;:&quot;-25px&quot;,&quot;negative&quot;:true}}\" data-block-mobile-breakpoint=\"400\"><div class=\"inner-holder\" style=\"margin-top:-45px\"><\/div><\/div>\n<\/div><\/div>\n\n\n\n<div class=\"wp-block-citadela-blocks-spacer citadela-block-spacer responsive-options loading\" data-block-attr=\"{&quot;desktop&quot;:{&quot;height&quot;:&quot;25%&quot;},&quot;mobile&quot;:{&quot;height&quot;:&quot;8vw&quot;}}\" data-block-mobile-breakpoint=\"1920\"><div class=\"inner-holder\" style=\"padding-top:25%\"><\/div><\/div>\n<\/div><\/div>\n<\/div>\n\n\n\n<div class=\"wp-block-column is-layout-flow wp-block-column-is-layout-flow\">\n<div class=\"wp-block-citadela-blocks-spacer citadela-block-spacer responsive-options loading\" data-block-attr=\"{&quot;desktop&quot;:{&quot;height&quot;:&quot;400px&quot;},&quot;mobile&quot;:{&quot;height&quot;:&quot;58vw&quot;}}\" data-block-mobile-breakpoint=\"600\"><div class=\"inner-holder\" style=\"padding-top:400px\"><\/div><\/div>\n<\/div>\n<\/div>\n\n\n\n<div class=\"wp-block-citadela-blocks-spacer citadela-block-spacer negative-height\"><div class=\"inner-holder\" style=\"margin-top:-1.75em\"><\/div><\/div>\n\n\n\n<div class=\"wp-block-citadela-blocks-spacer citadela-block-spacer\"><div class=\"inner-holder\" style=\"padding-top:70px\"><\/div><\/div>\n<\/div><\/div>\n\n\n\n<div class=\"wp-block-citadela-blocks-spacer citadela-block-spacer negative-height\"><div class=\"inner-holder\" style=\"margin-top:-70px\"><\/div><\/div>\n\n\n\n<div class=\"wp-block-columns alignwide is-layout-flex wp-container-core-columns-is-layout-9d6595d7 wp-block-columns-is-layout-flex\">\n<div class=\"wp-block-column is-layout-flow wp-block-column-is-layout-flow\">\n<div class=\"wp-block-citadela-blocks-custom-container citadela-block-custom-container size-wide bg-type-gradient inside-space-large has-bg has-border-radius\" style=\"background-image:linear-gradient(355deg, rgba(116, 70, 172, 1) 0%, rgba(122, 92, 207, 1) 100%);border-radius:6px\"><div class=\"inner-holder\">\n<figure class=\"wp-block-image size-medium is-resized\"><a href=\"https:\/\/www.ait-themes.club\/nl\/plugins-voor-citadela\/citadela-pro\/\"><img loading=\"lazy\" decoding=\"async\" width=\"300\" height=\"280\" src=\"https:\/\/www.ait-themes.club\/wp-content\/uploads\/2021\/08\/plugin-pro-header-min-300x280.png\" alt=\"Citadela PRO invoegtoepassing\" class=\"wp-image-90347\" style=\"width:200px\" srcset=\"https:\/\/www.ait-themes.club\/wp-content\/uploads\/2021\/08\/plugin-pro-header-min-300x280.png 300w, https:\/\/www.ait-themes.club\/wp-content\/uploads\/2021\/08\/plugin-pro-header-min.png 740w\" sizes=\"auto, (max-width: 300px) 100vw, 300px\" \/><\/a><\/figure>\n\n\n\n<div class=\"wp-block-citadela-blocks-custom-container citadela-block-custom-container size-content bg-type-none inside-space-small\"><div class=\"inner-holder\">\n<div class=\"wp-block-group max-710 content-right\"><div class=\"wp-block-group__inner-container is-layout-flow wp-block-group-is-layout-flow\">         <div \r\n            class=\"citadela-block-responsive-text weight-900 align-left no-margins\"\r\n                                 >\r\n            <h2 class=\"inner-tag\" style=\"font-size: 34px; font-weight: 900; line-height: 1.1; color: #ffffff;\"><a href=\"https:\/\/www.ait-themes.club\/nl\/plugins-voor-citadela\/citadela-pro\/\">CITADELAWP PRO<\/a><\/h2>         <\/div>\r\n      \n\n\n<div class=\"wp-block-citadela-blocks-spacer citadela-block-spacer\"><div class=\"inner-holder\" style=\"padding-top:10px\"><\/div><\/div>\n\n\n\n<div class=\"wp-block-citadela-blocks-custom-container citadela-block-custom-container size-content bg-type-none inside-space-zero has-min-height vertical-align-top\" style=\"min-height:40px\"><div class=\"inner-holder\">         <div \r\n            class=\"citadela-block-responsive-text weight-400 align-left no-margins\"\r\n                                 >\r\n            <p class=\"inner-tag\" style=\"font-size: 16px; font-weight: 400; line-height: 1.2; letter-spacing: 0.2em; color: #ffffff;\">AANPASSINGSPLUGIN VOOR CITADELA<\/p>         <\/div>\r\n      <\/div><\/div>\n\n\n\n<div class=\"wp-block-citadela-blocks-spacer citadela-block-spacer\"><div class=\"inner-holder\" style=\"padding-top:30px\"><\/div><\/div>\n\n\n\n<div class=\"wp-block-citadela-blocks-custom-container citadela-block-custom-container size-content bg-type-none inside-space-zero has-min-height vertical-align-top\" style=\"min-height:220px\"><div class=\"inner-holder\">\n<p class=\"has-text-align-left has-text-color\" style=\"color:#ffffff\">Citadela PRO plugin is een aanpassingsplugin. Hiermee kun je de lay-out, kleuren en lettertypen van je website aanpassen. Het is exclusief gemaakt voor de Citadela WordPress thema en Citadela plugins. Bovendien kun je hiermee de visuele lay-out van je website aanpassen aan je behoeften en voorkeuren. Plugin bevat ook nieuwe &amp; unieke Gutenberg blokken.<\/p>\n\n\n\n<ul class=\"wp-block-list has-white-color has-text-color\">\n<li>Kant-en-klare startlay-outpakketten<\/li>\n\n\n\n<li>Eenvoudige lay-out exporter<\/li>\n\n\n\n<li>Lettertypen, kleuren, kopteksten en meer aanpassen<\/li>\n\n\n\n<li>Unieke, op maat gemaakte Gutenberg-blokken<\/li>\n\n\n\n<li>Ideaal voor zakelijke websites, persoonlijke websites en blogs<\/li>\n\n\n\n<li>Veel visuele en responsieve opties<\/li>\n<\/ul>\n<\/div><\/div>\n\n\n\n<div class=\"wp-block-citadela-blocks-spacer citadela-block-spacer\"><div class=\"inner-holder\" style=\"padding-top:20px\"><\/div><\/div>\n\n\n\n<div class=\"wp-block-buttons is-layout-flex wp-block-buttons-is-layout-flex\">\n<div class=\"wp-block-button\"><a class=\"wp-block-button__link has-background wp-element-button\" href=\"https:\/\/www.ait-themes.club\/nl\/plugins-voor-citadela\/citadela-pro\/\" style=\"background-color:#2e1848\">Meer over CitadelaWP Pro<\/a><\/div>\n<\/div>\n\n\n\n<div class=\"wp-block-citadela-blocks-spacer citadela-block-spacer\"><div class=\"inner-holder\" style=\"padding-top:20px\"><\/div><\/div>\n<\/div><\/div>\n<\/div><\/div>\n<\/div><\/div>\n\n\n\n<div class=\"wp-block-citadela-blocks-spacer citadela-block-spacer\"><div class=\"inner-holder\" style=\"padding-top:20px\"><\/div><\/div>\n<\/div>\n\n\n\n<div class=\"wp-block-column is-layout-flow wp-block-column-is-layout-flow\">\n<div class=\"wp-block-citadela-blocks-custom-container citadela-block-custom-container size-wide bg-type-gradient inside-space-large has-bg has-border-radius\" style=\"background-image:linear-gradient(355deg, rgba(193, 37, 83, 1) 0%, rgba(210, 63, 129, 1) 100%);border-radius:6px\"><div class=\"inner-holder\">\n<figure class=\"wp-block-image size-medium is-resized\"><a href=\"https:\/\/www.ait-themes.club\/nl\/plugins-voor-citadela\/citadela-lijst\/\"><img loading=\"lazy\" decoding=\"async\" width=\"300\" height=\"280\" src=\"https:\/\/www.ait-themes.club\/wp-content\/uploads\/2021\/08\/plugin-directory-header-min-300x280.png\" alt=\"Citadela Listing invoegtoepassing\" class=\"wp-image-90369\" style=\"width:200px\" srcset=\"https:\/\/www.ait-themes.club\/wp-content\/uploads\/2021\/08\/plugin-directory-header-min-300x280.png 300w, https:\/\/www.ait-themes.club\/wp-content\/uploads\/2021\/08\/plugin-directory-header-min.png 740w\" sizes=\"auto, (max-width: 300px) 100vw, 300px\" \/><\/a><\/figure>\n\n\n\n<div class=\"wp-block-citadela-blocks-custom-container citadela-block-custom-container size-content bg-type-none inside-space-small\"><div class=\"inner-holder\">\n<div class=\"wp-block-group max-710 content-right\"><div class=\"wp-block-group__inner-container is-layout-flow wp-block-group-is-layout-flow\">         <div \r\n            class=\"citadela-block-responsive-text weight-900 align-left no-margins\"\r\n                                 >\r\n            <h2 class=\"inner-tag\" style=\"font-size: 34px; font-weight: 900; line-height: 1.1; color: #ffffff;\"><a href=\"https:\/\/www.ait-themes.club\/nl\/plugins-voor-citadela\/citadela-lijst\/\">CITADELAWP LIJST<\/a><\/h2>         <\/div>\r\n      \n\n\n<div class=\"wp-block-citadela-blocks-spacer citadela-block-spacer\"><div class=\"inner-holder\" style=\"padding-top:10px\"><\/div><\/div>\n\n\n\n<div class=\"wp-block-citadela-blocks-custom-container citadela-block-custom-container size-content bg-type-none inside-space-zero has-min-height vertical-align-top\" style=\"min-height:40px\"><div class=\"inner-holder\">         <div \r\n            class=\"citadela-block-responsive-text weight-400 align-left no-margins\"\r\n                                 >\r\n            <p class=\"inner-tag\" style=\"font-size: 16px; font-weight: 400; line-height: 1.2; letter-spacing: 0.2em; color: #ffffff;\">DIRECTORY WORDPRESS PLUGIN<\/p>         <\/div>\r\n      <\/div><\/div>\n\n\n\n<div class=\"wp-block-citadela-blocks-spacer citadela-block-spacer\"><div class=\"inner-holder\" style=\"padding-top:30px\"><\/div><\/div>\n\n\n\n<div class=\"wp-block-citadela-blocks-custom-container citadela-block-custom-container size-content bg-type-none inside-space-zero has-min-height vertical-align-top\" style=\"min-height:220px\"><div class=\"inner-holder\">\n<p class=\"has-text-align-left has-text-color\" style=\"color:#ffffff\">Citadela Listing plugin is vrij uniek en speciaal. Het opent een geheel nieuw inzicht in het publiceren van waardevolle, hoogwaardige inhoud op je website. Citadela Listing plugin voegt directory functies toe aan elke website, en het is compatibel met Citadela Theme en de meeste moderne WP-thema's. <\/p>\n\n\n\n<ul class=\"wp-block-list has-white-color has-text-color\">\n<li>Maak van elke website in een handomdraai een listing directory<\/li>\n\n\n\n<li>Inclusief abonnementen<\/li>\n\n\n\n<li>Paywall-functie inbegrepen<\/li>\n\n\n\n<li>GPX-functie inbegrepen<\/li>\n\n\n\n<li>Blog posts over kaartfunctie inbegrepen<\/li>\n\n\n\n<li>Eenvoudige integratie met WooCommerce<\/li>\n\n\n\n<li>OpenStreet Maps of Google Maps-integratie<\/li>\n<\/ul>\n<\/div><\/div>\n\n\n\n<div class=\"wp-block-citadela-blocks-spacer citadela-block-spacer\"><div class=\"inner-holder\" style=\"padding-top:20px\"><\/div><\/div>\n\n\n\n<div class=\"wp-block-buttons is-layout-flex wp-block-buttons-is-layout-flex\">\n<div class=\"wp-block-button\"><a class=\"wp-block-button__link has-background wp-element-button\" href=\"https:\/\/www.ait-themes.club\/nl\/plugins-voor-citadela\/citadela-lijst\/\" style=\"background-color:#3b0b1f\">Meer over CitadelaWP-Lijst<\/a><\/div>\n<\/div>\n\n\n\n<div class=\"wp-block-citadela-blocks-spacer citadela-block-spacer\"><div class=\"inner-holder\" style=\"padding-top:20px\"><\/div><\/div>\n<\/div><\/div>\n<\/div><\/div>\n<\/div><\/div>\n\n\n\n<div class=\"wp-block-citadela-blocks-spacer citadela-block-spacer\"><div class=\"inner-holder\" style=\"padding-top:20px\"><\/div><\/div>\n<\/div>\n<\/div>\n\n\n\n<div class=\"wp-block-citadela-blocks-spacer citadela-block-spacer\"><div class=\"inner-holder\" style=\"padding-top:10%\"><\/div><\/div>\n\n\n\n<div class=\"wp-block-citadela-blocks-custom-container citadela-block-custom-container size-fullwidth bg-type-color inside-space-none has-bg\" style=\"background-color:rgba(241, 244, 246, 1)\"><div class=\"inner-holder\">\n<div class=\"wp-block-citadela-blocks-spacer citadela-block-spacer\"><div class=\"inner-holder\" style=\"padding-top:5%\"><\/div><\/div>\n\n\n\n<div class=\"wp-block-media-text alignfull has-media-on-the-right is-stacked-on-mobile\"><div class=\"wp-block-media-text__content\">\n<h2 class=\"wp-block-heading has-text-align-right\" id=\"variability-of-citadela-plugins\"><strong> Variabiliteit van CitadelaWP-plugins <\/strong><\/h2>\n\n\n\n<p class=\"has-text-align-right has-medium-font-size\">Citadela Pro plugin werkt alleen met onze Citadela WordPress thema. Andere Citadela plugins werken echter met elk modern thema gebouwd voor blokken. Als je bijvoorbeeld Citadela Listing wilt gebruiken op je bestaande website zonder over te stappen op het Citadela thema, installeer dan de plugin en ga aan de slag.<\/p>\n<\/div><figure class=\"wp-block-media-text__media\"><img loading=\"lazy\" decoding=\"async\" width=\"1024\" height=\"600\" src=\"https:\/\/www.ait-themes.club\/wp-content\/uploads\/2021\/12\/citadela-variability2-min-1024x600.png\" alt=\"\" class=\"wp-image-92370 size-full\" srcset=\"https:\/\/www.ait-themes.club\/wp-content\/uploads\/2021\/12\/citadela-variability2-min-1024x600.png 1024w, https:\/\/www.ait-themes.club\/wp-content\/uploads\/2021\/12\/citadela-variability2-min-300x176.png 300w, https:\/\/www.ait-themes.club\/wp-content\/uploads\/2021\/12\/citadela-variability2-min-768x450.png 768w, https:\/\/www.ait-themes.club\/wp-content\/uploads\/2021\/12\/citadela-variability2-min.png 1100w\" sizes=\"auto, (max-width: 1024px) 100vw, 1024px\" \/><\/figure><\/div>\n\n\n\n<div class=\"wp-block-citadela-blocks-spacer citadela-block-spacer\"><div class=\"inner-holder\" style=\"padding-top:7%\"><\/div><\/div>\n<\/div><\/div>\n\n\n\n<div class=\"wp-block-citadela-blocks-custom-container citadela-block-custom-container size-wide bg-type-color inside-space-none has-bg has-min-height vertical-align-center\" style=\"min-height:24vw;background-color:rgba(127, 164, 255, 1)\"><div class=\"inner-holder\">\n<div class=\"wp-block-citadela-blocks-spacer citadela-block-spacer\"><div class=\"inner-holder\" style=\"padding-top:20px\"><\/div><\/div>\n\n\n<div class=\"wp-block-image\">\n<figure class=\"aligncenter size-full\"><img loading=\"lazy\" decoding=\"async\" width=\"100\" height=\"100\" src=\"https:\/\/www.ait-themes.club\/wp-content\/uploads\/2022\/06\/translation.png\" alt=\"\" class=\"wp-image-93715\"\/><\/figure>\n<\/div>\n\n         <div \r\n            class=\"citadela-block-responsive-text weight-800 align-center\"\r\n                                 >\r\n            <h2 class=\"inner-tag\" style=\"font-weight: 800; color: #ffffff;\"><strong>Taalvertalingen inbegrepen in het CitadelaWP pakket:<\/strong><\/h2>         <\/div>\r\n      \n\n\n<div class=\"wp-block-citadela-blocks-spacer citadela-block-spacer\"><div class=\"inner-holder\" style=\"padding-top:20px\"><\/div><\/div>\n\n\n\n<p class=\"has-text-align-center has-white-color has-text-color\">Afrikaans, Albanees, Amhaars, Arabisch, Arabisch (Egypte), Arabisch (Marokko), Armeens, Assamees, Azerbeidzjaans, Wit-Russisch, Bengaals (Bangladesh), Bosnisch, Bulgaars, Catalaans, Chinees (China), Chinees (Hongkong), Chinees (Singapore), Chinees (Taiwan), Kroatisch, Tsjechisch, Deens, Nederlands, Nederlands (Belgi\u00eb), Engels (VS), Esperanto, Ests, Fins, Frans (Canada), Frans (Frankrijk), Galicisch, Georgisch, Duits, Grieks (Griekenland), Hebreeuws, Hebreeuws (Isra\u00ebl), Hindi, Hongaars, IJslands, Indonesisch, Italiaans, Japans, Koreaans, Lets, Litouws, Macedonisch, Maleis, Mongools, Marokkaans Arabisch, Noors (Bokm\u00e5l), Perzisch, Pools, Portugees (Angola), Portugees (Brazili\u00eb), Portugees (Portugal), Roemeens, Russisch, Sara\u00efki, Servisch, Sindhi, Slowaaks, Sloveens, Zuid-Azerbeidzjaans, Spaans (Argentini\u00eb), Spaans (Colombia), Spaans (Costa Rica), Spaans (Dominicaanse Republiek), Spaans (Ecuador), Spaans (Guatemala), Spaans (Chili), Spaans (Mexico), Spaans (Peru), Spaans (Puerto Rico), Spaans (Spanje), Spaans (Uruguay), Spaans (Venezuela), Zweeds, Thai (Thailand), Turks, Oekra\u00efens, Vietnamees<\/p>\n\n\n\n<div class=\"wp-block-citadela-blocks-spacer citadela-block-spacer\"><div class=\"inner-holder\" style=\"padding-top:20px\"><\/div><\/div>\n\n\n         <div \r\n            class=\"citadela-block-responsive-text weight-900 align-center responsive-options loading\"\r\n            data-block-mobile-attr=\"{&quot;desktop&quot;:{&quot;fontSize&quot;:&quot;3vw&quot;},&quot;mobile&quot;:{&quot;fontSize&quot;:&quot;40px&quot;}}\"            data-block-mobile-breakpoint=\"980\"         >\r\n            <p class=\"inner-tag\" style=\"font-size: 3vw; font-weight: 900; color: #5769b3;\">83 Taalvertalingen inbegrepen<\/p>         <\/div>\r\n      \n\n\n<div class=\"wp-block-citadela-blocks-spacer citadela-block-spacer\"><div class=\"inner-holder\" style=\"padding-top:20px\"><\/div><\/div>\n<\/div><\/div>","protected":false},"excerpt":{"rendered":"","protected":false},"author":1,"featured_media":0,"parent":0,"menu_order":0,"comment_status":"closed","ping_status":"closed","template":"","meta":{"_eb_attr":"","_citadela_hide_page_title":"1","_citadela_remove_header_space":"1","_citadela_custom_class":"","_citadela_half_map_provider":"","_citadela_half_map_theme":"","_citadela_half_map_themeOSM":"","_citadela_half_map_customTheme":"","_citadela_half_map_dataType":"","_citadela_half_map_dynamicTrack":false,"_citadela_half_map_trackColor":"","_citadela_half_map_trackEndpointsColor":"","_citadela_half_map_filterCategory":"","_citadela_half_map_filterLocation":"","_citadela_half_map_filterFeatured":false,"_citadela_half_map_noDataBehavior":"empty-map","_citadela_half_map_noDataText":"","_citadela_half_map_clusterGridSize":80,"_citadela_header":true,"_citadela_header_over_content":true,"_citadela_header_text_color":"rgba(29, 42, 99, 1)","_citadela_header_logo":{"id":91584,"url":"https:\/\/www.ait-themes.club\/wp-content\/uploads\/2021\/10\/ait-logo-300-blue-darkblue-min.png","size":{"width":300,"height":61}},"_citadela_header_bg_image":[],"_citadela_header_bg_position":{"x":0.5,"y":0.5},"_citadela_header_bg_size":"cover","_citadela_header_bg_repeat":"no-repeat","_citadela_header_bg_fixed":false,"_citadela_header_bg_color":"","_citadela_header_bg_image_overlay":"","_citadela_header_transparent_bg":true,"_citadela_content_width":"","_citadela_half_layout_position":"","footnotes":""},"class_list":["post-1060","page","type-page","status-publish","hentry"],"_links":{"self":[{"href":"https:\/\/www.ait-themes.club\/nl\/wp-json\/wp\/v2\/pages\/1060","targetHints":{"allow":["GET"]}}],"collection":[{"href":"https:\/\/www.ait-themes.club\/nl\/wp-json\/wp\/v2\/pages"}],"about":[{"href":"https:\/\/www.ait-themes.club\/nl\/wp-json\/wp\/v2\/types\/page"}],"author":[{"embeddable":true,"href":"https:\/\/www.ait-themes.club\/nl\/wp-json\/wp\/v2\/users\/1"}],"replies":[{"embeddable":true,"href":"https:\/\/www.ait-themes.club\/nl\/wp-json\/wp\/v2\/comments?post=1060"}],"version-history":[{"count":24,"href":"https:\/\/www.ait-themes.club\/nl\/wp-json\/wp\/v2\/pages\/1060\/revisions"}],"predecessor-version":[{"id":96369,"href":"https:\/\/www.ait-themes.club\/nl\/wp-json\/wp\/v2\/pages\/1060\/revisions\/96369"}],"wp:attachment":[{"href":"https:\/\/www.ait-themes.club\/nl\/wp-json\/wp\/v2\/media?parent=1060"}],"curies":[{"name":"wp","href":"https:\/\/api.w.org\/{rel}","templated":true}]}}