{"id":4502,"date":"2021-07-09T11:51:15","date_gmt":"2021-07-09T11:51:15","guid":{"rendered":"https:\/\/www.ait-themes.club\/?page_id=4502"},"modified":"2023-10-20T11:30:11","modified_gmt":"2023-10-20T11:30:11","slug":"cookies","status":"publish","type":"page","link":"https:\/\/www.ait-themes.club\/it\/biscotti\/","title":{"rendered":"Biscotti"},"content":{"rendered":"<p>Per far funzionare correttamente questo sito, a volte installiamo piccoli file di dati chiamati cookie sul tuo dispositivo. Anche la maggior parte dei grandi siti Web lo fa.<\/p>\n\n\n\n<h2 class=\"wp-block-heading\">Cosa sono i cookie?<\/h2>\n\n\n\n<p>Un cookie \u00e8 un piccolo file di testo che i siti salvano sul tuo computer o dispositivo mobile quando li visiti. Permette al sito di ricordare le tue azioni e preferenze (come login, lingua, dimensioni dei caratteri e altre preferenze di visualizzazione) per un periodo di tempo, in modo che tu non debba reinserirle ogni volta che torni sul sito o navigare da una pagina all&#039;altra.<\/p>\n\n\n\n<h2 class=\"wp-block-heading\">Come utilizziamo i cookie?<\/h2>\n\n\n\n<p>Alcune delle nostre pagine utilizzano i cookie per ricordare:<\/p>\n\n\n\n<ul class=\"wp-block-list\"><li>le tue preferenze di visualizzazione, come le impostazioni del colore di contrasto o la dimensione del carattere<\/li><li>se hai gi\u00e0 risposto a un sondaggio pop-up che ti chiede se il contenuto \u00e8 stato utile o meno (quindi non ti verr\u00e0 chiesto di nuovo)<\/li><li>se hai acconsentito (o meno) al nostro utilizzo dei cookie su questo sito<\/li><\/ul>\n\n\n\n<p>Inoltre, alcuni video incorporati nelle nostre pagine utilizzano un cookie per raccogliere in modo anonimo statistiche su come ci sei arrivato e quali video hai visitato.<br>L&#039;abilitazione di questi cookie non \u00e8 strettamente necessaria al funzionamento del sito ma ti fornir\u00e0 una migliore esperienza di navigazione. Puoi eliminare o bloccare questi cookie, ma se lo fai, alcune funzionalit\u00e0 di questo sito potrebbero non funzionare come previsto.<br>Le informazioni relative ai cookie non vengono utilizzate per identificarti personalmente e i dati del modello sono completamente sotto il nostro controllo. Questi cookie non vengono utilizzati per scopi diversi da quelli qui descritti.<\/p>\n\n\n\n<h2 class=\"wp-block-heading\">Utilizziamo altri cookie?<\/h2>\n\n\n\n<p>Alcune delle nostre pagine o sottositi potrebbero utilizzare cookie aggiuntivi o diversi da quelli sopra descritti. In tal caso, i dettagli di questi saranno forniti nella loro specifica pagina di informativa sui cookie. Potrebbe essere richiesto il tuo consenso per memorizzare questi cookie.<br>Come controllare i cookie<\/p>\n\n\n\n<p>Puoi controllare e\/o eliminare i cookie come desideri \u2013 per i dettagli, vedi aboutcookies.org. Puoi eliminare tutti i cookie che sono gi\u00e0 sul tuo computer e puoi impostare la maggior parte dei browser per impedirne l&#039;inserimento. Se lo fai, tuttavia, potresti dover regolare manualmente alcune preferenze ogni volta che visiti un sito e alcuni servizi e funzionalit\u00e0 potrebbero non funzionare.<\/p>","protected":false},"excerpt":{"rendered":"<p>Per far funzionare correttamente questo sito, a volte installiamo piccoli file di dati chiamati cookie sul tuo dispositivo. Anche la maggior parte dei grandi siti Web lo fa. Cosa sono i cookie? Un cookie \u00e8 un piccolo file di testo che i siti salvano sul tuo computer o dispositivo mobile quando li visiti. Consente al sito web di ricordare le tue azioni [\u2026]<\/p>","protected":false},"author":1,"featured_media":0,"parent":0,"menu_order":0,"comment_status":"closed","ping_status":"closed","template":"","meta":{"_eb_attr":"","_citadela_hide_page_title":"","_citadela_remove_header_space":"","_citadela_custom_class":"","_citadela_half_map_provider":"","_citadela_half_map_theme":"","_citadela_half_map_themeOSM":"","_citadela_half_map_customTheme":"","_citadela_half_map_dataType":"","_citadela_half_map_dynamicTrack":false,"_citadela_half_map_trackColor":"","_citadela_half_map_trackEndpointsColor":"","_citadela_half_map_filterCategory":"","_citadela_half_map_filterLocation":"","_citadela_half_map_filterFeatured":false,"_citadela_half_map_noDataBehavior":"empty-map","_citadela_half_map_noDataText":"","_citadela_half_map_clusterGridSize":80,"_citadela_header":false,"_citadela_header_over_content":false,"_citadela_header_text_color":"","_citadela_header_logo":[],"_citadela_header_bg_image":[],"_citadela_header_bg_position":[],"_citadela_header_bg_size":"","_citadela_header_bg_repeat":"","_citadela_header_bg_fixed":false,"_citadela_header_bg_color":"","_citadela_header_bg_image_overlay":"","_citadela_header_transparent_bg":false,"_citadela_content_width":"","_citadela_half_layout_position":"","footnotes":""},"class_list":["post-4502","page","type-page","status-publish","hentry"],"_links":{"self":[{"href":"https:\/\/www.ait-themes.club\/it\/wp-json\/wp\/v2\/pages\/4502","targetHints":{"allow":["GET"]}}],"collection":[{"href":"https:\/\/www.ait-themes.club\/it\/wp-json\/wp\/v2\/pages"}],"about":[{"href":"https:\/\/www.ait-themes.club\/it\/wp-json\/wp\/v2\/types\/page"}],"author":[{"embeddable":true,"href":"https:\/\/www.ait-themes.club\/it\/wp-json\/wp\/v2\/users\/1"}],"replies":[{"embeddable":true,"href":"https:\/\/www.ait-themes.club\/it\/wp-json\/wp\/v2\/comments?post=4502"}],"version-history":[{"count":0,"href":"https:\/\/www.ait-themes.club\/it\/wp-json\/wp\/v2\/pages\/4502\/revisions"}],"wp:attachment":[{"href":"https:\/\/www.ait-themes.club\/it\/wp-json\/wp\/v2\/media?parent=4502"}],"curies":[{"name":"wp","href":"https:\/\/api.w.org\/{rel}","templated":true}]}}