{"id":4498,"date":"2021-07-09T11:49:50","date_gmt":"2021-07-09T11:49:50","guid":{"rendered":"https:\/\/www.ait-themes.club\/?page_id=4498"},"modified":"2025-04-22T14:17:03","modified_gmt":"2025-04-22T12:17:03","slug":"terms-of-use","status":"publish","type":"page","link":"https:\/\/www.ait-themes.club\/it\/termini-di-utilizzo\/","title":{"rendered":"Termini di utilizzo"},"content":{"rendered":"<h2 class=\"wp-block-heading\" id=\"definitions\">Definizioni<\/h2>\n\n\n\n<ol class=\"wp-block-list\">\n<li>\u201cCompany\u201d is AitThemes. Company email address for pre-sale enquiries is info@ait-themes.club.<\/li>\n\n\n\n<li>\u201cPagina web\u201d \u00e8 la pagina web che si trova al seguente indirizzo: https:\/\/www.ait-themes.club<\/li>\n\n\n\n<li>&quot;Tema&quot; \u00e8 il modello web sviluppato dalla Societ\u00e0 e situato nella pagina web con l&#039;intenzione di venderlo.<\/li>\n\n\n\n<li>&quot;Plugin&quot; \u00e8 il plug-in web sviluppato dalla Societ\u00e0 e situato nella pagina Web con l&#039;intenzione di venderlo.<\/li>\n\n\n\n<li>&quot;Cliente&quot; \u00e8 una persona che si \u00e8 registrata alla Pagina Web e ha pagato per alcuni dei pacchetti di Servizi.<\/li>\n<\/ol>\n\n\n\n<h2 class=\"wp-block-heading\" id=\"service-packages\">Pacchetti di servizi<\/h2>\n\n\n\n<p>La Societ\u00e0 fornisce i seguenti pacchetti di servizi ai propri clienti, insieme alla descrizione dei servizi in essi contenuti.<\/p>\n\n\n\n<h3 class=\"wp-block-heading\">Pacchetto CitadelaWP<\/h3>\n\n\n\n<ul class=\"wp-block-list\">\n<li>Tema CitadelaWP<\/li>\n\n\n\n<li>Plugin CitadelaWP Pro<\/li>\n\n\n\n<li>Plugin CitadelaWP Listing<\/li>\n\n\n\n<li>Layout di partenza<\/li>\n\n\n\n<li>1 licenza per sito web<\/li>\n\n\n\n<li>Licenza d&#039;uso a vita<\/li>\n\n\n\n<li>Accesso a vita agli aggiornamenti<\/li>\n\n\n\n<li>1 anno di accesso al supporto<\/li>\n<\/ul>\n\n\n\n<h3 class=\"wp-block-heading\">CitadelaWP Package Unlimited<\/h3>\n\n\n\n<ul class=\"wp-block-list\">\n<li>Tema CitadelaWP<\/li>\n\n\n\n<li>Plugin CitadelaWP Pro<\/li>\n\n\n\n<li>Plugin CitadelaWP Listing<\/li>\n\n\n\n<li>Layout di partenza<\/li>\n\n\n\n<li>Licenza illimitata per siti web<\/li>\n\n\n\n<li>Licenza d&#039;uso a vita<\/li>\n\n\n\n<li>Accesso a vita agli aggiornamenti<\/li>\n\n\n\n<li>1 anno di accesso al supporto<\/li>\n<\/ul>\n\n\n\n<h2 class=\"wp-block-heading\" id=\"value-added-tax-vat\">Imposta sul valore aggiunto (IVA)<\/h2>\n\n\n\n<p>Il debitore dell&#039;IVA \u00e8 la persona alla quale il servizio \u00e8 prestato (ai sensi degli articoli da 193 a 196 della direttiva 2006\/112\/CE del Consiglio, del 28 novembre 2006, relativa al sistema comune d&#039;imposta sul valore aggiunto, modificata dalla direttiva 2006\/112\/CE del Consiglio, del 28 novembre 2006, relativa al sistema comune d&#039;imposta sul valore aggiunto 138\/CE del 19 dicembre 2006). L&#039;IVA viene aggiunta al prezzo del pacchetto di servizi in conformit\u00e0 con la rispettiva legge della Repubblica slovacca se un cliente \u00e8 registrato come contribuente IVA e fornisce alla Societ\u00e0 un numero di partita IVA corretto. L&#039;IVA \u00e8 disciplinata dalle leggi della Repubblica slovacca e dal regolamento di esecuzione (UE) n. 282\/2011 del Consiglio, del 15 marzo 2011, recante misure di attuazione della direttiva 2006\/112\/CE relativa al sistema comune di imposta sul valore aggiunto.<\/p>\n\n\n\n<h2 class=\"wp-block-heading\" id=\"registration-and-payment\">Iscrizione e pagamento<\/h2>\n\n\n\n<ol class=\"wp-block-list\">\n<li>Se un Cliente desidera utilizzare alcuni dei pacchetti di servizi, deve registrarsi sulla pagina web.<\/li>\n\n\n\n<li>Al momento della registrazione il Cliente invia i dati richiesti quali: indirizzo email (utilizzato come login), password, ragione sociale, indirizzo della societ\u00e0, nazione, numero di registrazione della societ\u00e0, e se il Cliente \u00e8 un contribuente IVA, anche il suo numero di partita IVA, e sono chiesto di pagare il prezzo del pacchetto di servizi che hanno scelto. Il Cliente \u00e8 inoltre obbligato a familiarizzare e ad accettare le presenti Condizioni d&#039;uso. Il Cliente \u00e8 responsabile della veridicit\u00e0 dei dati da lui dichiarati.<\/li>\n\n\n\n<li>I pacchetti di servizi vengono pagati direttamente tramite Braintree, Stripe o PayPal.<\/li>\n\n\n\n<li>I dettagli di pagamento come il numero della carta di credito non vengono inviati o memorizzati su nessun server della Societ\u00e0.<\/li>\n\n\n\n<li>Dopo il pagamento del pacchetto di servizi, il login e la password del cliente vengono attivati, consentendogli di accedere alla pagina Web e di scaricare i temi.<\/li>\n\n\n\n<li>Il Cliente accetta di essere contattato via e-mail in merito ai prodotti e servizi della Societ\u00e0.<\/li>\n\n\n\n<li>Temi e plugin sono rilasciati sotto il&nbsp;<a href=\"https:\/\/www.ait-themes.club\/it\/licenza\/\">Licenza pubblica GNU versione 3.0 (GPL)<\/a>.<\/li>\n<\/ol>\n\n\n\n<h2 class=\"wp-block-heading\" id=\"upgrading-to-a-higher-service-package\">Aggiornamento a un pacchetto di servizi superiore<\/h2>\n\n\n\n<ol class=\"wp-block-list\">\n<li>Customer is entitled to upgrading to higher Membership within 90 days of original purchase date.<\/li>\n\n\n\n<li>L&#039;aggiornamento viene effettuato dopo aver effettuato l&#039;accesso alla Pagina Web e dopo che il Cliente ha pagato il prezzo di aggiornamento specificato sul sito Web.<\/li>\n\n\n\n<li>Il pagamento per tale aggiornamento a un pacchetto di servizi superiore viene effettuato tramite Braintree, Stripe o PayPal.<\/li>\n\n\n\n<li>La validit\u00e0 del pacchetto di servizi superiore \u00e8 uguale alla validit\u00e0 del pacchetto di servizi del cliente originale.<\/li>\n<\/ol>\n\n\n\n<h2 class=\"wp-block-heading\" id=\"renewal-of-the-service-package-validity\">Rinnovo della validit\u00e0 del Pacchetto Servizi<\/h2>\n\n\n\n<ol class=\"wp-block-list\">\n<li>Il periodo di validit\u00e0 di ciascun pacchetto di servizi dipende dal pacchetto acquistato.<\/li>\n\n\n\n<li>Prima della scadenza del periodo di validit\u00e0 del pacchetto di servizi, il Cliente viene informato tramite e-mail automatica.<\/li>\n\n\n\n<li>Se un Cliente \u00e8 interessato al rinnovo della validit\u00e0 del pacchetto di servizi, \u00e8 obbligato a rinnovare la validit\u00e0 del pacchetto di servizi dopo aver effettuato l&#039;accesso al sito web.<\/li>\n\n\n\n<li>Se un Cliente ha acconsentito, i pacchetti di servizi vengono rinnovati automaticamente tramite Braintree, Stripe o PayPal.<\/li>\n<\/ol>\n\n\n\n<h2 class=\"wp-block-heading\" id=\"money-refund\">Prova e rimborso di denaro<\/h2>\n\n\n\n<ol class=\"wp-block-list\">\n<li>Il cliente ha il diritto di testare tutte le funzionalit\u00e0 gratuitamente prima dell&#039;acquisto.<\/li>\n\n\n\n<li>Se un Cliente non \u00e8 soddisfatto del pacchetto di Servizi, ha il diritto di richiedere un rimborso in denaro alla Societ\u00e0.<\/li>\n\n\n\n<li>The right to money refund may only be applied by the Customer within 14 days from the day of their registration and first theme purchase.<\/li>\n\n\n\n<li>Il cliente pu\u00f2 richiedere un rimborso solo tramite <a href=\"https:\/\/system.ait-themes.club\/it\/support\/\">seguente URL<\/a>.<\/li>\n\n\n\n<li>La societ\u00e0 ha 30 giorni per elaborare la richiesta di rimborso.<\/li>\n\n\n\n<li>Una volta rimborsato il denaro, l&#039;accesso del Cliente al Sito Web utilizzando il proprio nome utente e password viene annullato e la licenza del Cliente per l&#039;utilizzo di temi, plug-in e chiavi API viene interrotta.<\/li>\n<\/ol>\n\n\n\n<h2 class=\"wp-block-heading\" id=\"technical-support\">Supporto tecnico<\/h2>\n\n\n\n<ol class=\"wp-block-list\">\n<li>Ogni pacchetto di servizi contiene il supporto tecnico fornito dalla Societ\u00e0 alle condizioni indicate di seguito.<\/li>\n\n\n\n<li>Il supporto tecnico viene fornito solo dal luned\u00ec al venerd\u00ec dalle 9:00 alle 17:00, ora dell&#039;Europa centrale.<\/li>\n\n\n\n<li>Il supporto tecnico include il supporto delle propriet\u00e0 appropriate e della funzionalit\u00e0 del tema.<\/li>\n\n\n\n<li>Il supporto tecnico non include: supporto e configurazione delle funzionalit\u00e0 generali di WordPress, aiuto con modifiche e personalizzazioni del tema, configurazione di plug-in di terze parti e garanzia di compatibilit\u00e0, estensione delle funzionalit\u00e0 del tema predefinito e soluzioni per funzionalit\u00e0 che non sono presentate all&#039;interno del tema.<\/li>\n\n\n\n<li>Il supporto tecnico \u00e8 fornito principalmente in lingua inglese.<\/li>\n<\/ol>\n\n\n\n<h2 class=\"wp-block-heading\" id=\"api-keys\">Chiavi API<\/h2>\n\n\n\n<ol class=\"wp-block-list\">\n<li>Il cliente con un pacchetto di servizi valido ha il diritto di generare e utilizzare la chiave API per ogni sito Web su cui utilizza i prodotti. Il pacchetto di servizio inattivo disattiva automaticamente tutte le chiavi API associate.<\/li>\n\n\n\n<li>\u00c8 vietato rivendere, ridistribuire, riprodurre o condividere le chiavi API. La violazione comporter\u00e0 l&#039;immediata chiusura dell&#039;account del cliente senza rimborso.<\/li>\n<\/ol>\n\n\n\n<h2 class=\"wp-block-heading\" id=\"limitation-of-liability\">Limitazione di responsabilit\u00e0<\/h2>\n\n\n\n<p>In nessun caso, a meno che non sia richiesto dalla legge applicabile o concordato per iscritto, qualsiasi detentore del copyright o qualsiasi altra parte che modifichi e\/o trasmetta il tema o il plug-in come consentito sopra, sar\u00e0 responsabile nei confronti dell&#039;utente per danni, inclusi eventuali danni generali, speciali, incidentali o danni consequenziali derivanti dall&#039;uso o dall&#039;impossibilit\u00e0 di utilizzare il tema o il plug-in (inclusi, a titolo esemplificativo ma non esaustivo, la perdita di dati o dati resi imprecisi o perdite subite dall&#039;utente o da terzi o il mancato funzionamento del tema o del plug-in con qualsiasi altri temi o plugin), anche se tale titolare o altro soggetto \u00e8 stato avvisato della possibilit\u00e0 di tali danni.<\/p>\n\n\n\n<h2 class=\"wp-block-heading\" id=\"gpl-license\">Licenza GPL<\/h2>\n\n\n\n<p>Tutti i temi e i plug-in disponibili per il download sul sito Web sono concessi in licenza&nbsp;<a href=\"https:\/\/www.ait-themes.club\/it\/licenza\/\">GPL v3 o successivo<\/a>.<\/p>\n\n\n\n<h2 class=\"wp-block-heading\" id=\"changes-of-terms-of-use\">Modifiche dei Termini di utilizzo<\/h2>\n\n\n\n<p>La Societ\u00e0 si riserva il diritto di modificare unilateralmente le presenti Condizioni d&#039;uso.<\/p>","protected":false},"excerpt":{"rendered":"<p>Definizioni Pacchetti di servizi La Societ\u00e0 fornisce ai propri clienti i seguenti pacchetti di servizi, con la descrizione dei servizi in essi contenuti. CitadelaWP Package CitadelaWP Package Unlimited Imposta sul valore aggiunto (IVA) Il debitore dell'IVA \u00e8 il destinatario del servizio (ai sensi degli articoli da 193 a 196 della direttiva 2006\/112\/CE del Consiglio, del [...]<\/p>","protected":false},"author":1,"featured_media":0,"parent":0,"menu_order":0,"comment_status":"closed","ping_status":"closed","template":"","meta":{"_eb_attr":"","_citadela_hide_page_title":"","_citadela_remove_header_space":"","_citadela_custom_class":"","_citadela_half_map_provider":"","_citadela_half_map_theme":"","_citadela_half_map_themeOSM":"","_citadela_half_map_customTheme":"","_citadela_half_map_dataType":"","_citadela_half_map_dynamicTrack":false,"_citadela_half_map_trackColor":"","_citadela_half_map_trackEndpointsColor":"","_citadela_half_map_filterCategory":"","_citadela_half_map_filterLocation":"","_citadela_half_map_filterFeatured":false,"_citadela_half_map_noDataBehavior":"empty-map","_citadela_half_map_noDataText":"","_citadela_half_map_clusterGridSize":80,"_citadela_header":false,"_citadela_header_over_content":false,"_citadela_header_text_color":"","_citadela_header_logo":[],"_citadela_header_bg_image":[],"_citadela_header_bg_position":[],"_citadela_header_bg_size":"","_citadela_header_bg_repeat":"","_citadela_header_bg_fixed":false,"_citadela_header_bg_color":"","_citadela_header_bg_image_overlay":"","_citadela_header_transparent_bg":false,"_citadela_content_width":"","_citadela_half_layout_position":"","footnotes":""},"class_list":["post-4498","page","type-page","status-publish","hentry"],"_links":{"self":[{"href":"https:\/\/www.ait-themes.club\/it\/wp-json\/wp\/v2\/pages\/4498","targetHints":{"allow":["GET"]}}],"collection":[{"href":"https:\/\/www.ait-themes.club\/it\/wp-json\/wp\/v2\/pages"}],"about":[{"href":"https:\/\/www.ait-themes.club\/it\/wp-json\/wp\/v2\/types\/page"}],"author":[{"embeddable":true,"href":"https:\/\/www.ait-themes.club\/it\/wp-json\/wp\/v2\/users\/1"}],"replies":[{"embeddable":true,"href":"https:\/\/www.ait-themes.club\/it\/wp-json\/wp\/v2\/comments?post=4498"}],"version-history":[{"count":45,"href":"https:\/\/www.ait-themes.club\/it\/wp-json\/wp\/v2\/pages\/4498\/revisions"}],"predecessor-version":[{"id":97111,"href":"https:\/\/www.ait-themes.club\/it\/wp-json\/wp\/v2\/pages\/4498\/revisions\/97111"}],"wp:attachment":[{"href":"https:\/\/www.ait-themes.club\/it\/wp-json\/wp\/v2\/media?parent=4498"}],"curies":[{"name":"wp","href":"https:\/\/api.w.org\/{rel}","templated":true}]}}