{"id":1060,"date":"2019-11-21T17:14:02","date_gmt":"2019-11-21T17:14:02","guid":{"rendered":"https:\/\/www.ait-themes.club\/?page_id=1060"},"modified":"2024-08-29T12:17:34","modified_gmt":"2024-08-29T10:17:34","slug":"citadela-plugins","status":"publish","type":"page","link":"https:\/\/www.ait-themes.club\/it\/plug-in-citadela\/","title":{"rendered":"Plugin CitadelaWP"},"content":{"rendered":"<div class=\"wp-block-citadela-blocks-custom-container citadela-block-custom-container responsive-options loading-image size-wide bg-type-image inside-space-none bg-size-full-horizontal has-bg has-overlay\" style=\"background-image:linear-gradient(350deg, rgba(209, 211, 232, 1) 0%, rgba(230, 235, 245, 1) 100%)\" data-block-attr=\"{&quot;backgroundImage&quot;:&quot;url(https:\/\/www.ait-themes.club\/wp-content\/uploads\/2021\/10\/header-plugins-small-min.png), linear-gradient(350deg, rgba(209, 211, 232, 1) 0%, rgba(230, 235, 245, 1) 100%)&quot;}\" data-block-mobile-breakpoint=\"600\"><div class=\"bg-image-wrapper\" style=\"background-image:url(https:\/\/www.ait-themes.club\/wp-content\/uploads\/2021\/10\/header-plugins-min.png);background-repeat:no-repeat;background-position:50% 100%\"><\/div><div class=\"bg-image-overlay\" style=\"opacity:0.5\"><\/div><div class=\"inner-holder\" style=\"max-width:1300px\">\n<div class=\"wp-block-citadela-blocks-spacer citadela-block-spacer responsive-options loading\" data-block-attr=\"{&quot;desktop&quot;:{&quot;height&quot;:&quot;72px&quot;},&quot;mobile&quot;:{&quot;height&quot;:&quot;28px&quot;}}\" data-block-mobile-breakpoint=\"600\"><div class=\"inner-holder\" style=\"padding-top:72px\"><\/div><\/div>\n\n\n\n<div class=\"wp-block-columns is-layout-flex wp-container-core-columns-is-layout-9d6595d7 wp-block-columns-is-layout-flex\">\n<div class=\"wp-block-column is-layout-flow wp-block-column-is-layout-flow\" style=\"flex-basis:60%\">\n<div class=\"wp-block-citadela-blocks-custom-container citadela-block-custom-container size-wide bg-type-none inside-space-small\"><div class=\"inner-holder\">\n<div class=\"wp-block-citadela-blocks-spacer citadela-block-spacer negative-height\"><div class=\"inner-holder\" style=\"margin-top:-20px\"><\/div><\/div>\n\n\n\n<div class=\"wp-block-citadela-blocks-spacer citadela-block-spacer responsive-options loading\" data-block-attr=\"{&quot;desktop&quot;:{&quot;height&quot;:&quot;11%&quot;},&quot;mobile&quot;:{&quot;height&quot;:&quot;3.5vw&quot;}}\" data-block-mobile-breakpoint=\"1920\"><div class=\"inner-holder\" style=\"padding-top:11%\"><\/div><\/div>\n\n\n         <div \r\n            class=\"citadela-block-responsive-text weight-700 align-left responsive-options loading\"\r\n            data-block-mobile-attr=\"{&quot;desktop&quot;:{&quot;fontSize&quot;:&quot;3.5vw&quot;,&quot;lineHeight&quot;:1.1},&quot;mobile&quot;:{&quot;fontSize&quot;:&quot;50px&quot;,&quot;lineHeight&quot;:1.1}}\"            data-block-mobile-breakpoint=\"1410\"         >\r\n            <h1 class=\"inner-tag\" style=\"font-size: 3.5vw; font-weight: 700; line-height: 1.1; color: #1d2a63;\">Plugin CitadelaWP<\/h1>         <\/div>\r\n      \n\n\n<div class=\"wp-block-columns is-layout-flex wp-container-core-columns-is-layout-9d6595d7 wp-block-columns-is-layout-flex\">\n<div class=\"wp-block-column is-layout-flow wp-block-column-is-layout-flow\" style=\"flex-basis:465px\">         <div \r\n            class=\"citadela-block-responsive-text align-left responsive-options loading\"\r\n            data-block-mobile-attr=\"{&quot;desktop&quot;:{&quot;fontSize&quot;:&quot;1.5vw&quot;},&quot;mobile&quot;:{&quot;fontSize&quot;:&quot;20px&quot;}}\"            data-block-mobile-breakpoint=\"1200\"         >\r\n            <p class=\"inner-tag\" style=\"font-size: 1.5vw; color: #28396f;\">Plugin WordPress premium basati su blocchi per Gutenberg <\/p>         <\/div>\r\n      <\/div>\n<\/div>\n\n\n\n<div class=\"wp-block-citadela-blocks-custom-container citadela-block-custom-container size-wide bg-type-none inside-space-large has-shadow\" style=\"box-shadow:inset 5px 0px 0px 0px rgba(6, 147, 227, 1)\"><div class=\"inner-holder\">\n<div class=\"wp-block-citadela-blocks-spacer citadela-block-spacer negative-height responsive-options loading\" data-block-attr=\"{&quot;desktop&quot;:{&quot;height&quot;:&quot;-47px&quot;,&quot;negative&quot;:true},&quot;mobile&quot;:{&quot;height&quot;:&quot;-27px&quot;,&quot;negative&quot;:true}}\" data-block-mobile-breakpoint=\"400\"><div class=\"inner-holder\" style=\"margin-top:-47px\"><\/div><\/div>\n\n\n         <div \r\n            class=\"citadela-block-responsive-text align-left no-margins responsive-options loading\"\r\n            data-block-mobile-attr=\"{&quot;desktop&quot;:{&quot;fontSize&quot;:&quot;18px&quot;,&quot;lineHeight&quot;:1.65},&quot;mobile&quot;:{&quot;fontSize&quot;:&quot;16px&quot;,&quot;lineHeight&quot;:1.65}}\"            data-block-mobile-breakpoint=\"600\"         >\r\n            <p class=\"inner-tag\" style=\"font-size: 18px; line-height: 1.65; color: #28396f;\">I plugin Citadela sono plugin WordPress premium che estendono le funzionalit\u00e0 del tuo sito web Citadela. Questi sono plug-in WP che aggiungono nuovi blocchi WordPress, funzionalit\u00e0 front-end e back-end. Usandoli, puoi facilmente modificare l&#039;aspetto del tuo sito web. Inoltre, puoi personalizzare il design e riorganizzare gli elementi (blocchi) su ogni pagina. Di conseguenza, puoi creare un sito molto migliore e pi\u00f9 utile per i tuoi visitatori web. <\/p>         <\/div>\r\n      \n\n\n<div class=\"wp-block-citadela-blocks-spacer citadela-block-spacer negative-height responsive-options loading\" data-block-attr=\"{&quot;desktop&quot;:{&quot;height&quot;:&quot;-45px&quot;,&quot;negative&quot;:true},&quot;mobile&quot;:{&quot;height&quot;:&quot;-25px&quot;,&quot;negative&quot;:true}}\" data-block-mobile-breakpoint=\"400\"><div class=\"inner-holder\" style=\"margin-top:-45px\"><\/div><\/div>\n<\/div><\/div>\n\n\n\n<div class=\"wp-block-citadela-blocks-spacer citadela-block-spacer responsive-options loading\" data-block-attr=\"{&quot;desktop&quot;:{&quot;height&quot;:&quot;25%&quot;},&quot;mobile&quot;:{&quot;height&quot;:&quot;8vw&quot;}}\" data-block-mobile-breakpoint=\"1920\"><div class=\"inner-holder\" style=\"padding-top:25%\"><\/div><\/div>\n<\/div><\/div>\n<\/div>\n\n\n\n<div class=\"wp-block-column is-layout-flow wp-block-column-is-layout-flow\">\n<div class=\"wp-block-citadela-blocks-spacer citadela-block-spacer responsive-options loading\" data-block-attr=\"{&quot;desktop&quot;:{&quot;height&quot;:&quot;400px&quot;},&quot;mobile&quot;:{&quot;height&quot;:&quot;58vw&quot;}}\" data-block-mobile-breakpoint=\"600\"><div class=\"inner-holder\" style=\"padding-top:400px\"><\/div><\/div>\n<\/div>\n<\/div>\n\n\n\n<div class=\"wp-block-citadela-blocks-spacer citadela-block-spacer negative-height\"><div class=\"inner-holder\" style=\"margin-top:-1.75em\"><\/div><\/div>\n\n\n\n<div class=\"wp-block-citadela-blocks-spacer citadela-block-spacer\"><div class=\"inner-holder\" style=\"padding-top:70px\"><\/div><\/div>\n<\/div><\/div>\n\n\n\n<div class=\"wp-block-citadela-blocks-spacer citadela-block-spacer negative-height\"><div class=\"inner-holder\" style=\"margin-top:-70px\"><\/div><\/div>\n\n\n\n<div class=\"wp-block-columns alignwide is-layout-flex wp-container-core-columns-is-layout-9d6595d7 wp-block-columns-is-layout-flex\">\n<div class=\"wp-block-column is-layout-flow wp-block-column-is-layout-flow\">\n<div class=\"wp-block-citadela-blocks-custom-container citadela-block-custom-container size-wide bg-type-gradient inside-space-large has-bg has-border-radius\" style=\"background-image:linear-gradient(355deg, rgba(116, 70, 172, 1) 0%, rgba(122, 92, 207, 1) 100%);border-radius:6px\"><div class=\"inner-holder\">\n<figure class=\"wp-block-image size-medium is-resized\"><a href=\"https:\/\/www.ait-themes.club\/it\/plug-in-citadela\/citadela-pro\/\"><img loading=\"lazy\" decoding=\"async\" width=\"300\" height=\"280\" src=\"https:\/\/www.ait-themes.club\/wp-content\/uploads\/2021\/08\/plugin-pro-header-min-300x280.png\" alt=\"Plug-in Citadela PRO\" class=\"wp-image-90347\" style=\"width:200px\" srcset=\"https:\/\/www.ait-themes.club\/wp-content\/uploads\/2021\/08\/plugin-pro-header-min-300x280.png 300w, https:\/\/www.ait-themes.club\/wp-content\/uploads\/2021\/08\/plugin-pro-header-min.png 740w\" sizes=\"auto, (max-width: 300px) 100vw, 300px\" \/><\/a><\/figure>\n\n\n\n<div class=\"wp-block-citadela-blocks-custom-container citadela-block-custom-container size-content bg-type-none inside-space-small\"><div class=\"inner-holder\">\n<div class=\"wp-block-group max-710 content-right\"><div class=\"wp-block-group__inner-container is-layout-flow wp-block-group-is-layout-flow\">         <div \r\n            class=\"citadela-block-responsive-text weight-900 align-left no-margins\"\r\n                                 >\r\n            <h2 class=\"inner-tag\" style=\"font-size: 34px; font-weight: 900; line-height: 1.1; color: #ffffff;\"><a href=\"https:\/\/www.ait-themes.club\/it\/plug-in-citadela\/citadela-pro\/\">CITADELAWP PRO<\/a><\/h2>         <\/div>\r\n      \n\n\n<div class=\"wp-block-citadela-blocks-spacer citadela-block-spacer\"><div class=\"inner-holder\" style=\"padding-top:10px\"><\/div><\/div>\n\n\n\n<div class=\"wp-block-citadela-blocks-custom-container citadela-block-custom-container size-content bg-type-none inside-space-zero has-min-height vertical-align-top\" style=\"min-height:40px\"><div class=\"inner-holder\">         <div \r\n            class=\"citadela-block-responsive-text weight-400 align-left no-margins\"\r\n                                 >\r\n            <p class=\"inner-tag\" style=\"font-size: 16px; font-weight: 400; line-height: 1.2; letter-spacing: 0.2em; color: #ffffff;\">PLUGIN DI PERSONALIZZAZIONE PER CITADELA<\/p>         <\/div>\r\n      <\/div><\/div>\n\n\n\n<div class=\"wp-block-citadela-blocks-spacer citadela-block-spacer\"><div class=\"inner-holder\" style=\"padding-top:30px\"><\/div><\/div>\n\n\n\n<div class=\"wp-block-citadela-blocks-custom-container citadela-block-custom-container size-content bg-type-none inside-space-zero has-min-height vertical-align-top\" style=\"min-height:220px\"><div class=\"inner-holder\">\n<p class=\"has-text-align-left has-text-color\" style=\"color:#ffffff\">Il plugin Citadela PRO \u00e8 un plugin di personalizzazione. Ti consente di modificare il layout, i colori e i caratteri del tuo sito web. \u00c8 stato realizzato esclusivamente per il tema WordPress Citadela e i plugin Citadela. Inoltre, ti consente di adattare il layout visivo del tuo sito Web alle tue esigenze e preferenze. Il plugin include anche blocchi Gutenberg nuovi e unici.<\/p>\n\n\n\n<ul class=\"wp-block-list has-white-color has-text-color\">\n<li>Pacchetti di layout per principianti pronti all&#039;uso<\/li>\n\n\n\n<li>Facile esportatore di layout<\/li>\n\n\n\n<li>Personalizza caratteri, colori, intestazioni e altro<\/li>\n\n\n\n<li>Blocchi Gutenberg unici e personalizzati<\/li>\n\n\n\n<li>Ideale per siti Web aziendali, Web personali e blog<\/li>\n\n\n\n<li>Molte opzioni visive e reattive<\/li>\n<\/ul>\n<\/div><\/div>\n\n\n\n<div class=\"wp-block-citadela-blocks-spacer citadela-block-spacer\"><div class=\"inner-holder\" style=\"padding-top:20px\"><\/div><\/div>\n\n\n\n<div class=\"wp-block-buttons is-layout-flex wp-block-buttons-is-layout-flex\">\n<div class=\"wp-block-button\"><a class=\"wp-block-button__link has-background wp-element-button\" href=\"https:\/\/www.ait-themes.club\/it\/plug-in-citadela\/citadela-pro\/\" style=\"background-color:#2e1848\">Per saperne di pi\u00f9 su CitadelaWP Pro<\/a><\/div>\n<\/div>\n\n\n\n<div class=\"wp-block-citadela-blocks-spacer citadela-block-spacer\"><div class=\"inner-holder\" style=\"padding-top:20px\"><\/div><\/div>\n<\/div><\/div>\n<\/div><\/div>\n<\/div><\/div>\n\n\n\n<div class=\"wp-block-citadela-blocks-spacer citadela-block-spacer\"><div class=\"inner-holder\" style=\"padding-top:20px\"><\/div><\/div>\n<\/div>\n\n\n\n<div class=\"wp-block-column is-layout-flow wp-block-column-is-layout-flow\">\n<div class=\"wp-block-citadela-blocks-custom-container citadela-block-custom-container size-wide bg-type-gradient inside-space-large has-bg has-border-radius\" style=\"background-image:linear-gradient(355deg, rgba(193, 37, 83, 1) 0%, rgba(210, 63, 129, 1) 100%);border-radius:6px\"><div class=\"inner-holder\">\n<figure class=\"wp-block-image size-medium is-resized\"><a href=\"https:\/\/www.ait-themes.club\/it\/plug-in-citadela\/citadela-listing\/\"><img loading=\"lazy\" decoding=\"async\" width=\"300\" height=\"280\" src=\"https:\/\/www.ait-themes.club\/wp-content\/uploads\/2021\/08\/plugin-directory-header-min-300x280.png\" alt=\"plug-in Citadela Listing\" class=\"wp-image-90369\" style=\"width:200px\" srcset=\"https:\/\/www.ait-themes.club\/wp-content\/uploads\/2021\/08\/plugin-directory-header-min-300x280.png 300w, https:\/\/www.ait-themes.club\/wp-content\/uploads\/2021\/08\/plugin-directory-header-min.png 740w\" sizes=\"auto, (max-width: 300px) 100vw, 300px\" \/><\/a><\/figure>\n\n\n\n<div class=\"wp-block-citadela-blocks-custom-container citadela-block-custom-container size-content bg-type-none inside-space-small\"><div class=\"inner-holder\">\n<div class=\"wp-block-group max-710 content-right\"><div class=\"wp-block-group__inner-container is-layout-flow wp-block-group-is-layout-flow\">         <div \r\n            class=\"citadela-block-responsive-text weight-900 align-left no-margins\"\r\n                                 >\r\n            <h2 class=\"inner-tag\" style=\"font-size: 34px; font-weight: 900; line-height: 1.1; color: #ffffff;\"><a href=\"https:\/\/www.ait-themes.club\/it\/plug-in-citadela\/citadela-listing\/\">ELENCO CITADELAWP<\/a><\/h2>         <\/div>\r\n      \n\n\n<div class=\"wp-block-citadela-blocks-spacer citadela-block-spacer\"><div class=\"inner-holder\" style=\"padding-top:10px\"><\/div><\/div>\n\n\n\n<div class=\"wp-block-citadela-blocks-custom-container citadela-block-custom-container size-content bg-type-none inside-space-zero has-min-height vertical-align-top\" style=\"min-height:40px\"><div class=\"inner-holder\">         <div \r\n            class=\"citadela-block-responsive-text weight-400 align-left no-margins\"\r\n                                 >\r\n            <p class=\"inner-tag\" style=\"font-size: 16px; font-weight: 400; line-height: 1.2; letter-spacing: 0.2em; color: #ffffff;\">ELENCO PER WORDPRESS DELLA RUBRICA<\/p>         <\/div>\r\n      <\/div><\/div>\n\n\n\n<div class=\"wp-block-citadela-blocks-spacer citadela-block-spacer\"><div class=\"inner-holder\" style=\"padding-top:30px\"><\/div><\/div>\n\n\n\n<div class=\"wp-block-citadela-blocks-custom-container citadela-block-custom-container size-content bg-type-none inside-space-zero has-min-height vertical-align-top\" style=\"min-height:220px\"><div class=\"inner-holder\">\n<p class=\"has-text-align-left has-text-color\" style=\"color:#ffffff\">Il plugin Citadela Listing \u00e8 piuttosto unico e speciale. Apre una visione completamente nuova sulla pubblicazione di contenuti preziosi e di alta qualit\u00e0 sul tuo sito web. Il plug-in Citadela Listing aggiunge funzionalit\u00e0 di directory a qualsiasi sito Web ed \u00e8 compatibile con il tema Citadela e i temi WP pi\u00f9 moderni. <\/p>\n\n\n\n<ul class=\"wp-block-list has-white-color has-text-color\">\n<li>Trasforma qualsiasi sito Web in una directory di elenchi in pochissimo tempo<\/li>\n\n\n\n<li>Funzionalit\u00e0 di abbonamento inclusa<\/li>\n\n\n\n<li>Funzione paywall inclusa<\/li>\n\n\n\n<li>Funzione GPX inclusa<\/li>\n\n\n\n<li>I post del blog sulla funzione mappa sono inclusi<\/li>\n\n\n\n<li>Facile integrazione con WooCommerce<\/li>\n\n\n\n<li>Integrazione con OpenStreet Maps o Google Maps<\/li>\n<\/ul>\n<\/div><\/div>\n\n\n\n<div class=\"wp-block-citadela-blocks-spacer citadela-block-spacer\"><div class=\"inner-holder\" style=\"padding-top:20px\"><\/div><\/div>\n\n\n\n<div class=\"wp-block-buttons is-layout-flex wp-block-buttons-is-layout-flex\">\n<div class=\"wp-block-button\"><a class=\"wp-block-button__link has-background wp-element-button\" href=\"https:\/\/www.ait-themes.club\/it\/plug-in-citadela\/citadela-listing\/\" style=\"background-color:#3b0b1f\">Per saperne di pi\u00f9 su CitadelaWP Listing<\/a><\/div>\n<\/div>\n\n\n\n<div class=\"wp-block-citadela-blocks-spacer citadela-block-spacer\"><div class=\"inner-holder\" style=\"padding-top:20px\"><\/div><\/div>\n<\/div><\/div>\n<\/div><\/div>\n<\/div><\/div>\n\n\n\n<div class=\"wp-block-citadela-blocks-spacer citadela-block-spacer\"><div class=\"inner-holder\" style=\"padding-top:20px\"><\/div><\/div>\n<\/div>\n<\/div>\n\n\n\n<div class=\"wp-block-citadela-blocks-spacer citadela-block-spacer\"><div class=\"inner-holder\" style=\"padding-top:10%\"><\/div><\/div>\n\n\n\n<div class=\"wp-block-citadela-blocks-custom-container citadela-block-custom-container size-fullwidth bg-type-color inside-space-none has-bg\" style=\"background-color:rgba(241, 244, 246, 1)\"><div class=\"inner-holder\">\n<div class=\"wp-block-citadela-blocks-spacer citadela-block-spacer\"><div class=\"inner-holder\" style=\"padding-top:5%\"><\/div><\/div>\n\n\n\n<div class=\"wp-block-media-text alignfull has-media-on-the-right is-stacked-on-mobile\"><div class=\"wp-block-media-text__content\">\n<h2 class=\"wp-block-heading has-text-align-right\" id=\"variability-of-citadela-plugins\"><strong> Variabilit\u00e0 dei plugin CitadelaWP <\/strong><\/h2>\n\n\n\n<p class=\"has-text-align-right has-medium-font-size\">Il plugin Citadela Pro funziona solo con il nostro tema WordPress Citadela. Altri plugin Citadela, tuttavia, funzionano con qualsiasi tema moderno creato per i blocchi. Se, ad esempio, desideri utilizzare Citadela Listing sul tuo sito Web esistente senza passare al tema Citadela, installa il plug-in e inizia a utilizzarlo.<\/p>\n<\/div><figure class=\"wp-block-media-text__media\"><img loading=\"lazy\" decoding=\"async\" width=\"1024\" height=\"600\" src=\"https:\/\/www.ait-themes.club\/wp-content\/uploads\/2021\/12\/citadela-variability2-min-1024x600.png\" alt=\"\" class=\"wp-image-92370 size-full\" srcset=\"https:\/\/www.ait-themes.club\/wp-content\/uploads\/2021\/12\/citadela-variability2-min-1024x600.png 1024w, https:\/\/www.ait-themes.club\/wp-content\/uploads\/2021\/12\/citadela-variability2-min-300x176.png 300w, https:\/\/www.ait-themes.club\/wp-content\/uploads\/2021\/12\/citadela-variability2-min-768x450.png 768w, https:\/\/www.ait-themes.club\/wp-content\/uploads\/2021\/12\/citadela-variability2-min.png 1100w\" sizes=\"auto, (max-width: 1024px) 100vw, 1024px\" \/><\/figure><\/div>\n\n\n\n<div class=\"wp-block-citadela-blocks-spacer citadela-block-spacer\"><div class=\"inner-holder\" style=\"padding-top:7%\"><\/div><\/div>\n<\/div><\/div>\n\n\n\n<div class=\"wp-block-citadela-blocks-custom-container citadela-block-custom-container size-wide bg-type-color inside-space-none has-bg has-min-height vertical-align-center\" style=\"min-height:24vw;background-color:rgba(127, 164, 255, 1)\"><div class=\"inner-holder\">\n<div class=\"wp-block-citadela-blocks-spacer citadela-block-spacer\"><div class=\"inner-holder\" style=\"padding-top:20px\"><\/div><\/div>\n\n\n<div class=\"wp-block-image\">\n<figure class=\"aligncenter size-full\"><img loading=\"lazy\" decoding=\"async\" width=\"100\" height=\"100\" src=\"https:\/\/www.ait-themes.club\/wp-content\/uploads\/2022\/06\/translation.png\" alt=\"\" class=\"wp-image-93715\"\/><\/figure>\n<\/div>\n\n         <div \r\n            class=\"citadela-block-responsive-text weight-800 align-center\"\r\n                                 >\r\n            <h2 class=\"inner-tag\" style=\"font-weight: 800; color: #ffffff;\"><strong>Traduzioni linguistiche incluse nel pacchetto CitadelaWP:<\/strong><\/h2>         <\/div>\r\n      \n\n\n<div class=\"wp-block-citadela-blocks-spacer citadela-block-spacer\"><div class=\"inner-holder\" style=\"padding-top:20px\"><\/div><\/div>\n\n\n\n<p class=\"has-text-align-center has-white-color has-text-color\">Afrikaans, albanese, amarico, arabo, arabo (Egitto), arabo (Marocco), armeno, assamese, azero, bielorusso, bengalese (Bangladesh), bosniaco, bulgaro, catalano, cinese (Cina), cinese (Hong Kong), cinese ( Singapore), cinese (Taiwan), croato, ceco, danese, olandese, olandese (Belgio), inglese (USA), esperanto, estone, finlandese, francese (Canada), francese (Francia), galiziano, georgiano, tedesco, greco ( Grecia), ebraico, ebraico (Israele), hindi, ungherese, islandese, indonesiano, italiano, giapponese, coreano, lettone, lituano, macedone, malese, mongolo, arabo marocchino, norvegese (Bokm\u00e5l), persiano, polacco, portoghese (Angola) , portoghese (Brasile), portoghese (Portogallo), rumeno, russo, saraiki, serbo, sindhi, slovacco, sloveno, azero meridionale, spagnolo (Argentina), spagnolo (Colombia), spagnolo (Costa Rica), spagnolo (Repubblica Dominicana), Spagnolo (Ecuador), spagnolo (Guatemala), spagnolo (Cile), spagnolo (Messico), spagnolo (Per\u00f9), spagnolo (Porto Rico), spagnolo (Spagna), spagnolo (Uruguay), spagnolo (Venezuela), svedese, tailandese ( Thailandia), turco, ucraino, vietnamita<\/p>\n\n\n\n<div class=\"wp-block-citadela-blocks-spacer citadela-block-spacer\"><div class=\"inner-holder\" style=\"padding-top:20px\"><\/div><\/div>\n\n\n         <div \r\n            class=\"citadela-block-responsive-text weight-900 align-center responsive-options loading\"\r\n            data-block-mobile-attr=\"{&quot;desktop&quot;:{&quot;fontSize&quot;:&quot;3vw&quot;},&quot;mobile&quot;:{&quot;fontSize&quot;:&quot;40px&quot;}}\"            data-block-mobile-breakpoint=\"980\"         >\r\n            <p class=\"inner-tag\" style=\"font-size: 3vw; font-weight: 900; color: #5769b3;\">83 traduzioni linguistiche incluse<\/p>         <\/div>\r\n      \n\n\n<div class=\"wp-block-citadela-blocks-spacer citadela-block-spacer\"><div class=\"inner-holder\" style=\"padding-top:20px\"><\/div><\/div>\n<\/div><\/div>","protected":false},"excerpt":{"rendered":"","protected":false},"author":1,"featured_media":0,"parent":0,"menu_order":0,"comment_status":"closed","ping_status":"closed","template":"","meta":{"_eb_attr":"","_citadela_hide_page_title":"1","_citadela_remove_header_space":"1","_citadela_custom_class":"","_citadela_half_map_provider":"","_citadela_half_map_theme":"","_citadela_half_map_themeOSM":"","_citadela_half_map_customTheme":"","_citadela_half_map_dataType":"","_citadela_half_map_dynamicTrack":false,"_citadela_half_map_trackColor":"","_citadela_half_map_trackEndpointsColor":"","_citadela_half_map_filterCategory":"","_citadela_half_map_filterLocation":"","_citadela_half_map_filterFeatured":false,"_citadela_half_map_noDataBehavior":"empty-map","_citadela_half_map_noDataText":"","_citadela_half_map_clusterGridSize":80,"_citadela_header":true,"_citadela_header_over_content":true,"_citadela_header_text_color":"rgba(29, 42, 99, 1)","_citadela_header_logo":{"id":91584,"url":"https:\/\/www.ait-themes.club\/wp-content\/uploads\/2021\/10\/ait-logo-300-blue-darkblue-min.png","size":{"width":300,"height":61}},"_citadela_header_bg_image":[],"_citadela_header_bg_position":{"x":0.5,"y":0.5},"_citadela_header_bg_size":"cover","_citadela_header_bg_repeat":"no-repeat","_citadela_header_bg_fixed":false,"_citadela_header_bg_color":"","_citadela_header_bg_image_overlay":"","_citadela_header_transparent_bg":true,"_citadela_content_width":"","_citadela_half_layout_position":"","footnotes":""},"class_list":["post-1060","page","type-page","status-publish","hentry"],"_links":{"self":[{"href":"https:\/\/www.ait-themes.club\/it\/wp-json\/wp\/v2\/pages\/1060","targetHints":{"allow":["GET"]}}],"collection":[{"href":"https:\/\/www.ait-themes.club\/it\/wp-json\/wp\/v2\/pages"}],"about":[{"href":"https:\/\/www.ait-themes.club\/it\/wp-json\/wp\/v2\/types\/page"}],"author":[{"embeddable":true,"href":"https:\/\/www.ait-themes.club\/it\/wp-json\/wp\/v2\/users\/1"}],"replies":[{"embeddable":true,"href":"https:\/\/www.ait-themes.club\/it\/wp-json\/wp\/v2\/comments?post=1060"}],"version-history":[{"count":24,"href":"https:\/\/www.ait-themes.club\/it\/wp-json\/wp\/v2\/pages\/1060\/revisions"}],"predecessor-version":[{"id":96369,"href":"https:\/\/www.ait-themes.club\/it\/wp-json\/wp\/v2\/pages\/1060\/revisions\/96369"}],"wp:attachment":[{"href":"https:\/\/www.ait-themes.club\/it\/wp-json\/wp\/v2\/media?parent=1060"}],"curies":[{"name":"wp","href":"https:\/\/api.w.org\/{rel}","templated":true}]}}