{"id":4504,"date":"2021-07-09T11:51:48","date_gmt":"2021-07-09T11:51:48","guid":{"rendered":"https:\/\/www.ait-themes.club\/?page_id=4504"},"modified":"2025-01-22T11:23:54","modified_gmt":"2025-01-22T10:23:54","slug":"privacy-policy","status":"publish","type":"page","link":"https:\/\/www.ait-themes.club\/fr\/politique-de-confidentialite\/","title":{"rendered":"politique de confidentialit\u00e9"},"content":{"rendered":"<p>AitThemes (\u201cAitthemes\u201d, \u201cwe\u201d or \u201cus\u201d), respects your privacy and treats all your personal information accordingly.<\/p>\n\n\n\n<p>Cette politique de confidentialit\u00e9 vous explique comment nous collectons, utilisons et traitons autrement vos informations personnelles. Nous ne collectons que le minimum d&#039;informations personnelles n\u00e9cessaires pour atteindre l&#039;objectif de votre interaction avec nous ; nous ne le vendons pas \u00e0 des tiers\u00a0; et nous l&#039;utilisons uniquement comme d\u00e9crit dans cette politique de confidentialit\u00e9.<\/p>\n\n\n\n<h2 class=\"wp-block-heading\">Responsable du traitement<\/h2>\n\n\n\n<p>AitThemes is data controller of your personal information.<\/p>\n\n\n\n<p>Si vous avez des questions concernant cette politique de confidentialit\u00e9 ou avec tout aspect de notre traitement de vos informations personnelles, n&#039;h\u00e9sitez pas \u00e0 nous contacter.<\/p>\n\n\n\n<h2 class=\"wp-block-heading\">Quelles informations nous recueillons \u00e0 votre sujet et comment nous les obtenons<\/h2>\n\n\n\n<p>Nous recueillons des informations vous concernant des mani\u00e8res suivantes :<\/p>\n\n\n\n<ul class=\"wp-block-list\">\n<li>par votre utilisation de notre site Web,<\/li>\n\n\n\n<li>lorsque vous nous contactez pour demander des informations sur nos produits ou services via nos formulaires de demande en ligne,<\/li>\n\n\n\n<li>lorsque vous cr\u00e9ez un compte,<\/li>\n\n\n\n<li>lorsque vous laissez des commentaires sur nos sites Web.<\/li>\n<\/ul>\n\n\n\n<p>Nous collectons les informations personnelles suivantes vous concernant :<\/p>\n\n\n\n<ul class=\"wp-block-list\">\n<li>adresse e-mail,<\/li>\n\n\n\n<li>nom de l&#039;entreprise, adresse de l&#039;entreprise, num\u00e9ro d&#039;enregistrement \u00e0 la TVA, num\u00e9ro d&#039;enregistrement de l&#039;entreprise (lorsque vous vous inscrivez en tant qu&#039;entreprise),<\/li>\n\n\n\n<li>informations relatives au paiement, mais nous ne collectons ni ne traitons aucun d\u00e9tail sur vos cartes de cr\u00e9dit,<\/li>\n\n\n\n<li>des informations techniques provenant de vos visites sur nos sites Web ou applications ou de l&#039;utilisation de nos services ou en relation avec les documents et communications que nous vous envoyons par voie \u00e9lectronique et<\/li>\n\n\n\n<li>toute autre information vous concernant que vous nous fournirez (par exemple \u00e0 partir du contenu que vous mettez sur nos sites Web).<\/li>\n<\/ul>\n\n\n\n<p>Les informations d&#039;utilisation du site Web sont collect\u00e9es \u00e0 l&#039;aide de cookies. Les cookies sont des fichiers texte plac\u00e9s sur votre ordinateur pour collecter des informations de connexion Internet standard et des informations sur votre comportement. Ces informations sont ensuite utilis\u00e9es pour suivre votre utilisation du site Web et pour cr\u00e9er des rapports statistiques sur l&#039;activit\u00e9 du site Web.&nbsp;<\/p>\n\n\n\n<p>Vous pouvez configurer votre navigateur pour qu&#039;il n&#039;accepte pas les cookies et les sites Web ci-dessus vous indiquent comment supprimer les cookies de votre navigateur. Veuillez noter que dans quelques cas, certaines fonctionnalit\u00e9s de notre site Web peuvent ne pas fonctionner \u00e0 cause de cela. Des informations plus sp\u00e9cifiques sur les cookies que nous utilisons, vous pouvez trouver<a href=\"https:\/\/www.ait-themes.club\/fr\/biscuits\/\">&nbsp;ici.<\/a><\/p>\n\n\n\n<h2 class=\"wp-block-heading\">Finalit\u00e9s et bases l\u00e9gales du traitement de vos informations personnelles<\/h2>\n\n\n\n<p>Nous traitons vos informations personnelles aux fins suivantes :<\/p>\n\n\n\n<ul class=\"wp-block-list\">\n<li>pour vous fournir nos services et produits,<\/li>\n\n\n\n<li>pour am\u00e9liorer nos services et produits et leurs performances, y compris en cr\u00e9er de nouveaux,<\/li>\n\n\n\n<li>fournir et am\u00e9liorer nos sites Web,<\/li>\n\n\n\n<li>pour r\u00e9pondre \u00e0 vos questions ou pour vous contacter par e-mail pour traiter ou r\u00e9pondre \u00e0 vos besoins, pour vous fournir un service client, des mises \u00e0 jour et d&#039;autres informations pertinentes pour nos services \u00e9galement,<\/li>\n\n\n\n<li>mener des enqu\u00eates,<\/li>\n\n\n\n<li>pour promouvoir nos services et produits et \u00e0 des fins de marketing,<\/li>\n\n\n\n<li>exercer et d\u00e9fendre nos droits l\u00e9gaux et nous conformer \u00e0 toutes les obligations l\u00e9gales ou r\u00e9glementaires en vertu de la loi applicable,<\/li>\n\n\n\n<li>pour d\u00e9tecter, pr\u00e9venir ou enqu\u00eater sur des activit\u00e9s ill\u00e9gales telles que la fraude, la fraude par ing\u00e9nierie sociale ou d&#039;autres crimes.<\/li>\n<\/ul>\n\n\n\n<p>Nous ne traiterons vos informations personnelles que si nous disposons d&#039;une base l\u00e9gale pour le faire. La base juridique d\u00e9pendra des finalit\u00e9s que nous avons collect\u00e9es et pour lesquelles nous devons utiliser vos informations personnelles.<\/p>\n\n\n\n<p>Nous traitons vos informations personnelles sur la base d&#039;une ou plusieurs bases l\u00e9gales suivantes\u00a0:<\/p>\n\n\n\n<ul class=\"wp-block-list\">\n<li>l&#039;ex\u00e9cution de tout contrat conclu entre vous et nous et les obligations de celui-ci ou de prendre des mesures avant de conclure un tel contrat,<\/li>\n\n\n\n<li>le respect d&#039;une obligation l\u00e9gale,<\/li>\n\n\n\n<li>nous avons un int\u00e9r\u00eat l\u00e9gitime \u00e0 effectuer le traitement de vos informations personnelles dans le but de d\u00e9velopper notre activit\u00e9, commercialiser, fournir et am\u00e9liorer nos sites et services, remplir nos obligations r\u00e9glementaires, vous contacter sous r\u00e9serve de la loi applicable, exercer et d\u00e9fendre nos droits l\u00e9gaux, assurer notre s\u00e9curit\u00e9 physique et \u00e9lectronique et prot\u00e9ger nos biens (le tout dans la mesure o\u00f9 nos int\u00e9r\u00eats l\u00e9gitimes ne pr\u00e9valent pas dans des cas particuliers sur vos int\u00e9r\u00eats, libert\u00e9s et droits fondamentaux),<\/li>\n\n\n\n<li>votre consentement pr\u00e9alable.<\/li>\n<\/ul>\n\n\n\n<h2 class=\"wp-block-heading\">Combien de temps conservons-nous vos informations personnelles<\/h2>\n\n\n\n<p>Nous conservons les informations personnelles que nous recueillons aupr\u00e8s de vous lorsque nous avons un besoin commercial l\u00e9gitime continu de le faire (par exemple, pour vous fournir un service que vous avez demand\u00e9 ou pour nous conformer aux exigences l\u00e9gales, fiscales ou comptables applicables).<\/p>\n\n\n\n<p>Lorsque nous n&#039;avons aucun besoin commercial l\u00e9gitime de traiter vos informations personnelles, nous les supprimerons ou les anonymiserons ou, si cela n&#039;est pas possible (par exemple, parce que vos informations personnelles ont \u00e9t\u00e9 stock\u00e9es dans des archives de sauvegarde), nous stockerons en toute s\u00e9curit\u00e9 vos informations personnelles et les isoler de tout traitement ult\u00e9rieur jusqu&#039;\u00e0 ce que leur suppression soit possible.<\/p>\n\n\n\n<h2 class=\"wp-block-heading\">Comment nous partageons les informations que nous collectons<\/h2>\n\n\n\n<p>Nous ne vendons, ne louons ni ne fournissons autrement vos informations personnelles \u00e0 des tiers \u00e0 des fins de marketing.<\/p>\n\n\n\n<p>Nous ne divulguerons pas vos informations personnelles \u00e0 des tiers sans votre permission, sauf si cela est n\u00e9cessaire pour traiter votre commande, r\u00e9pondre \u00e0 votre demande, remplir nos obligations d\u00e9coulant de tout contrat conclu entre vous et nous et am\u00e9liorer nos services et produits. ou lorsque nous sommes tenus de le faire par la loi.<\/p>\n\n\n\n<p>Nous partageons des informations avec et utilisons\u00a0:<\/p>\n\n\n\n<ul class=\"wp-block-list\">\n<li>Google Analytics pour nous fournir des analyses. Google Analytics utilise des cookies pour collecter des informations non identifiantes. Google propose des options de confidentialit\u00e9 suppl\u00e9mentaires concernant ses cookies Analytics \u00e0 l&#039;adresse&nbsp;<a href=\"http:\/\/www.google.com\/policies\/privacy\/partners\/\" target=\"_blank\" rel=\"noopener\">http:\/\/www.google.com\/policies\/privacy\/partners\/<\/a><\/li>\n\n\n\n<li>Polices Google et biblioth\u00e8ques d&#039;API Google pour nous aider \u00e0 ex\u00e9cuter nos produits. Pour plus d&#039;informations, veuillez consulter&nbsp;&nbsp;<a href=\"https:\/\/policies.google.com\/terms?hl=sk\" target=\"_blank\" rel=\"noopener\">https:\/\/policies.google.com\/terms?hl=sk<\/a><\/li>\n\n\n\n<li>MailChimp pour diffuser notre newsletter. Nous recueillons des statistiques sur l&#039;ouverture des e-mails et les clics \u00e0 l&#039;aide de technologies standard de l&#039;industrie pour nous aider \u00e0 surveiller et \u00e0 am\u00e9liorer notre newsletter \u00e9lectronique. Pour plus d&#039;informations, veuillez consulter&nbsp;<a href=\"https:\/\/mailchimp.com\/legal\/privacy\/\" target=\"_blank\" rel=\"noopener\">https:\/\/mailchimp.com\/legal\/privacy\/<\/a><\/li>\n\n\n\n<li>DigitalOcean pour stocker toutes les informations \u00e9lectroniques que nous collectons. Pour plus d&#039;informations, veuillez consulter&nbsp;<a href=\"https:\/\/www.digitalocean.com\/security\/privacy\/\" target=\"_blank\" rel=\"noopener\">https:\/\/www.digitalocean.com\/security\/privacy\/<\/a><\/li>\n\n\n\n<li>Braintree pour g\u00e9rer votre paiement pour nous. Pour plus d&#039;informations, veuillez consulter&nbsp;<a href=\"https:\/\/www.braintreepayments.com\/en-sk\/legal\/braintree-privacy-policy\" target=\"_blank\" rel=\"noopener\">https:\/\/www.braintreepayments.com\/en-sk\/legal\/braintree-privacy-policy<\/a><\/li>\n\n\n\n<li>Paypal pour g\u00e9rer votre paiement pour nous. Pour plus d&#039;informations, veuillez consulter <a href=\"https:\/\/www.paypal.com\/us\/webapps\/mpp\/ua\/privacy-full\" target=\"_blank\" rel=\"noopener\">https:\/\/www.paypal.com\/us\/webapps\/mpp\/ua\/privacy-full<\/a><\/li>\n\n\n\n<li>Stripe pour g\u00e9rer votre paiement pour nous. Pour plus d&#039;informations, veuillez consulter <a href=\"https:\/\/stripe.com\/en-sk\/privacy\" target=\"_blank\" rel=\"noopener\">https:\/\/stripe.com\/en-sk\/privacy<\/a><\/li>\n\n\n\n<li>TypeForm pour aider \u00e0 am\u00e9liorer. Pour plus d&#039;informations, veuillez consulter&nbsp;<a href=\"https:\/\/www.typeform.com\/\" target=\"_blank\" rel=\"noopener\">https:\/\/www.typeform.com&nbsp;<\/a><\/li>\n\n\n\n<li>WordPress comme syst\u00e8me de gestion de contenu pour nos sites Web. Pour plus d&#039;informations, veuillez consulter&nbsp;<a href=\"https:\/\/wordpress.org\/about\/privacy\/\" target=\"_blank\" rel=\"noopener\">https:\/\/wordpress.org\/about\/privacy\/<\/a><\/li>\n<\/ul>\n\n\n\n<h2 class=\"wp-block-heading\">S\u00e9curit\u00e9<\/h2>\n\n\n\n<p>Toutes les informations que vous nous fournissez sont stock\u00e9es dans les centres de donn\u00e9es s\u00e9curis\u00e9s de DigitalOcean sur des serveurs situ\u00e9s \u00e0 Francfort, en Allemagne. Le DigitalOcean a publi\u00e9 des d\u00e9clarations de s\u00e9curit\u00e9 que vous pouvez trouver au lien suivant :&nbsp;<a href=\"https:\/\/www.digitalocean.com\/security\/\" target=\"_blank\" rel=\"noopener\">https:\/\/www.digitalocean.com\/security\/<\/a>&nbsp;. Malheureusement, la transmission d&#039;informations via Internet n&#039;est pas totalement s\u00e9curis\u00e9e. Bien que nous fassions de notre mieux pour prot\u00e9ger vos informations personnelles, nous ne pouvons pas garantir la s\u00e9curit\u00e9 de vos donn\u00e9es transmises \u00e0 nos sites Web ; toute transmission est \u00e0 vos risques et p\u00e9rils. Une fois que nous aurons re\u00e7u vos informations, nous utiliserons des proc\u00e9dures strictes et des fonctions de s\u00e9curit\u00e9 pour essayer d&#039;emp\u00eacher tout acc\u00e8s non autoris\u00e9 et toute autre utilisation abusive.<\/p>\n\n\n\n<h2 class=\"wp-block-heading\">Tes droits<\/h2>\n\n\n\n<p>Vous disposez des droits suivants concernant vos informations personnelles :<\/p>\n\n\n\n<ul class=\"wp-block-list\">\n<li>Le droit de ne pas nous fournir vos informations personnelles. Cependant, veuillez noter que sans vos informations personnelles, nous pourrions ne pas \u00eatre en mesure de vous fournir de mani\u00e8re satisfaisante ou du tout certaines fonctionnalit\u00e9s de notre site Web, les informations demand\u00e9es et certains de nos services. &nbsp;&nbsp;&nbsp;<\/li>\n\n\n\n<li>Le droit d&#039;acc\u00e8s \u00e0 vos informations personnelles. Cela vous permet de recevoir une copie des informations personnelles que nous d\u00e9tenons \u00e0 votre sujet et de v\u00e9rifier que nous les traitons l\u00e9galement.<\/li>\n\n\n\n<li>Le droit de rectifier vos informations personnelles si elles sont incorrectes ou incompl\u00e8tes.<\/li>\n\n\n\n<li>Le droit de demander l&#039;effacement ou la restriction du traitement de vos informations personnelles si des motifs l\u00e9gitimes sont remplis.<\/li>\n\n\n\n<li>Lorsque nous traitons vos informations personnelles sur la base de votre consentement, le droit de retirer ce consentement \u00e0 tout moment. Veuillez noter qu&#039;un tel retrait n&#039;affecte pas la l\u00e9galit\u00e9 de tout traitement de vos informations personnelles effectu\u00e9 avant la date \u00e0 laquelle nous recevons ce retrait et ne nous emp\u00eache pas de traiter vos informations personnelles sur la base d&#039;une autre base l\u00e9gale applicable, en particulier dans le cadre de l&#039;exercice et d\u00e9fendre nos droits conform\u00e9ment \u00e0 la loi applicable et respecter nos obligations l\u00e9gales.<\/li>\n\n\n\n<li>Lorsque nous traitons vos informations personnelles sur la base d&#039;un int\u00e9r\u00eat l\u00e9gitime, le droit de s&#039;opposer \u00e0 notre traitement de vos informations personnelles si des motifs l\u00e9gitimes sont remplis.<\/li>\n\n\n\n<li>Le droit de recevoir vos informations personnelles de notre part dans un format structur\u00e9, couramment utilis\u00e9 et lisible par machine, et le droit de transmettre vos informations personnelles \u00e0 un autre contr\u00f4leur sans entrave de notre part (portabilit\u00e9 des donn\u00e9es).<\/li>\n<\/ul>\n\n\n\n<p>Vous pouvez nous contacter pour exercer l&#039;un des droits ci-dessus. Veuillez noter que nous pouvons vous demander des informations sp\u00e9cifiques pour confirmer votre identit\u00e9.<\/p>\n\n\n\n<p>En outre, si vous pensez que notre traitement de vos informations personnelles est incompatible avec vos droits en mati\u00e8re de protection des donn\u00e9es en vertu de la loi applicable et\/ou si nous n&#039;avons pas r\u00e9pondu de mani\u00e8re ad\u00e9quate \u00e0 vos pr\u00e9occupations, vous avez le droit de d\u00e9poser une plainte aupr\u00e8s de l&#039;autorit\u00e9 de contr\u00f4le de la protection des donn\u00e9es de votre pays. .<\/p>\n\n\n\n<h2 class=\"wp-block-heading\">Confidentialit\u00e9 des enfants<\/h2>\n\n\n\n<p>Nous ne collectons pas sciemment des informations personnelles d&#039;enfants de moins de 16 ans. Si nous apprenons qu&#039;un enfant de moins de 16 ans nous a fourni des informations personnelles, nous prendrons des mesures pour supprimer ces informations. Si vous apprenez qu&#039;un enfant nous a fourni des informations personnelles, veuillez nous contacter.<\/p>\n\n\n\n<h2 class=\"wp-block-heading\">Traitement des adresses e-mail collect\u00e9es par nos soins \u00e0 des fins de marketing avant le 25 mai 2018<\/h2>\n\n\n\n<p>Veuillez noter que les adresses e-mail que nous avons collect\u00e9es aupr\u00e8s de vous \u00e0 des fins de marketing avant le 25\u00a0mai\u00a02018 resteront \u00e0 traiter. La base juridique d&#039;un tel traitement est notre int\u00e9r\u00eat l\u00e9gitime \u00e0 des fins de marketing direct. Vous avez le droit de vous opposer \u00e0 une telle proc\u00e9dure.<\/p>\n\n\n\n<p>Vous pouvez \u00e9galement vous d\u00e9sinscrire du marketing direct \u00e0 tout moment en cliquant sur le lien de d\u00e9sabonnement sur tout e-mail que vous recevez de notre part.<\/p>\n\n\n\n<h2 class=\"wp-block-heading\">Modifications de cette politique de confidentialit\u00e9<\/h2>\n\n\n\n<p>Nous pouvons modifier cette politique de confidentialit\u00e9 \u00e0 tout moment et de temps \u00e0 autre. Si nous apportons des modifications, nous vous en informerons par les moyens les plus appropri\u00e9s compte tenu de l&#039;importance de ces modifications.<\/p>\n\n\n\n<p>Le traitement de vos informations personnelles apr\u00e8s toute modification de cette politique de confidentialit\u00e9 sera soumis \u00e0 la politique de confidentialit\u00e9 modifi\u00e9e.<\/p>\n\n\n\n<p>En vigueur depuis le 25 mai 2018<\/p>","protected":false},"excerpt":{"rendered":"<p>AitThemes (\u201cAitthemes\u201d, \u201cwe\u201d or \u201cus\u201d), respects your privacy and treats all your personal information accordingly. This Privacy policy explains to you how we collect, use and otherwise process your personal information. We only collect the minimum amount of personal information that is necessary to fulfill the purpose of your interaction with us; we do not [&hellip;]<\/p>","protected":false},"author":1,"featured_media":0,"parent":0,"menu_order":0,"comment_status":"closed","ping_status":"closed","template":"","meta":{"_eb_attr":"","_citadela_hide_page_title":"","_citadela_remove_header_space":"","_citadela_custom_class":"","_citadela_half_map_provider":"","_citadela_half_map_theme":"","_citadela_half_map_themeOSM":"","_citadela_half_map_customTheme":"","_citadela_half_map_dataType":"","_citadela_half_map_dynamicTrack":false,"_citadela_half_map_trackColor":"","_citadela_half_map_trackEndpointsColor":"","_citadela_half_map_filterCategory":"","_citadela_half_map_filterLocation":"","_citadela_half_map_filterFeatured":false,"_citadela_half_map_noDataBehavior":"empty-map","_citadela_half_map_noDataText":"","_citadela_half_map_clusterGridSize":80,"_citadela_header":false,"_citadela_header_over_content":false,"_citadela_header_text_color":"","_citadela_header_logo":[],"_citadela_header_bg_image":[],"_citadela_header_bg_position":[],"_citadela_header_bg_size":"","_citadela_header_bg_repeat":"","_citadela_header_bg_fixed":false,"_citadela_header_bg_color":"","_citadela_header_bg_image_overlay":"","_citadela_header_transparent_bg":false,"_citadela_content_width":"","_citadela_half_layout_position":"","footnotes":""},"class_list":["post-4504","page","type-page","status-publish","hentry"],"_links":{"self":[{"href":"https:\/\/www.ait-themes.club\/fr\/wp-json\/wp\/v2\/pages\/4504","targetHints":{"allow":["GET"]}}],"collection":[{"href":"https:\/\/www.ait-themes.club\/fr\/wp-json\/wp\/v2\/pages"}],"about":[{"href":"https:\/\/www.ait-themes.club\/fr\/wp-json\/wp\/v2\/types\/page"}],"author":[{"embeddable":true,"href":"https:\/\/www.ait-themes.club\/fr\/wp-json\/wp\/v2\/users\/1"}],"replies":[{"embeddable":true,"href":"https:\/\/www.ait-themes.club\/fr\/wp-json\/wp\/v2\/comments?post=4504"}],"version-history":[{"count":9,"href":"https:\/\/www.ait-themes.club\/fr\/wp-json\/wp\/v2\/pages\/4504\/revisions"}],"predecessor-version":[{"id":96851,"href":"https:\/\/www.ait-themes.club\/fr\/wp-json\/wp\/v2\/pages\/4504\/revisions\/96851"}],"wp:attachment":[{"href":"https:\/\/www.ait-themes.club\/fr\/wp-json\/wp\/v2\/media?parent=4504"}],"curies":[{"name":"wp","href":"https:\/\/api.w.org\/{rel}","templated":true}]}}