{"id":4502,"date":"2021-07-09T11:51:15","date_gmt":"2021-07-09T11:51:15","guid":{"rendered":"https:\/\/www.ait-themes.club\/?page_id=4502"},"modified":"2023-10-20T11:30:11","modified_gmt":"2023-10-20T11:30:11","slug":"cookies","status":"publish","type":"page","link":"https:\/\/www.ait-themes.club\/fr\/biscuits\/","title":{"rendered":"Biscuits"},"content":{"rendered":"<p>Pour que ce site fonctionne correctement, nous pla\u00e7ons parfois de petits fichiers de donn\u00e9es appel\u00e9s cookies sur votre appareil. La plupart des grands sites Web le font aussi.<\/p>\n\n\n\n<h2 class=\"wp-block-heading\">Que sont les cookies ?<\/h2>\n\n\n\n<p>Un cookie est un petit fichier texte qu&#039;un site Web enregistre sur votre ordinateur ou appareil mobile lorsque vous visitez le site. Il permet au site Web de se souvenir de vos actions et de vos pr\u00e9f\u00e9rences (telles que la connexion, la langue, la taille de la police et d&#039;autres pr\u00e9f\u00e9rences d&#039;affichage) sur une p\u00e9riode de temps, de sorte que vous n&#039;ayez pas \u00e0 les ressaisir chaque fois que vous revenez sur le site ou naviguer d&#039;une page \u00e0 l&#039;autre.<\/p>\n\n\n\n<h2 class=\"wp-block-heading\">Comment utilisons-nous les cookies ?<\/h2>\n\n\n\n<p>Un certain nombre de nos pages utilisent des cookies pour m\u00e9moriser\u00a0:<\/p>\n\n\n\n<ul class=\"wp-block-list\"><li>vos pr\u00e9f\u00e9rences d&#039;affichage, telles que les param\u00e8tres de couleur de contraste ou la taille de la police<\/li><li>si vous avez d\u00e9j\u00e0 r\u00e9pondu \u00e0 une pop-up d&#039;enqu\u00eate qui vous demande si le contenu a \u00e9t\u00e9 utile ou non (afin qu&#039;on ne vous le demande plus)<\/li><li>si vous avez accept\u00e9 (ou non) notre utilisation des cookies sur ce site<\/li><\/ul>\n\n\n\n<p>De plus, certaines vid\u00e9os int\u00e9gr\u00e9es dans nos pages utilisent un cookie pour collecter de mani\u00e8re anonyme des statistiques sur la fa\u00e7on dont vous y \u00eates arriv\u00e9 et sur les vid\u00e9os que vous avez visit\u00e9es.<br>L&#039;activation de ces cookies n&#039;est pas strictement n\u00e9cessaire au fonctionnement du site mais elle vous offrira une meilleure exp\u00e9rience de navigation. Vous pouvez supprimer ou bloquer ces cookies, mais si vous le faites, certaines fonctionnalit\u00e9s de ce site peuvent ne pas fonctionner comme pr\u00e9vu.<br>Les informations relatives aux cookies ne sont pas utilis\u00e9es pour vous identifier personnellement et les donn\u00e9es de mod\u00e8le sont enti\u00e8rement sous notre contr\u00f4le. Ces cookies ne sont pas utilis\u00e9s \u00e0 d&#039;autres fins que celles d\u00e9crites ici.<\/p>\n\n\n\n<h2 class=\"wp-block-heading\">Utilisons-nous d&#039;autres cookies ?<\/h2>\n\n\n\n<p>Certaines de nos pages ou sous-sites peuvent utiliser des cookies suppl\u00e9mentaires ou diff\u00e9rents de ceux d\u00e9crits ci-dessus. Si tel est le cas, les d\u00e9tails de ceux-ci seront fournis dans leur page d&#039;avis de cookies sp\u00e9cifique. Votre accord pour stocker ces cookies peut vous \u00eatre demand\u00e9.<br>Comment contr\u00f4ler les cookies<\/p>\n\n\n\n<p>Vous pouvez contr\u00f4ler et\/ou supprimer les cookies comme vous le souhaitez \u2013 pour plus de d\u00e9tails, consultez aboutcookies.org. Vous pouvez supprimer tous les cookies qui sont d\u00e9j\u00e0 sur votre ordinateur et vous pouvez configurer la plupart des navigateurs pour emp\u00eacher leur placement. Si vous faites cela, cependant, vous devrez peut-\u00eatre ajuster manuellement certaines pr\u00e9f\u00e9rences chaque fois que vous visitez un site et certains services et fonctionnalit\u00e9s peuvent ne pas fonctionner.<\/p>","protected":false},"excerpt":{"rendered":"<p>Pour que ce site fonctionne correctement, nous pla\u00e7ons parfois de petits fichiers de donn\u00e9es appel\u00e9s cookies sur votre appareil. La plupart des grands sites Web le font aussi. Que sont les cookies ? Un cookie est un petit fichier texte qu&#039;un site Web enregistre sur votre ordinateur ou appareil mobile lorsque vous visitez le site. Il permet au site Web de se souvenir de vos actions [\u2026]<\/p>","protected":false},"author":1,"featured_media":0,"parent":0,"menu_order":0,"comment_status":"closed","ping_status":"closed","template":"","meta":{"_eb_attr":"","_citadela_hide_page_title":"","_citadela_remove_header_space":"","_citadela_custom_class":"","_citadela_half_map_provider":"","_citadela_half_map_theme":"","_citadela_half_map_themeOSM":"","_citadela_half_map_customTheme":"","_citadela_half_map_dataType":"","_citadela_half_map_dynamicTrack":false,"_citadela_half_map_trackColor":"","_citadela_half_map_trackEndpointsColor":"","_citadela_half_map_filterCategory":"","_citadela_half_map_filterLocation":"","_citadela_half_map_filterFeatured":false,"_citadela_half_map_noDataBehavior":"empty-map","_citadela_half_map_noDataText":"","_citadela_half_map_clusterGridSize":80,"_citadela_header":false,"_citadela_header_over_content":false,"_citadela_header_text_color":"","_citadela_header_logo":[],"_citadela_header_bg_image":[],"_citadela_header_bg_position":[],"_citadela_header_bg_size":"","_citadela_header_bg_repeat":"","_citadela_header_bg_fixed":false,"_citadela_header_bg_color":"","_citadela_header_bg_image_overlay":"","_citadela_header_transparent_bg":false,"_citadela_content_width":"","_citadela_half_layout_position":"","footnotes":""},"class_list":["post-4502","page","type-page","status-publish","hentry"],"_links":{"self":[{"href":"https:\/\/www.ait-themes.club\/fr\/wp-json\/wp\/v2\/pages\/4502","targetHints":{"allow":["GET"]}}],"collection":[{"href":"https:\/\/www.ait-themes.club\/fr\/wp-json\/wp\/v2\/pages"}],"about":[{"href":"https:\/\/www.ait-themes.club\/fr\/wp-json\/wp\/v2\/types\/page"}],"author":[{"embeddable":true,"href":"https:\/\/www.ait-themes.club\/fr\/wp-json\/wp\/v2\/users\/1"}],"replies":[{"embeddable":true,"href":"https:\/\/www.ait-themes.club\/fr\/wp-json\/wp\/v2\/comments?post=4502"}],"version-history":[{"count":0,"href":"https:\/\/www.ait-themes.club\/fr\/wp-json\/wp\/v2\/pages\/4502\/revisions"}],"wp:attachment":[{"href":"https:\/\/www.ait-themes.club\/fr\/wp-json\/wp\/v2\/media?parent=4502"}],"curies":[{"name":"wp","href":"https:\/\/api.w.org\/{rel}","templated":true}]}}