{"id":4491,"date":"2021-07-09T11:46:15","date_gmt":"2021-07-09T11:46:15","guid":{"rendered":"https:\/\/www.ait-themes.club\/?page_id=4491"},"modified":"2025-11-14T23:04:07","modified_gmt":"2025-11-14T22:04:07","slug":"contact-us","status":"publish","type":"page","link":"https:\/\/www.ait-themes.club\/fr\/contactez-nous\/","title":{"rendered":"Contact"},"content":{"rendered":"<div class=\"wp-block-citadela-blocks-custom-container citadela-block-custom-container responsive-options loading-image size-wide bg-type-image inside-space-none bg-size-full-horizontal has-bg has-overlay\" style=\"background-image:linear-gradient(350deg, rgba(24, 28, 89, 1) 0%, rgba(36, 68, 117, 1) 100%)\" data-block-attr=\"{&quot;backgroundImage&quot;:&quot;url(https:\/\/www.ait-themes.club\/wp-content\/uploads\/2021\/10\/header-contact-small-min.png), linear-gradient(350deg, rgba(24, 28, 89, 1) 0%, rgba(36, 68, 117, 1) 100%)&quot;}\" data-block-mobile-breakpoint=\"900\"><div class=\"bg-image-wrapper\" style=\"background-image:url(https:\/\/www.ait-themes.club\/wp-content\/uploads\/2021\/10\/header-contact-min.png);background-repeat:no-repeat;background-position:50% 100%\"><\/div><div class=\"bg-image-overlay\" style=\"opacity:0.5\"><\/div><div class=\"inner-holder\" style=\"max-width:1300px\">\n<div class=\"wp-block-citadela-blocks-spacer citadela-block-spacer responsive-options loading\" data-block-attr=\"{&quot;desktop&quot;:{&quot;height&quot;:&quot;72px&quot;},&quot;mobile&quot;:{&quot;height&quot;:&quot;28px&quot;}}\" data-block-mobile-breakpoint=\"600\"><div class=\"inner-holder\" style=\"padding-top:72px\"><\/div><\/div>\n\n\n\n<div class=\"wp-block-group\"><div class=\"wp-block-group__inner-container is-layout-flow wp-block-group-is-layout-flow\">\n<div class=\"wp-block-citadela-blocks-custom-container citadela-block-custom-container size-content bg-type-none inside-space-small\"><div class=\"inner-holder\" style=\"max-width:790px\">\n<div class=\"wp-block-citadela-blocks-spacer citadela-block-spacer negative-height\"><div class=\"inner-holder\" style=\"margin-top:-20px\"><\/div><\/div>\n\n\n\n<div class=\"wp-block-citadela-blocks-spacer citadela-block-spacer responsive-options loading\" data-block-attr=\"{&quot;desktop&quot;:{&quot;height&quot;:&quot;10.2%&quot;},&quot;mobile&quot;:{&quot;height&quot;:&quot;3.5vw&quot;}}\" data-block-mobile-breakpoint=\"1920\"><div class=\"inner-holder\" style=\"padding-top:10.2%\"><\/div><\/div>\n\n\n         <div \r\n            class=\"citadela-block-responsive-text weight-700 align-center responsive-options loading\"\r\n            data-block-mobile-attr=\"{&quot;desktop&quot;:{&quot;fontSize&quot;:&quot;3.5vw&quot;,&quot;lineHeight&quot;:1.1},&quot;mobile&quot;:{&quot;fontSize&quot;:&quot;50px&quot;,&quot;lineHeight&quot;:1.1}}\"            data-block-mobile-breakpoint=\"1410\"         >\r\n            <h1 class=\"inner-tag\" style=\"font-size: 3.5vw; font-weight: 700; line-height: 1.1; color: #ffffff;\">Contactez-nous<\/h1>         <\/div>\r\n      \n\n         <div \r\n            class=\"citadela-block-responsive-text align-center responsive-options loading\"\r\n            data-block-mobile-attr=\"{&quot;desktop&quot;:{&quot;fontSize&quot;:&quot;20px&quot;,&quot;lineHeight&quot;:1.7},&quot;mobile&quot;:{&quot;fontSize&quot;:&quot;18px&quot;}}\"            data-block-mobile-breakpoint=\"600\"         >\r\n            <p class=\"inner-tag\" style=\"font-size: 20px; line-height: 1.7; color: #e9ebf0;\"> Nous sommes heureux de r\u00e9pondre \u00e0 toutes vos questions. Entrez en contact avec les bonnes personnes chez AitThemes. Obtenez des r\u00e9ponses \u00e0 vos questions sur nos produits avant d&#039;acheter aupr\u00e8s de notre \u00e9quipe marketing via les questions de pr\u00e9-vente. Si vous \u00eates d\u00e9j\u00e0 client, veuillez utiliser le support technique pour obtenir une assistance professionnelle. <\/p>         <\/div>\r\n      \n\n\n<div class=\"wp-block-citadela-blocks-spacer citadela-block-spacer responsive-options loading\" data-block-attr=\"{&quot;desktop&quot;:{&quot;height&quot;:&quot;26%&quot;},&quot;mobile&quot;:{&quot;height&quot;:&quot;10vw&quot;}}\" data-block-mobile-breakpoint=\"1920\"><div class=\"inner-holder\" style=\"padding-top:26%\"><\/div><\/div>\n<\/div><\/div>\n<\/div><\/div>\n\n\n\n<div class=\"wp-block-citadela-blocks-spacer citadela-block-spacer responsive-options loading\" data-block-attr=\"{&quot;desktop&quot;:{&quot;height&quot;:&quot;0px&quot;},&quot;mobile&quot;:{&quot;height&quot;:&quot;19vw&quot;}}\" data-block-mobile-breakpoint=\"900\"><div class=\"inner-holder\" style=\"padding-top:0px\"><\/div><\/div>\n\n\n\n<div class=\"wp-block-citadela-blocks-spacer citadela-block-spacer\"><div class=\"inner-holder\" style=\"padding-top:10%\"><\/div><\/div>\n<\/div><\/div>\n\n\n\n<div class=\"wp-block-group alignwide\"><div class=\"wp-block-group__inner-container is-layout-flow wp-block-group-is-layout-flow\">\n<div class=\"wp-block-citadela-blocks-spacer citadela-block-spacer negative-height\"><div class=\"inner-holder\" style=\"margin-top:-8%\"><\/div><\/div>\n<\/div><\/div>\n\n\n\n<div class=\"wp-block-columns is-layout-flex wp-container-core-columns-is-layout-9d6595d7 wp-block-columns-is-layout-flex\">\n<div class=\"wp-block-column is-layout-flow wp-block-column-is-layout-flow\">\n<div class=\"wp-block-citadela-blocks-custom-container citadela-block-custom-container size-content bg-type-color inside-space-none has-bg has-border-radius has-shadow\" style=\"background-color:#ffffff;border-radius:10px;box-shadow: 0px 5px 50px 0px rgba(32, 53, 111, 0.12)\"><div class=\"inner-holder\" style=\"max-width:390px\">\n<div class=\"wp-block-citadela-blocks-service citadela-block-service main-holder layout-box header-type-icon standard\"><div class=\"service-header\"><div class=\"service-icon\"><i class=\"fas fa-comments-dollar\" style=\"color:#209cef\"><\/i><\/div><\/div><div class=\"service-content\"><div class=\"service-content-wrap\"><h3 class=\"service-title\">Questions de pr\u00e9-vente<\/h3><p class=\"service-description\">N&#039;h\u00e9sitez pas \u00e0 nous envoyer des questions avant l&#039;achat.<\/p><\/div><\/div><\/div>\n\n\n\n<div class=\"wp-block-ait-blocks-contact-form aitb-blocks-inner-wrapper aitb-block-a9266c\"><div class=\"aitb-contact-form-wrapper\"><form class=\"aitb-contact-form\" data-email-to=\"hello@ait-themes.com\" data-email-cc=\"\" data-email-bcc=\"\" data-email-subject=\"Contact Form\" data-success-msg=\"Thank you for contact us\" data-fail-msg=\"Sorry, form submission failed\" data-validation-msg=\"Form validation failed\" data-captcha=\"true\" action=\"\"><div class=\"aitb-form-msg-wrapper\"><div class=\"aitb-form-error-msg\"><div class=\"aitb-form-msg\"><span class=\"aitb-msg-icon\"><svg xmlns=\"http:\/\/www.w3.org\/2000\/svg\" viewbox=\"0 0 48 43.19\"><g><path d=\"M23.999 27.248a2.05 2.05 0 0 1-2.05-2.05V14.907a2.05 2.05 0 0 1 4.1 0v10.291a2.05 2.05 0 0 1-2.05 2.05\"><\/path><path d=\"M23.999 34.621a2.05 2.05 0 1 1 2.05-2.05 2.05 2.05 0 0 1-2.05 2.05\"><\/path><path d=\"M23.999 4.1a1.975 1.975 0 0 1 1.739 1l17.887 30.978a2.009 2.009 0 0 1-1.739 3.013H6.116a2.009 2.009 0 0 1-1.739-3.013L22.26 5.104a1.975 1.975 0 0 1 1.739-1m0-4.1a6.051 6.051 0 0 0-5.29 3.055L.825 34.029a6.107 6.107 0 0 0 5.289 9.161H41.88a6.108 6.108 0 0 0 5.29-9.161L29.287 3.055A6.05 6.05 0 0 0 23.997 0\"><\/path><\/g><\/svg><\/span><span class=\"aitb-msg-text\"><\/span><span class=\"aitb-close-msg\"><svg xmlns=\"http:\/\/www.w3.org\/2000\/svg\" viewbox=\"0 0 31.1 31.25\"><path stroke=\"rgba(0,0,0,0)\" stroke-miterlimit=\"10\" d=\"M27.1 30.153 15.549 18.601 4 30.153a2.05 2.05 0 0 1-2.9-2.9l11.551-11.55L1.1 4.153a2.05 2.05 0 0 1 2.9-2.9l11.549 11.552L27.1 1.253a2.05 2.05 0 0 1 2.9 2.9l-11.553 11.55L30 27.253a2.05 2.05 0 1 1-2.9 2.9Z\"><\/path><\/svg><\/span><\/div><\/div><div class=\"aitb-form-success-msg\"><div class=\"aitb-form-msg\"><span class=\"aitb-msg-icon\"><svg xmlns=\"http:\/\/www.w3.org\/2000\/svg\" viewbox=\"0 0 40.1 28.53\"><path d=\"M13.451 28.532a2.428 2.428 0 0 1-1.73-.716L.6 16.696a2.05 2.05 0 0 1 2.9-2.9l9.952 9.95L36.601.598a2.05 2.05 0 0 1 2.9 2.9L15.183 27.816a2.428 2.428 0 0 1-1.73.716\"><\/path><\/svg><\/span><span class=\"aitb-msg-text\"><\/span><span class=\"aitb-close-msg\"><svg xmlns=\"http:\/\/www.w3.org\/2000\/svg\" viewbox=\"0 0 31.1 31.25\"><path stroke=\"rgba(0,0,0,0)\" stroke-miterlimit=\"10\" d=\"M27.1 30.153 15.549 18.601 4 30.153a2.05 2.05 0 0 1-2.9-2.9l11.551-11.55L1.1 4.153a2.05 2.05 0 0 1 2.9-2.9l11.549 11.552L27.1 1.253a2.05 2.05 0 0 1 2.9 2.9l-11.553 11.55L30 27.253a2.05 2.05 0 1 1-2.9 2.9Z\"><\/path><\/svg><\/span><\/div><\/div><\/div><div class=\"aitb-contact-fields\">\n<div class=\"wp-block-ait-blocks-form-field aitb-block-260d42\"><div class=\"aitb-form-field-wrapper\" data-required-msg=\"This field is required\" data-validation-msg=\"\" data-is-email-msg=\"false\"><label class=\"aitb-field-label\" for=\"aitb_form_field_260d42\"><span class=\"aitb-label-text\">Nom<\/span><span class=\"aitb-field-required\">*<\/span><\/label><input id=\"aitb_form_field_260d42\" class=\"aitb-field-item\" name=\"aitb_form_field_260d42\" type=\"text\" placeholder=\"Write your name . . .\" value=\"\"\/><div class=\"aitb-field-error-msg\"><\/div><\/div><\/div>\n\n\n\n<div class=\"wp-block-ait-blocks-form-field aitb-block-e6d68d\"><div class=\"aitb-form-field-wrapper\" data-required-msg=\"This field is required\" data-validation-msg=\"Please enter valid email address\" data-is-email-msg=\"false\"><label class=\"aitb-field-label\" for=\"aitb_form_field_e6d68d\"><span class=\"aitb-label-text\">Your Email<\/span><span class=\"aitb-field-required\">*<\/span><\/label><input id=\"aitb_form_field_e6d68d\" class=\"aitb-field-item\" name=\"aitb_form_field_e6d68d\" type=\"email\" placeholder=\"Write your email . . .\" value=\"\"\/><div class=\"aitb-field-error-msg\"><\/div><\/div><\/div>\n\n\n\n<div class=\"wp-block-ait-blocks-form-field aitb-block-116fdc\"><div class=\"aitb-form-field-wrapper\" data-required-msg=\"This field is required\" data-validation-msg=\"Please enter valid email address\" data-is-email-msg=\"false\"><label class=\"aitb-field-label\" for=\"aitb_form_field_116fdc\"><span class=\"aitb-label-text\">Subject<\/span><span class=\"aitb-field-required\">*<\/span><\/label><input id=\"aitb_form_field_116fdc\" class=\"aitb-field-item\" name=\"aitb_form_field_116fdc\" type=\"text\" placeholder=\"Write your email . . .\" value=\"\"\/><div class=\"aitb-field-error-msg\"><\/div><\/div><\/div>\n\n\n\n<div class=\"wp-block-ait-blocks-form-field aitb-block-15445f\"><div class=\"aitb-form-field-wrapper\" data-required-msg=\"This field is required\" data-validation-msg=\"\" data-is-email-msg=\"true\"><label class=\"aitb-field-label\" for=\"aitb_form_field_15445f\"><span class=\"aitb-label-text\">Your Message<\/span><span class=\"aitb-field-required\">*<\/span><\/label><textarea id=\"aitb_form_field_15445f\" class=\"aitb-field-item\" name=\"aitb_form_field_15445f\" rows=\"10\" placeholder=\"Write your message . . .\"><\/textarea><div class=\"aitb-field-error-msg\"><\/div><\/div><\/div>\n<div class=\"aitb-form-field-wrapper aitb-captcha-wrap\"><div class=\"aitb-captcha-section\"><div class=\"aitb-captcha-num-wrap\"><span class=\"aitb-captcha-num-1\"><\/span><span class=\"aitb-captcha-plus\">+<\/span><span class=\"aitb-captcha-num-2\"><\/span><span class=\"aitb-captcha-equal\">=<\/span><\/div><div class=\"aitb-captcha-result-wrap\"><input type=\"number\" class=\"aitb-captcha-result aitb-field-item\"\/><\/div><\/div><div class=\"aitb-field-error-msg\"><\/div><\/div><\/div><div class=\"aitb-button-section\"><button class=\"aitb-contact-button-wrap aitb-contact-button-layout1\"><span class=\"dashicons dashicons-update aitb-button-text ait-blocks-rotate\"><\/span><span class=\"aitb-button-text\">Submit<\/span><\/button><\/div><input type=\"hidden\" name=\"trp-form-language\" value=\"fr\"\/><\/form><\/div><\/div>\n\n\n\n<div class=\"wp-block-citadela-blocks-spacer citadela-block-spacer\"><div class=\"inner-holder\" style=\"padding-top:50px\"><\/div><\/div>\n<\/div><\/div>\n\n\n\n<div class=\"wp-block-citadela-blocks-spacer citadela-block-spacer responsive-options loading\" data-block-attr=\"{&quot;desktop&quot;:{&quot;height&quot;:&quot;40px&quot;},&quot;mobile&quot;:{&quot;height&quot;:&quot;20px&quot;}}\" data-block-mobile-breakpoint=\"600\"><div class=\"inner-holder\" style=\"padding-top:40px\"><\/div><\/div>\n<\/div>\n\n\n\n<div class=\"wp-block-column is-layout-flow wp-block-column-is-layout-flow\">\n<div class=\"wp-block-citadela-blocks-custom-container citadela-block-custom-container size-content bg-type-color inside-space-none has-bg has-border-radius has-shadow\" style=\"background-color:#ffffff;border-radius:10px;box-shadow: 0px 5px 50px 0px rgba(32, 53, 111, 0.12)\"><div class=\"inner-holder\" style=\"max-width:390px\">\n<div class=\"wp-block-citadela-blocks-service citadela-block-service main-holder layout-box header-type-icon standard\"><div class=\"service-header\"><div class=\"service-icon\"><i class=\"fas fa-life-ring\" style=\"color:#ff0072\"><\/i><\/div><\/div><div class=\"service-content\"><div class=\"service-content-wrap\"><h3 class=\"service-title\">Soutien technique<\/h3><p class=\"service-description\">Veuillez utiliser notre syst\u00e8me d&#039;assistance d\u00e9di\u00e9 pour obtenir une assistance technique.<\/p><\/div><\/div><\/div>\n\n\n\n<div class=\"wp-block-buttons is-horizontal is-content-justification-center is-layout-flex wp-container-core-buttons-is-layout-499968f5 wp-block-buttons-is-layout-flex\">\n<div class=\"wp-block-button\"><a class=\"wp-block-button__link has-background no-border-radius wp-element-button\" href=\"https:\/\/system.ait-themes.club\/fr\/support\/\" style=\"background-color:#ff0072\">Acc\u00e9der \u00e0 l&#039;assistance<\/a><\/div>\n<\/div>\n\n\n\n<div class=\"wp-block-citadela-blocks-spacer citadela-block-spacer\"><div class=\"inner-holder\" style=\"padding-top:50px\"><\/div><\/div>\n<\/div><\/div>\n\n\n\n<div class=\"wp-block-citadela-blocks-spacer citadela-block-spacer responsive-options loading\" data-block-attr=\"{&quot;desktop&quot;:{&quot;height&quot;:&quot;40px&quot;},&quot;mobile&quot;:{&quot;height&quot;:&quot;20px&quot;}}\" data-block-mobile-breakpoint=\"600\"><div class=\"inner-holder\" style=\"padding-top:40px\"><\/div><\/div>\n<\/div>\n<\/div>\n\n\n\n<div class=\"wp-block-group\"><div class=\"wp-block-group__inner-container is-layout-flow wp-block-group-is-layout-flow\">\n<div class=\"wp-block-citadela-blocks-custom-container citadela-block-custom-container size-wide bg-type-gradient inside-space-none has-bg has-border-radius\" style=\"background-image:linear-gradient(350deg, rgba(29, 33, 96, 1) 0%, rgba(36, 68, 117, 1) 100%);border-radius:10px\"><div class=\"inner-holder\">\n<h2 class=\"wp-block-heading has-text-align-center has-white-color has-text-color\">CitadelaWP Documentation<\/h2>\n\n\n\n<p class=\"has-text-align-center has-white-color has-text-color\">Documentation en ligne pour le th\u00e8me CitadelaWP et les plugins CitadelaWP<\/p>\n\n\n\n<div class=\"wp-block-citadela-blocks-spacer citadela-block-spacer\"><div class=\"inner-holder\" style=\"padding-top:20px\"><\/div><\/div>\n\n\n\n<div class=\"wp-block-buttons is-content-justification-center is-layout-flex wp-container-core-buttons-is-layout-16018d1d wp-block-buttons-is-layout-flex\">\n<div class=\"wp-block-button is-style-fill\"><a class=\"wp-block-button__link has-white-color has-text-color has-background wp-element-button\" href=\"https:\/\/www.ait-themes.club\/fr\/documentation-citadelle\/\" style=\"background-color:#4c9aca\">Consulter la documentation en ligne<\/a><\/div>\n<\/div>\n\n\n\n<div class=\"wp-block-citadela-blocks-spacer citadela-block-spacer\"><div class=\"inner-holder\" style=\"padding-top:50px\"><\/div><\/div>\n<\/div><\/div>\n<\/div><\/div>\n\n\n\n<div class=\"wp-block-citadela-blocks-spacer citadela-block-spacer negative-height responsive-options loading\" data-block-attr=\"{&quot;desktop&quot;:{&quot;height&quot;:&quot;-80px&quot;,&quot;negative&quot;:true},&quot;mobile&quot;:{&quot;height&quot;:&quot;-140px&quot;,&quot;negative&quot;:true}}\" data-block-mobile-breakpoint=\"900\"><div class=\"inner-holder\" style=\"margin-top:-80px\"><\/div><\/div>","protected":false},"excerpt":{"rendered":"","protected":false},"author":1,"featured_media":0,"parent":0,"menu_order":0,"comment_status":"closed","ping_status":"closed","template":"","meta":{"_eb_attr":"","_citadela_hide_page_title":"1","_citadela_remove_header_space":"1","_citadela_custom_class":"","_citadela_half_map_provider":"","_citadela_half_map_theme":"","_citadela_half_map_themeOSM":"","_citadela_half_map_customTheme":"","_citadela_half_map_dataType":"","_citadela_half_map_dynamicTrack":false,"_citadela_half_map_trackColor":"","_citadela_half_map_trackEndpointsColor":"","_citadela_half_map_filterCategory":"","_citadela_half_map_filterLocation":"","_citadela_half_map_filterFeatured":false,"_citadela_half_map_noDataBehavior":"empty-map","_citadela_half_map_noDataText":"","_citadela_half_map_clusterGridSize":80,"_citadela_header":true,"_citadela_header_over_content":true,"_citadela_header_text_color":"rgba(255, 255, 255, 1)","_citadela_header_logo":{"id":91324,"url":"https:\/\/www.ait-themes.club\/wp-content\/uploads\/2021\/09\/ait-logo-300-blue-white-min.png","size":{"width":300,"height":61}},"_citadela_header_bg_image":[],"_citadela_header_bg_position":{"x":0.5,"y":0.5},"_citadela_header_bg_size":"cover","_citadela_header_bg_repeat":"no-repeat","_citadela_header_bg_fixed":false,"_citadela_header_bg_color":"","_citadela_header_bg_image_overlay":"","_citadela_header_transparent_bg":true,"_citadela_content_width":"","_citadela_half_layout_position":"","footnotes":""},"class_list":["post-4491","page","type-page","status-publish","hentry"],"_links":{"self":[{"href":"https:\/\/www.ait-themes.club\/fr\/wp-json\/wp\/v2\/pages\/4491","targetHints":{"allow":["GET"]}}],"collection":[{"href":"https:\/\/www.ait-themes.club\/fr\/wp-json\/wp\/v2\/pages"}],"about":[{"href":"https:\/\/www.ait-themes.club\/fr\/wp-json\/wp\/v2\/types\/page"}],"author":[{"embeddable":true,"href":"https:\/\/www.ait-themes.club\/fr\/wp-json\/wp\/v2\/users\/1"}],"replies":[{"embeddable":true,"href":"https:\/\/www.ait-themes.club\/fr\/wp-json\/wp\/v2\/comments?post=4491"}],"version-history":[{"count":21,"href":"https:\/\/www.ait-themes.club\/fr\/wp-json\/wp\/v2\/pages\/4491\/revisions"}],"predecessor-version":[{"id":97277,"href":"https:\/\/www.ait-themes.club\/fr\/wp-json\/wp\/v2\/pages\/4491\/revisions\/97277"}],"wp:attachment":[{"href":"https:\/\/www.ait-themes.club\/fr\/wp-json\/wp\/v2\/media?parent=4491"}],"curies":[{"name":"wp","href":"https:\/\/api.w.org\/{rel}","templated":true}]}}