{"id":4504,"date":"2021-07-09T11:51:48","date_gmt":"2021-07-09T11:51:48","guid":{"rendered":"https:\/\/www.ait-themes.club\/?page_id=4504"},"modified":"2025-01-22T11:23:54","modified_gmt":"2025-01-22T10:23:54","slug":"privacy-policy","status":"publish","type":"page","link":"https:\/\/www.ait-themes.club\/es\/politica-de-privacidad\/","title":{"rendered":"pol\u00edtica de privacidad"},"content":{"rendered":"<p>AitThemes (\u201cAitthemes\u201d, \u201cwe\u201d or \u201cus\u201d), respects your privacy and treats all your personal information accordingly.<\/p>\n\n\n\n<p>Esta pol\u00edtica de privacidad le explica c\u00f3mo recopilamos, usamos y procesamos su informaci\u00f3n personal. Solo recopilamos la cantidad m\u00ednima de informaci\u00f3n personal necesaria para cumplir con el prop\u00f3sito de su interacci\u00f3n con nosotros; no lo vendemos a terceros; y solo lo usamos como se describe en esta Pol\u00edtica de privacidad.<\/p>\n\n\n\n<h2 class=\"wp-block-heading\">Controlador de datos<\/h2>\n\n\n\n<p>AitThemes is data controller of your personal information.<\/p>\n\n\n\n<p>Si tiene alguna pregunta en relaci\u00f3n con esta pol\u00edtica de privacidad o con cualquier aspecto de nuestro procesamiento de su informaci\u00f3n personal, no dude en contactarnos.<\/p>\n\n\n\n<h2 class=\"wp-block-heading\">Qu\u00e9 informaci\u00f3n recopilamos sobre usted y c\u00f3mo la obtenemos<\/h2>\n\n\n\n<p>Recopilamos informaci\u00f3n sobre usted de las siguientes maneras:<\/p>\n\n\n\n<ul class=\"wp-block-list\">\n<li>a trav\u00e9s de su uso de nuestro sitio web,<\/li>\n\n\n\n<li>cuando se comunica con nosotros solicitando informaci\u00f3n sobre nuestros productos o servicios a trav\u00e9s de nuestros formularios de consulta en l\u00ednea,<\/li>\n\n\n\n<li>cuando se registra para la cuenta,<\/li>\n\n\n\n<li>cuando dejas comentarios en nuestros sitios web.<\/li>\n<\/ul>\n\n\n\n<p>Recopilamos la siguiente informaci\u00f3n personal sobre usted:<\/p>\n\n\n\n<ul class=\"wp-block-list\">\n<li>direcci\u00f3n de correo electr\u00f3nico,<\/li>\n\n\n\n<li>nombre de la empresa, direcci\u00f3n de la empresa, n\u00famero de registro de IVA, n\u00famero de registro de la empresa (al registrarse como empresa),<\/li>\n\n\n\n<li>informaci\u00f3n relacionada con el pago, sin embargo, no recopilamos ni procesamos ning\u00fan detalle en sus tarjetas de cr\u00e9dito,<\/li>\n\n\n\n<li>informaci\u00f3n t\u00e9cnica de sus visitas a nuestros sitios web o aplicaciones o uso de nuestros servicios o en relaci\u00f3n con materiales y comunicaciones que le enviamos electr\u00f3nicamente y<\/li>\n\n\n\n<li>cualquier otra informaci\u00f3n relacionada con usted que nos proporcione (por ejemplo, del contenido que incluye en nuestros sitios web).<\/li>\n<\/ul>\n\n\n\n<p>La informaci\u00f3n de uso del sitio web se recopila mediante cookies. Las cookies son archivos de texto que se colocan en su computadora para recopilar informaci\u00f3n est\u00e1ndar de registro de Internet e informaci\u00f3n sobre su comportamiento. Esta informaci\u00f3n luego se usa para rastrear su uso del sitio web y para crear informes estad\u00edsticos sobre la actividad del sitio web.&nbsp;<\/p>\n\n\n\n<p>Puede configurar su navegador para que no acepte cookies y los sitios web anteriores le indican c\u00f3mo eliminar las cookies de su navegador. Tenga en cuenta que, en algunos casos, es posible que algunas de las funciones de nuestro sitio web no funcionen debido a esto. Puede encontrar informaci\u00f3n m\u00e1s espec\u00edfica sobre las cookies que utilizamos<a href=\"https:\/\/www.ait-themes.club\/es\/galletas\/\">&nbsp;aqu\u00ed.<\/a><\/p>\n\n\n\n<h2 class=\"wp-block-heading\">Prop\u00f3sitos y bases legales para procesar su informaci\u00f3n personal<\/h2>\n\n\n\n<p>Procesamos su informaci\u00f3n personal para los siguientes prop\u00f3sitos:<\/p>\n\n\n\n<ul class=\"wp-block-list\">\n<li>para proporcionarle nuestros servicios y productos,<\/li>\n\n\n\n<li>para mejorar nuestros servicios y productos y su rendimiento, incluida la creaci\u00f3n de otros nuevos,<\/li>\n\n\n\n<li>para proporcionar y mejorar nuestros sitios web,<\/li>\n\n\n\n<li>para responder a sus preguntas o contactarlo por correo electr\u00f3nico para procesar o cumplir con sus requisitos, para brindarle servicio al cliente, actualizaciones y otra informaci\u00f3n relevante para nuestros servicios,<\/li>\n\n\n\n<li>para realizar encuestas,<\/li>\n\n\n\n<li>para promocionar nuestros servicios y productos y con fines de marketing,<\/li>\n\n\n\n<li>para ejercer y defender nuestros derechos legales y para cumplir con todas las obligaciones legales o reglamentarias seg\u00fan la ley aplicable,<\/li>\n\n\n\n<li>para detectar, prevenir o investigar actividades ilegales como fraude, fraude de ingenier\u00eda social u otros delitos.<\/li>\n<\/ul>\n\n\n\n<p>Solo procesaremos su informaci\u00f3n personal cuando tengamos una base legal para hacerlo. La base legal depender\u00e1 de los fines que hayamos recopilado y para los que necesitemos usar su informaci\u00f3n personal.<\/p>\n\n\n\n<p>Procesamos su informaci\u00f3n personal en base a una o m\u00e1s de las siguientes bases legales:<\/p>\n\n\n\n<ul class=\"wp-block-list\">\n<li>cumplimiento de cualquier contrato celebrado entre usted y nosotros y las obligaciones del mismo o tomar medidas antes de celebrar dicho contrato,<\/li>\n\n\n\n<li>cumplimiento de una obligaci\u00f3n legal,<\/li>\n\n\n\n<li>tenemos un inter\u00e9s leg\u00edtimo en llevar a cabo el procesamiento de su informaci\u00f3n personal con el fin de desarrollar nuestro negocio, comercializar, proporcionar y mejorar nuestros sitios y servicios, cumplir con nuestras obligaciones reglamentarias, contactarlo sujeto a la ley aplicable, ejercer y defender nuestros derechos legales, garantizar nuestra seguridad f\u00edsica y electr\u00f3nica y proteger nuestra propiedad (todo en la medida en que nuestros intereses leg\u00edtimos no sean anulados en casos particulares por sus intereses, derechos y libertades fundamentales),<\/li>\n\n\n\n<li>su consentimiento previo.<\/li>\n<\/ul>\n\n\n\n<h2 class=\"wp-block-heading\">Cu\u00e1nto tiempo conservamos su informaci\u00f3n personal<\/h2>\n\n\n\n<p>Retenemos la informaci\u00f3n personal que recopilamos de usted cuando tenemos una necesidad comercial leg\u00edtima continua de hacerlo (por ejemplo, para brindarle un servicio que ha solicitado o para cumplir con los requisitos legales, fiscales o contables aplicables).<\/p>\n\n\n\n<p>Cuando no tengamos una necesidad comercial leg\u00edtima en curso para procesar su informaci\u00f3n personal, la eliminaremos o la anonimizaremos o, si esto no es posible (por ejemplo, porque su informaci\u00f3n personal se ha almacenado en archivos de respaldo), almacenaremos de forma segura su informaci\u00f3n personal y aislarla de cualquier procesamiento posterior hasta que sea posible eliminarla.<\/p>\n\n\n\n<h2 class=\"wp-block-heading\">C\u00f3mo compartimos la informaci\u00f3n que recopilamos<\/h2>\n\n\n\n<p>No vendemos, alquilamos ni proporcionamos su informaci\u00f3n personal a terceros con fines de marketing.<\/p>\n\n\n\n<p>No divulgaremos su informaci\u00f3n personal a ning\u00fan tercero sin su permiso, a menos que sea necesario para procesar su pedido, cumplir con su solicitud, cumplir con nuestras obligaciones derivadas de cualquier contrato celebrado entre usted y nosotros y mejorar nuestros servicios y productos. o cuando estamos obligados a hacerlo por ley.<\/p>\n\n\n\n<p>Compartimos informaci\u00f3n con y usamos:<\/p>\n\n\n\n<ul class=\"wp-block-list\">\n<li>Google Analytics para proporcionarnos an\u00e1lisis. Google Analytics utiliza cookies para recopilar informaci\u00f3n no identificable. Google proporciona algunas opciones de privacidad adicionales con respecto a sus cookies de Analytics en&nbsp;<a href=\"http:\/\/www.google.com\/policies\/privacy\/partners\/\" target=\"_blank\" rel=\"noopener\">http:\/\/www.google.com\/policies\/privacy\/partners\/<\/a><\/li>\n\n\n\n<li>Fuentes de Google y bibliotecas API de Google para ayudarnos a ejecutar nuestros productos. Para obtener m\u00e1s informaci\u00f3n, consulte&nbsp;&nbsp;<a href=\"https:\/\/policies.google.com\/terms?hl=sk\" target=\"_blank\" rel=\"noopener\">https:\/\/policies.google.com\/terms?hl=sk<\/a><\/li>\n\n\n\n<li>MailChimp para entregar nuestro bolet\u00edn. Recopilamos estad\u00edsticas sobre la apertura de correos electr\u00f3nicos y los clics utilizando tecnolog\u00edas est\u00e1ndar de la industria para ayudarnos a monitorear y mejorar nuestro bolet\u00edn electr\u00f3nico. Para obtener m\u00e1s informaci\u00f3n, consulte&nbsp;<a href=\"https:\/\/mailchimp.com\/legal\/privacy\/\" target=\"_blank\" rel=\"noopener\">https:\/\/mailchimp.com\/legal\/privacy\/<\/a><\/li>\n\n\n\n<li>DigitalOcean para almacenar toda la informaci\u00f3n electr\u00f3nica que recopilamos. Para obtener m\u00e1s informaci\u00f3n, consulte&nbsp;<a href=\"https:\/\/www.digitalocean.com\/security\/privacy\/\" target=\"_blank\" rel=\"noopener\">https:\/\/www.digitalocean.com\/security\/privacy\/<\/a><\/li>\n\n\n\n<li>Braintree para administrar su pago por nosotros. Para obtener m\u00e1s informaci\u00f3n, consulte&nbsp;<a href=\"https:\/\/www.braintreepayments.com\/en-sk\/legal\/braintree-privacy-policy\" target=\"_blank\" rel=\"noopener\">https:\/\/www.braintreepayments.com\/en-sk\/legal\/braintree-privacy-policy<\/a><\/li>\n\n\n\n<li>Paypal para gestionar tu pago por nosotros. Para obtener m\u00e1s informaci\u00f3n, consulte <a href=\"https:\/\/www.paypal.com\/us\/webapps\/mpp\/ua\/privacy-full\" target=\"_blank\" rel=\"noopener\">https:\/\/www.paypal.com\/us\/webapps\/mpp\/ua\/privacy-full<\/a><\/li>\n\n\n\n<li>Stripe para administrar su pago por nosotros. Para obtener m\u00e1s informaci\u00f3n, consulte <a href=\"https:\/\/stripe.com\/en-sk\/privacy\" target=\"_blank\" rel=\"noopener\">https:\/\/stripe.com\/en-sk\/privacy<\/a><\/li>\n\n\n\n<li>TypeForm para ayudar a mejorar. Para obtener m\u00e1s informaci\u00f3n, consulte&nbsp;<a href=\"https:\/\/www.typeform.com\/\" target=\"_blank\" rel=\"noopener\">https:\/\/www.typeform.com&nbsp;<\/a><\/li>\n\n\n\n<li>WordPress como sistema de gesti\u00f3n de contenidos para nuestros sitios web. Para obtener m\u00e1s informaci\u00f3n, consulte&nbsp;<a href=\"https:\/\/wordpress.org\/about\/privacy\/\" target=\"_blank\" rel=\"noopener\">https:\/\/wordpress.org\/about\/privacy\/<\/a><\/li>\n<\/ul>\n\n\n\n<h2 class=\"wp-block-heading\">Seguridad<\/h2>\n\n\n\n<p>Toda la informaci\u00f3n que nos proporciona se almacena en los centros de datos seguros de DigitalOcean en servidores ubicados en Frankfurt, Alemania. DigitalOcean ha publicado declaraciones de seguridad que puede encontrar en el siguiente enlace:&nbsp;<a href=\"https:\/\/www.digitalocean.com\/security\/\" target=\"_blank\" rel=\"noopener\">https:\/\/www.digitalocean.com\/security\/<\/a>&nbsp;. Desafortunadamente, la transmisi\u00f3n de informaci\u00f3n a trav\u00e9s de Internet no es completamente segura. Aunque haremos todo lo posible para proteger su informaci\u00f3n personal, no podemos garantizar la seguridad de sus datos transmitidos a nuestros sitios web; cualquier transmisi\u00f3n es bajo su propio riesgo. Una vez que hayamos recibido su informaci\u00f3n, utilizaremos procedimientos estrictos y funciones de seguridad para tratar de evitar el acceso no autorizado y cualquier otro uso indebido.<\/p>\n\n\n\n<h2 class=\"wp-block-heading\">Tus derechos<\/h2>\n\n\n\n<p>Tiene los siguientes derechos con respecto a su informaci\u00f3n personal:<\/p>\n\n\n\n<ul class=\"wp-block-list\">\n<li>El derecho a no proporcionarnos su informaci\u00f3n personal. Sin embargo, tenga en cuenta que sin su informaci\u00f3n personal es posible que no podamos proporcionarle de manera satisfactoria algunas caracter\u00edsticas de nuestro sitio web, la informaci\u00f3n solicitada y algunos de nuestros servicios. &nbsp;&nbsp;&nbsp;<\/li>\n\n\n\n<li>El derecho de acceso a su informaci\u00f3n personal. Esto le permite recibir una copia de la informaci\u00f3n personal que tenemos sobre usted y verificar que la estamos procesando legalmente.<\/li>\n\n\n\n<li>Derecho a rectificar sus datos personales si son incorrectos o est\u00e1n incompletos.<\/li>\n\n\n\n<li>El derecho a solicitar el borrado o la restricci\u00f3n del procesamiento de su informaci\u00f3n personal si se cumplen motivos leg\u00edtimos.<\/li>\n\n\n\n<li>Cuando procesamos su informaci\u00f3n personal sobre la base de su consentimiento, el derecho a retirar dicho consentimiento en cualquier momento. Tenga en cuenta que dicho retiro no afecta la legalidad de cualquier procesamiento de su informaci\u00f3n personal realizado antes de la fecha en que recibimos dicho retiro y no nos impide procesar su informaci\u00f3n personal sobre la base de otra base legal aplicable, en particular en relaci\u00f3n con el ejercicio y defender nuestro derecho de acuerdo con la ley aplicable y cumplir con nuestras obligaciones legales.<\/li>\n\n\n\n<li>Cuando procesamos su informaci\u00f3n personal en base a un inter\u00e9s leg\u00edtimo, el derecho a oponerse a nuestro procesamiento de su informaci\u00f3n personal si se cumplen motivos leg\u00edtimos.<\/li>\n\n\n\n<li>El derecho a recibir su informaci\u00f3n personal de nosotros en un formato estructurado, de uso com\u00fan y legible por m\u00e1quina, y el derecho a transmitir su informaci\u00f3n personal a otro controlador sin obst\u00e1culos por nuestra parte (portabilidad de datos).<\/li>\n<\/ul>\n\n\n\n<p>Puede ponerse en contacto con nosotros para ejercer cualquiera de los derechos anteriores. Tenga en cuenta que podemos solicitarle informaci\u00f3n espec\u00edfica para confirmar su identidad.<\/p>\n\n\n\n<p>Adem\u00e1s, si cree que nuestro procesamiento de su informaci\u00f3n personal es inconsistente con sus derechos de protecci\u00f3n de datos seg\u00fan la ley aplicable y\/o no hemos abordado adecuadamente sus inquietudes, tiene derecho a presentar una queja ante la autoridad supervisora de protecci\u00f3n de datos de su pa\u00eds. .<\/p>\n\n\n\n<h2 class=\"wp-block-heading\">Privacidad de los ni\u00f1os<\/h2>\n\n\n\n<p>No recopilamos a sabiendas informaci\u00f3n personal de ni\u00f1os menores de 16 a\u00f1os. Si nos damos cuenta de que un ni\u00f1o menor de 16 a\u00f1os nos ha proporcionado informaci\u00f3n personal, tomaremos medidas para eliminar dicha informaci\u00f3n. Si se da cuenta de que un ni\u00f1o nos ha proporcionado informaci\u00f3n personal, comun\u00edquese con nosotros.<\/p>\n\n\n\n<h2 class=\"wp-block-heading\">Procesamiento de las direcciones de correo electr\u00f3nico recopiladas por nosotros con fines de marketing antes del 25 de mayo de 2018<\/h2>\n\n\n\n<p>Tenga en cuenta que las direcciones de correo electr\u00f3nico que hemos recopilado de usted con fines de marketing antes del 25 de mayo de 2018 permanecer\u00e1n procesadas. La base legal para dicho procesamiento es nuestro inter\u00e9s leg\u00edtimo con fines de marketing directo. Tiene derecho a oponerse a dicho procedimiento.<\/p>\n\n\n\n<p>Tambi\u00e9n puede optar por no participar en el marketing directo en cualquier momento haciendo clic en el enlace para cancelar la suscripci\u00f3n en cualquier correo electr\u00f3nico que reciba de nosotros.<\/p>\n\n\n\n<h2 class=\"wp-block-heading\">Cambios a esta pol\u00edtica de privacidad<\/h2>\n\n\n\n<p>Podemos cambiar esta pol\u00edtica de privacidad en cualquier momento y de vez en cuando. Si realizamos alg\u00fan cambio, se lo notificaremos por los medios m\u00e1s apropiados teniendo en cuenta la importancia de dichos cambios.<\/p>\n\n\n\n<p>El procesamiento de su informaci\u00f3n personal despu\u00e9s de cualquier cambio en esta Pol\u00edtica de privacidad estar\u00e1 sujeto a cambios en la Pol\u00edtica de privacidad.<\/p>\n\n\n\n<p>Efectivo a partir del 25 de mayo de 2018<\/p>","protected":false},"excerpt":{"rendered":"<p>AitThemes (\u201cAitthemes\u201d, \u201cwe\u201d or \u201cus\u201d), respects your privacy and treats all your personal information accordingly. This Privacy policy explains to you how we collect, use and otherwise process your personal information. We only collect the minimum amount of personal information that is necessary to fulfill the purpose of your interaction with us; we do not [&hellip;]<\/p>","protected":false},"author":1,"featured_media":0,"parent":0,"menu_order":0,"comment_status":"closed","ping_status":"closed","template":"","meta":{"_eb_attr":"","_citadela_hide_page_title":"","_citadela_remove_header_space":"","_citadela_custom_class":"","_citadela_half_map_provider":"","_citadela_half_map_theme":"","_citadela_half_map_themeOSM":"","_citadela_half_map_customTheme":"","_citadela_half_map_dataType":"","_citadela_half_map_dynamicTrack":false,"_citadela_half_map_trackColor":"","_citadela_half_map_trackEndpointsColor":"","_citadela_half_map_filterCategory":"","_citadela_half_map_filterLocation":"","_citadela_half_map_filterFeatured":false,"_citadela_half_map_noDataBehavior":"empty-map","_citadela_half_map_noDataText":"","_citadela_half_map_clusterGridSize":80,"_citadela_header":false,"_citadela_header_over_content":false,"_citadela_header_text_color":"","_citadela_header_logo":[],"_citadela_header_bg_image":[],"_citadela_header_bg_position":[],"_citadela_header_bg_size":"","_citadela_header_bg_repeat":"","_citadela_header_bg_fixed":false,"_citadela_header_bg_color":"","_citadela_header_bg_image_overlay":"","_citadela_header_transparent_bg":false,"_citadela_content_width":"","_citadela_half_layout_position":"","footnotes":""},"class_list":["post-4504","page","type-page","status-publish","hentry"],"_links":{"self":[{"href":"https:\/\/www.ait-themes.club\/es\/wp-json\/wp\/v2\/pages\/4504","targetHints":{"allow":["GET"]}}],"collection":[{"href":"https:\/\/www.ait-themes.club\/es\/wp-json\/wp\/v2\/pages"}],"about":[{"href":"https:\/\/www.ait-themes.club\/es\/wp-json\/wp\/v2\/types\/page"}],"author":[{"embeddable":true,"href":"https:\/\/www.ait-themes.club\/es\/wp-json\/wp\/v2\/users\/1"}],"replies":[{"embeddable":true,"href":"https:\/\/www.ait-themes.club\/es\/wp-json\/wp\/v2\/comments?post=4504"}],"version-history":[{"count":9,"href":"https:\/\/www.ait-themes.club\/es\/wp-json\/wp\/v2\/pages\/4504\/revisions"}],"predecessor-version":[{"id":96851,"href":"https:\/\/www.ait-themes.club\/es\/wp-json\/wp\/v2\/pages\/4504\/revisions\/96851"}],"wp:attachment":[{"href":"https:\/\/www.ait-themes.club\/es\/wp-json\/wp\/v2\/media?parent=4504"}],"curies":[{"name":"wp","href":"https:\/\/api.w.org\/{rel}","templated":true}]}}