{"id":4502,"date":"2021-07-09T11:51:15","date_gmt":"2021-07-09T11:51:15","guid":{"rendered":"https:\/\/www.ait-themes.club\/?page_id=4502"},"modified":"2023-10-20T11:30:11","modified_gmt":"2023-10-20T11:30:11","slug":"cookies","status":"publish","type":"page","link":"https:\/\/www.ait-themes.club\/es\/galletas\/","title":{"rendered":"Galletas"},"content":{"rendered":"<p>Para que este sitio funcione correctamente, a veces colocamos peque\u00f1os archivos de datos llamados cookies en su dispositivo. La mayor\u00eda de los grandes sitios web tambi\u00e9n hacen esto.<\/p>\n\n\n\n<h2 class=\"wp-block-heading\">\u00bfQu\u00e9 son las galletas?<\/h2>\n\n\n\n<p>Una cookie es un peque\u00f1o archivo de texto que un sitio web guarda en su computadora o dispositivo m\u00f3vil cuando visita el sitio. Permite que el sitio web recuerde sus acciones y preferencias (como inicio de sesi\u00f3n, idioma, tama\u00f1o de fuente y otras preferencias de visualizaci\u00f3n) durante un per\u00edodo de tiempo, para que no tenga que volver a ingresarlas cada vez que regrese al sitio o navegar de una p\u00e1gina a otra.<\/p>\n\n\n\n<h2 class=\"wp-block-heading\">C\u00f3mo usamos las cookies?<\/h2>\n\n\n\n<p>Varias de nuestras p\u00e1ginas utilizan cookies para recordar:<\/p>\n\n\n\n<ul class=\"wp-block-list\"><li>sus preferencias de visualizaci\u00f3n, como la configuraci\u00f3n de color de contraste o el tama\u00f1o de fuente<\/li><li>si ya respondi\u00f3 a una ventana emergente de encuesta que le pregunta si el contenido fue \u00fatil o no (para que no se le vuelva a preguntar)<\/li><li>S\u00ed ha aceptado (o no) el uso de cookies en este sitio<\/li><\/ul>\n\n\n\n<p>Adem\u00e1s, algunos videos incrustados en nuestras p\u00e1ginas usan una cookie para recopilar estad\u00edsticas de forma an\u00f3nima sobre c\u00f3mo lleg\u00f3 all\u00ed y qu\u00e9 videos visit\u00f3.<br>Habilitar estas cookies no es estrictamente necesario para que el sitio web funcione, pero le brindar\u00e1 una mejor experiencia de navegaci\u00f3n. Puede eliminar o bloquear estas cookies, pero si lo hace, es posible que algunas caracter\u00edsticas de este sitio no funcionen seg\u00fan lo previsto.<br>La informaci\u00f3n relacionada con las cookies no se usa para identificarlo personalmente y los datos del patr\u00f3n est\u00e1n totalmente bajo nuestro control. Estas cookies no se utilizan para ning\u00fan otro prop\u00f3sito que no sea el aqu\u00ed descrito.<\/p>\n\n\n\n<h2 class=\"wp-block-heading\">\u00bfUtilizamos otras cookies?<\/h2>\n\n\n\n<p>Algunas de nuestras p\u00e1ginas o subsitios pueden utilizar cookies adicionales o diferentes a las descritas anteriormente. En caso afirmativo, los detalles de estos se proporcionar\u00e1n en su p\u00e1gina espec\u00edfica de aviso de cookies. Es posible que se le solicite su consentimiento para almacenar estas cookies.<br>C\u00f3mo controlar las cookies<\/p>\n\n\n\n<p>Puede controlar y\/o eliminar las cookies como desee; para obtener m\u00e1s informaci\u00f3n, consulte aboutcookies.org. Puede eliminar todas las cookies que ya est\u00e1n en su computadora y puede configurar la mayor\u00eda de los navegadores para evitar que se coloquen. Sin embargo, si hace esto, es posible que deba ajustar manualmente algunas preferencias cada vez que visite un sitio y es posible que algunos servicios y funcionalidades no funcionen.<\/p>","protected":false},"excerpt":{"rendered":"<p>Para que este sitio funcione correctamente, a veces colocamos peque\u00f1os archivos de datos llamados cookies en su dispositivo. La mayor\u00eda de los grandes sitios web tambi\u00e9n hacen esto. \u00bfQu\u00e9 son las galletas? Una cookie es un peque\u00f1o archivo de texto que un sitio web guarda en su computadora o dispositivo m\u00f3vil cuando visita el sitio. Permite que el sitio web recuerde sus acciones [\u2026]<\/p>","protected":false},"author":1,"featured_media":0,"parent":0,"menu_order":0,"comment_status":"closed","ping_status":"closed","template":"","meta":{"_eb_attr":"","_citadela_hide_page_title":"","_citadela_remove_header_space":"","_citadela_custom_class":"","_citadela_half_map_provider":"","_citadela_half_map_theme":"","_citadela_half_map_themeOSM":"","_citadela_half_map_customTheme":"","_citadela_half_map_dataType":"","_citadela_half_map_dynamicTrack":false,"_citadela_half_map_trackColor":"","_citadela_half_map_trackEndpointsColor":"","_citadela_half_map_filterCategory":"","_citadela_half_map_filterLocation":"","_citadela_half_map_filterFeatured":false,"_citadela_half_map_noDataBehavior":"empty-map","_citadela_half_map_noDataText":"","_citadela_half_map_clusterGridSize":80,"_citadela_header":false,"_citadela_header_over_content":false,"_citadela_header_text_color":"","_citadela_header_logo":[],"_citadela_header_bg_image":[],"_citadela_header_bg_position":[],"_citadela_header_bg_size":"","_citadela_header_bg_repeat":"","_citadela_header_bg_fixed":false,"_citadela_header_bg_color":"","_citadela_header_bg_image_overlay":"","_citadela_header_transparent_bg":false,"_citadela_content_width":"","_citadela_half_layout_position":"","footnotes":""},"class_list":["post-4502","page","type-page","status-publish","hentry"],"_links":{"self":[{"href":"https:\/\/www.ait-themes.club\/es\/wp-json\/wp\/v2\/pages\/4502","targetHints":{"allow":["GET"]}}],"collection":[{"href":"https:\/\/www.ait-themes.club\/es\/wp-json\/wp\/v2\/pages"}],"about":[{"href":"https:\/\/www.ait-themes.club\/es\/wp-json\/wp\/v2\/types\/page"}],"author":[{"embeddable":true,"href":"https:\/\/www.ait-themes.club\/es\/wp-json\/wp\/v2\/users\/1"}],"replies":[{"embeddable":true,"href":"https:\/\/www.ait-themes.club\/es\/wp-json\/wp\/v2\/comments?post=4502"}],"version-history":[{"count":0,"href":"https:\/\/www.ait-themes.club\/es\/wp-json\/wp\/v2\/pages\/4502\/revisions"}],"wp:attachment":[{"href":"https:\/\/www.ait-themes.club\/es\/wp-json\/wp\/v2\/media?parent=4502"}],"curies":[{"name":"wp","href":"https:\/\/api.w.org\/{rel}","templated":true}]}}