{"id":4498,"date":"2021-07-09T11:49:50","date_gmt":"2021-07-09T11:49:50","guid":{"rendered":"https:\/\/www.ait-themes.club\/?page_id=4498"},"modified":"2025-04-22T14:17:03","modified_gmt":"2025-04-22T12:17:03","slug":"terms-of-use","status":"publish","type":"page","link":"https:\/\/www.ait-themes.club\/es\/condiciones-de-uso\/","title":{"rendered":"Condiciones de uso"},"content":{"rendered":"<h2 class=\"wp-block-heading\" id=\"definitions\">Definiciones<\/h2>\n\n\n\n<ol class=\"wp-block-list\">\n<li>\u201cCompany\u201d is AitThemes. Company email address for pre-sale enquiries is info@ait-themes.club.<\/li>\n\n\n\n<li>\u201cP\u00e1gina web\u201d es la p\u00e1gina web ubicada en la siguiente direcci\u00f3n: https:\/\/www.ait-themes.club<\/li>\n\n\n\n<li>\u201cTema\u201d es la plantilla web desarrollada por la Compa\u00f1\u00eda y ubicada en la p\u00e1gina web con la intenci\u00f3n de venderla.<\/li>\n\n\n\n<li>\u201cComplemento\u201d es el complemento web desarrollado por la Compa\u00f1\u00eda y ubicado en la p\u00e1gina web con la intenci\u00f3n de venderlo.<\/li>\n\n\n\n<li>\u201cCliente\u201d es una persona que se registr\u00f3 en la P\u00e1gina Web y pag\u00f3 por algunos de los paquetes de Servicios.<\/li>\n<\/ol>\n\n\n\n<h2 class=\"wp-block-heading\" id=\"service-packages\">Paquetes de servicios<\/h2>\n\n\n\n<p>La Compa\u00f1\u00eda proporciona los siguientes paquetes de Servicios a sus clientes, junto con la descripci\u00f3n de los servicios contenidos en ellos.<\/p>\n\n\n\n<h3 class=\"wp-block-heading\">Paquete CitadelaWP<\/h3>\n\n\n\n<ul class=\"wp-block-list\">\n<li>Tema CitadelaWP<\/li>\n\n\n\n<li>Plugin CitadelaWP Pro<\/li>\n\n\n\n<li>Plugin CitadelaWP Listing<\/li>\n\n\n\n<li>Dise\u00f1os de inicio<\/li>\n\n\n\n<li>1 licencia de sitio web<\/li>\n\n\n\n<li>Licencia de uso de por vida<\/li>\n\n\n\n<li>Acceso de por vida a las actualizaciones<\/li>\n\n\n\n<li>1 a\u00f1o de acceso al soporte<\/li>\n<\/ul>\n\n\n\n<h3 class=\"wp-block-heading\">CitadelaWP Package Unlimited<\/h3>\n\n\n\n<ul class=\"wp-block-list\">\n<li>Tema CitadelaWP<\/li>\n\n\n\n<li>Plugin CitadelaWP Pro<\/li>\n\n\n\n<li>Plugin CitadelaWP Listing<\/li>\n\n\n\n<li>Dise\u00f1os de inicio<\/li>\n\n\n\n<li>Licencia ilimitada de sitios web<\/li>\n\n\n\n<li>Licencia de uso de por vida<\/li>\n\n\n\n<li>Acceso de por vida a las actualizaciones<\/li>\n\n\n\n<li>1 a\u00f1o de acceso al soporte<\/li>\n<\/ul>\n\n\n\n<h2 class=\"wp-block-heading\" id=\"value-added-tax-vat\">Impuesto al Valor Agregado (IVA)<\/h2>\n\n\n\n<p>El sujeto pasivo del IVA es la persona a la que se presta el servicio (seg\u00fan los art\u00edculos 193 a 196 de la Directiva del Consejo 2006\/112\/CE, de 28 de noviembre de 2006, sobre el sistema com\u00fan del impuesto sobre el valor a\u00f1adido, modificada por la Directiva del Consejo 2006\/ 138\/CE de 19 de diciembre de 2006). El IVA se agrega al precio del paquete de Servicios de acuerdo con la Ley respectiva de la Rep\u00fablica Eslovaca si un Cliente est\u00e1 registrado como contribuyente de IVA y proporciona a la Compa\u00f1\u00eda un N\u00famero de IVA correcto. El IVA se rige por las Leyes de la Rep\u00fablica Eslovaca y por el Reglamento de Ejecuci\u00f3n (UE) n.\u00ba 282\/2011 del Consejo, de 15 de marzo de 2011, por el que se establecen medidas de aplicaci\u00f3n de la Directiva 2006\/112\/CE sobre el Sistema Com\u00fan del Impuesto sobre el Valor A\u00f1adido.<\/p>\n\n\n\n<h2 class=\"wp-block-heading\" id=\"registration-and-payment\">Inscripci\u00f3n y Pago<\/h2>\n\n\n\n<ol class=\"wp-block-list\">\n<li>Si un Cliente desea utilizar algunos de los paquetes de Servicios, debe registrarse en la p\u00e1gina web.<\/li>\n\n\n\n<li>Al registrarse, el Cliente env\u00eda los datos solicitados, como: direcci\u00f3n de correo electr\u00f3nico (utilizada como inicio de sesi\u00f3n), contrase\u00f1a, nombre de la empresa, direcci\u00f3n de la empresa, pa\u00eds, n\u00famero de registro de la empresa y, si el Cliente paga el IVA, tambi\u00e9n su N\u00famero de IVA, y son se les pide que paguen el precio del paquete de Servicios que eligieron. El Cliente tambi\u00e9n est\u00e1 obligado a familiarizarse y aceptar estos T\u00e9rminos de uso. El Cliente es responsable de la veracidad de los datos que declara.<\/li>\n\n\n\n<li>Los paquetes de servicios se pagan directamente a trav\u00e9s de Braintree, Stripe o PayPal.<\/li>\n\n\n\n<li>Los detalles de pago, como el n\u00famero de tarjeta de cr\u00e9dito, no se env\u00edan ni almacenan en ning\u00fan servidor de la empresa.<\/li>\n\n\n\n<li>Una vez que se paga el paquete de Servicios, se activan el nombre de usuario y la contrase\u00f1a del Cliente, lo que les permite iniciar sesi\u00f3n en la p\u00e1gina web y descargar temas.<\/li>\n\n\n\n<li>El cliente acepta ser contactado por correo electr\u00f3nico con respecto a los productos y servicios de la Compa\u00f1\u00eda.<\/li>\n\n\n\n<li>Los temas y complementos se publican bajo el&nbsp;<a href=\"https:\/\/www.ait-themes.club\/es\/licencia\/\">Licencia p\u00fablica GNU versi\u00f3n 3.0 (GPL)<\/a>.<\/li>\n<\/ol>\n\n\n\n<h2 class=\"wp-block-heading\" id=\"upgrading-to-a-higher-service-package\">Actualizar a un paquete de servicio superior<\/h2>\n\n\n\n<ol class=\"wp-block-list\">\n<li>Customer is entitled to upgrading to higher Membership within 90 days of original purchase date.<\/li>\n\n\n\n<li>La actualizaci\u00f3n se realiza despu\u00e9s de iniciar sesi\u00f3n en la p\u00e1gina web y luego de que el Cliente pague el precio de actualizaci\u00f3n especificado en el sitio web.<\/li>\n\n\n\n<li>El pago de dicha actualizaci\u00f3n a un paquete de Servicio superior se realiza a trav\u00e9s de Braintree, Stripe o PayPal.<\/li>\n\n\n\n<li>La validez del paquete de Servicio superior es la misma que la validez del paquete de Servicio del Cliente original.<\/li>\n<\/ol>\n\n\n\n<h2 class=\"wp-block-heading\" id=\"renewal-of-the-service-package-validity\">Renovaci\u00f3n de la vigencia del paquete de Servicios<\/h2>\n\n\n\n<ol class=\"wp-block-list\">\n<li>El per\u00edodo de validez de cada paquete de Servicio depende del paquete adquirido.<\/li>\n\n\n\n<li>Antes de la expiraci\u00f3n del per\u00edodo de validez del paquete de Servicios, se informa al Cliente a trav\u00e9s de un correo electr\u00f3nico automatizado.<\/li>\n\n\n\n<li>Si un Cliente est\u00e1 interesado en la renovaci\u00f3n de la validez del paquete de Servicios, est\u00e1 obligado a renovar la validez del paquete de Servicios despu\u00e9s de iniciar sesi\u00f3n en el sitio web.<\/li>\n\n\n\n<li>Si un Cliente acepta, los Paquetes de servicios se renuevan autom\u00e1ticamente a trav\u00e9s de Braintree, Stripe o PayPal.<\/li>\n<\/ol>\n\n\n\n<h2 class=\"wp-block-heading\" id=\"money-refund\">Prueba y reembolso de dinero<\/h2>\n\n\n\n<ol class=\"wp-block-list\">\n<li>El cliente tiene derecho a probar todas las funciones de forma gratuita antes de la compra.<\/li>\n\n\n\n<li>Si un Cliente no est\u00e1 satisfecho con el paquete de Servicios, tiene derecho a solicitar un reembolso de dinero a la Compa\u00f1\u00eda.<\/li>\n\n\n\n<li>The right to money refund may only be applied by the Customer within 14 days from the day of their registration and first theme purchase.<\/li>\n\n\n\n<li>El cliente solo puede solicitar un reembolso a trav\u00e9s de <a href=\"https:\/\/system.ait-themes.club\/es\/support\/\">URL siguiente<\/a>.<\/li>\n\n\n\n<li>La empresa tiene 30 d\u00edas para procesar la solicitud de reembolso.<\/li>\n\n\n\n<li>Una vez que se reembolsa el dinero, se cancela el acceso del Cliente al sitio web utilizando su nombre de usuario y contrase\u00f1a y se rescinde la licencia del Cliente para usar temas, complementos y claves API.<\/li>\n<\/ol>\n\n\n\n<h2 class=\"wp-block-heading\" id=\"technical-support\">Apoyo t\u00e9cnico<\/h2>\n\n\n\n<ol class=\"wp-block-list\">\n<li>Cada paquete de Servicio contiene soporte t\u00e9cnico proporcionado por la Compa\u00f1\u00eda bajo las condiciones establecidas a continuaci\u00f3n.<\/li>\n\n\n\n<li>El soporte t\u00e9cnico solo se brinda de lunes a viernes de 9 a. m. a 5 p. m., hora de Europa Central.<\/li>\n\n\n\n<li>El soporte t\u00e9cnico incluye el soporte de las propiedades adecuadas y la funcionalidad del tema.<\/li>\n\n\n\n<li>El soporte t\u00e9cnico no incluye: soporte y configuraci\u00f3n de la funcionalidad general de WordPress, ayuda con las modificaciones y personalizaciones del tema, configuraci\u00f3n de complementos de terceros y garant\u00eda de compatibilidad, ampliaci\u00f3n de las funciones y soluciones predeterminadas del tema para la funcionalidad que no se presenta dentro del tema.<\/li>\n\n\n\n<li>El soporte t\u00e9cnico se proporciona principalmente en idioma ingl\u00e9s.<\/li>\n<\/ol>\n\n\n\n<h2 class=\"wp-block-heading\" id=\"api-keys\">claves API<\/h2>\n\n\n\n<ol class=\"wp-block-list\">\n<li>El Cliente con un paquete de Servicio v\u00e1lido tiene derecho a generar y usar la clave API para cada sitio web en el que use los Productos. El paquete de servicio inactivo desactiva autom\u00e1ticamente todas las claves API asociadas.<\/li>\n\n\n\n<li>Est\u00e1 prohibido revender, redistribuir, reproducir o compartir claves API. La violaci\u00f3n conducir\u00e1 al cierre inmediato de la cuenta del cliente sin compensaci\u00f3n de reembolso.<\/li>\n<\/ol>\n\n\n\n<h2 class=\"wp-block-heading\" id=\"limitation-of-liability\">Limitaci\u00f3n de responsabilidad<\/h2>\n\n\n\n<p>En ning\u00fan caso, a menos que lo exija la ley aplicable o se acuerde por escrito, el titular de los derechos de autor, o cualquier otra parte que modifique y\/o transmita el tema o el complemento seg\u00fan lo permitido anteriormente, ser\u00e1 responsable ante usted por da\u00f1os, incluidos da\u00f1os generales, especiales, incidentales. o da\u00f1os consecuentes que surjan del uso o la incapacidad de usar el tema o el complemento (incluidos, entre otros, la p\u00e9rdida de datos o datos que se vuelven inexactos o p\u00e9rdidas sufridas por usted o terceros o una falla del tema o complemento para operar con cualquier otros temas o complementos), incluso si dicho titular u otra parte han sido advertidos de la posibilidad de tales da\u00f1os.<\/p>\n\n\n\n<h2 class=\"wp-block-heading\" id=\"gpl-license\">Licencia GPL<\/h2>\n\n\n\n<p>Todos los temas y complementos disponibles para descargar en el sitio web tienen licencia&nbsp;<a href=\"https:\/\/www.ait-themes.club\/es\/licencia\/\">GPL v3 o posterior<\/a>.<\/p>\n\n\n\n<h2 class=\"wp-block-heading\" id=\"changes-of-terms-of-use\">Cambios de T\u00e9rminos de Uso<\/h2>\n\n\n\n<p>La Compa\u00f1\u00eda se reserva el derecho de modificar unilateralmente estos T\u00e9rminos de Uso.<\/p>","protected":false},"excerpt":{"rendered":"<p>Definiciones Paquetes de servicios La Empresa ofrece a sus clientes los siguientes paquetes de servicios, junto con la descripci\u00f3n de los servicios que contienen. CitadelaWP Package CitadelaWP Package Unlimited Impuesto sobre el Valor A\u00f1adido (IVA) El sujeto pasivo del IVA es la persona a la que se presta el servicio (de conformidad con los art\u00edculos 193 a 196 de la Directiva 2006\/112\/CE del Consejo de [...]<\/p>","protected":false},"author":1,"featured_media":0,"parent":0,"menu_order":0,"comment_status":"closed","ping_status":"closed","template":"","meta":{"_eb_attr":"","_citadela_hide_page_title":"","_citadela_remove_header_space":"","_citadela_custom_class":"","_citadela_half_map_provider":"","_citadela_half_map_theme":"","_citadela_half_map_themeOSM":"","_citadela_half_map_customTheme":"","_citadela_half_map_dataType":"","_citadela_half_map_dynamicTrack":false,"_citadela_half_map_trackColor":"","_citadela_half_map_trackEndpointsColor":"","_citadela_half_map_filterCategory":"","_citadela_half_map_filterLocation":"","_citadela_half_map_filterFeatured":false,"_citadela_half_map_noDataBehavior":"empty-map","_citadela_half_map_noDataText":"","_citadela_half_map_clusterGridSize":80,"_citadela_header":false,"_citadela_header_over_content":false,"_citadela_header_text_color":"","_citadela_header_logo":[],"_citadela_header_bg_image":[],"_citadela_header_bg_position":[],"_citadela_header_bg_size":"","_citadela_header_bg_repeat":"","_citadela_header_bg_fixed":false,"_citadela_header_bg_color":"","_citadela_header_bg_image_overlay":"","_citadela_header_transparent_bg":false,"_citadela_content_width":"","_citadela_half_layout_position":"","footnotes":""},"class_list":["post-4498","page","type-page","status-publish","hentry"],"_links":{"self":[{"href":"https:\/\/www.ait-themes.club\/es\/wp-json\/wp\/v2\/pages\/4498","targetHints":{"allow":["GET"]}}],"collection":[{"href":"https:\/\/www.ait-themes.club\/es\/wp-json\/wp\/v2\/pages"}],"about":[{"href":"https:\/\/www.ait-themes.club\/es\/wp-json\/wp\/v2\/types\/page"}],"author":[{"embeddable":true,"href":"https:\/\/www.ait-themes.club\/es\/wp-json\/wp\/v2\/users\/1"}],"replies":[{"embeddable":true,"href":"https:\/\/www.ait-themes.club\/es\/wp-json\/wp\/v2\/comments?post=4498"}],"version-history":[{"count":45,"href":"https:\/\/www.ait-themes.club\/es\/wp-json\/wp\/v2\/pages\/4498\/revisions"}],"predecessor-version":[{"id":97111,"href":"https:\/\/www.ait-themes.club\/es\/wp-json\/wp\/v2\/pages\/4498\/revisions\/97111"}],"wp:attachment":[{"href":"https:\/\/www.ait-themes.club\/es\/wp-json\/wp\/v2\/media?parent=4498"}],"curies":[{"name":"wp","href":"https:\/\/api.w.org\/{rel}","templated":true}]}}