{"id":95123,"date":"2023-05-24T08:34:46","date_gmt":"2023-05-24T06:34:46","guid":{"rendered":"https:\/\/www.ait-themes.club\/?page_id=95123"},"modified":"2024-10-11T11:34:46","modified_gmt":"2024-10-11T09:34:46","slug":"aitthemes-voucher","status":"publish","type":"page","link":"https:\/\/www.ait-themes.club\/de\/aitthemes-gutschein\/","title":{"rendered":"Ait Themes-Gutschein"},"content":{"rendered":"<div class=\"wp-block-citadela-blocks-custom-container citadela-block-custom-container size-wide bg-type-image inside-space-zero bg-size-full-horizontal has-bg has-overlay header-pricing\" style=\"background-image:linear-gradient(350deg, rgba(209, 221, 232, 1) 0%, rgba(234, 243, 244, 1) 100%)\"><div class=\"bg-image-wrapper\" style=\"background-image:url(https:\/\/www.ait-themes.club\/wp-content\/uploads\/2021\/10\/header-pricing-circles-bottom-min.png);background-repeat:no-repeat;background-position:50% 100%\"><\/div><div class=\"bg-image-overlay\" style=\"opacity:0.5\"><\/div><div class=\"inner-holder\">\n<div class=\"wp-block-citadela-blocks-custom-container citadela-block-custom-container responsive-options loading-image size-wide bg-type-image inside-space-none bg-size-full-horizontal has-bg has-overlay cluster-pricing\" style=\"background-color:rgba(255, 255, 255, 0)\" data-block-attr=\"{&quot;backgroundImage&quot;:&quot;url(https:\/\/www.ait-themes.club\/wp-content\/uploads\/2021\/10\/header-pricing-small-min.png)&quot;,&quot;position&quot;:&quot;50% 100%&quot;}\" data-block-mobile-breakpoint=\"600\"><div class=\"bg-image-wrapper\" style=\"background-image:url(https:\/\/www.ait-themes.club\/wp-content\/uploads\/2021\/10\/header-pricing-min.png);background-repeat:no-repeat;background-position:50% 20%\"><\/div><div class=\"bg-image-overlay\" style=\"opacity:0.5\"><\/div><div class=\"inner-holder\">\n<div class=\"wp-block-citadela-blocks-spacer citadela-block-spacer responsive-options loading\" data-block-attr=\"{&quot;desktop&quot;:{&quot;height&quot;:&quot;68px&quot;},&quot;mobile&quot;:{&quot;height&quot;:&quot;23px&quot;}}\" data-block-mobile-breakpoint=\"600\"><div class=\"inner-holder\" style=\"padding-top:68px\"><\/div><\/div>\n\n\n\n<div class=\"wp-block-columns is-layout-flex wp-container-core-columns-is-layout-9d6595d7 wp-block-columns-is-layout-flex\">\n<div class=\"wp-block-column is-layout-flow wp-block-column-is-layout-flow\" style=\"flex-basis:58%\">\n<div class=\"wp-block-citadela-blocks-custom-container citadela-block-custom-container size-wide bg-type-none inside-space-small\"><div class=\"inner-holder\">\n<div class=\"wp-block-citadela-blocks-spacer citadela-block-spacer negative-height\"><div class=\"inner-holder\" style=\"margin-top:-20px\"><\/div><\/div>\n\n\n\n<div class=\"wp-block-citadela-blocks-spacer citadela-block-spacer responsive-options loading\" data-block-attr=\"{&quot;desktop&quot;:{&quot;height&quot;:&quot;16%&quot;},&quot;mobile&quot;:{&quot;height&quot;:&quot;4.5vw&quot;}}\" data-block-mobile-breakpoint=\"1920\"><div class=\"inner-holder\" style=\"padding-top:16%\"><\/div><\/div>\n\n\n         <div \r\n            class=\"citadela-block-responsive-text weight-700 align-left responsive-options loading\"\r\n            data-block-mobile-attr=\"{&quot;desktop&quot;:{&quot;fontSize&quot;:&quot;48px&quot;,&quot;lineHeight&quot;:1.2},&quot;mobile&quot;:{&quot;fontSize&quot;:&quot;37px&quot;,&quot;lineHeight&quot;:1.2}}\"            data-block-mobile-breakpoint=\"600\"         >\r\n            <h1 class=\"inner-tag\" style=\"font-size: 48px; font-weight: 700; line-height: 1.2; color: #1d2a63;\">Ait Themes-Gutschein<\/h1>         <\/div>\r\n      \n\n\n<div class=\"wp-block-citadela-blocks-spacer citadela-block-spacer\"><div class=\"inner-holder\" style=\"padding-top:1.5em\"><\/div><\/div>\n\n\n\n<div class=\"wp-block-columns is-layout-flex wp-container-core-columns-is-layout-9d6595d7 wp-block-columns-is-layout-flex\">\n<div class=\"wp-block-column is-layout-flow wp-block-column-is-layout-flow\" style=\"flex-basis:545px\">         <div \r\n            class=\"citadela-block-responsive-text align-left responsive-options loading\"\r\n            data-block-mobile-attr=\"{&quot;desktop&quot;:{&quot;fontSize&quot;:&quot;22px&quot;,&quot;lineHeight&quot;:1.7},&quot;mobile&quot;:{&quot;fontSize&quot;:&quot;20px&quot;,&quot;lineHeight&quot;:1.7}}\"            data-block-mobile-breakpoint=\"1200\"         >\r\n            <p class=\"inner-tag\" style=\"font-size: 22px; line-height: 1.7; color: #28396f;\">Bringen Sie Ihren Sommer mit AitThemes zum Brutzeln! Genie\u00dfen Sie einen exklusiven Rabatt mit unserem Sommer-Gutscheincode. Erschlie\u00dfen Sie sich eine Welt erstklassiger WordPress-Produkte f\u00fcr Ihre Website-Anforderungen. Steigern Sie Ihre Online-Pr\u00e4senz und sparen Sie viel bei unseren Mitgliedschaften. Erleben Sie die Zeit des Wachstums und der Kreativit\u00e4t mit AitThemes. Lassen Sie sich das nicht entgehen und sichern Sie sich noch heute Ihren Rabatt!<br><br>Ait Themes-Gutscheincode:<strong> <a href=\"http:\/\/system.ait-themes.club\/join\/membership\/agency?voucher=SUMMERDEAL\">50RABATT<\/a><\/strong><\/p>         <\/div>\r\n      <\/div>\n<\/div>\n<\/div><\/div>\n<\/div>\n\n\n\n<div class=\"wp-block-column is-vertically-aligned-bottom is-layout-flow wp-block-column-is-layout-flow\">\n<div class=\"wp-block-citadela-blocks-spacer citadela-block-spacer responsive-options loading\" data-block-attr=\"{&quot;desktop&quot;:{&quot;height&quot;:&quot;400px&quot;},&quot;mobile&quot;:{&quot;height&quot;:&quot;10vw&quot;}}\" data-block-mobile-breakpoint=\"600\"><div class=\"inner-holder\" style=\"padding-top:400px\"><\/div><\/div>\n<\/div>\n<\/div>\n\n\n\n<div class=\"wp-block-citadela-blocks-spacer citadela-block-spacer negative-height\"><div class=\"inner-holder\" style=\"margin-top:-1.75em\"><\/div><\/div>\n\n\n\n<div class=\"wp-block-citadela-blocks-spacer citadela-block-spacer responsive-options loading\" data-block-attr=\"{&quot;desktop&quot;:{&quot;height&quot;:&quot;50px&quot;},&quot;mobile&quot;:{&quot;height&quot;:&quot;70vw&quot;}}\" data-block-mobile-breakpoint=\"600\"><div class=\"inner-holder\" style=\"padding-top:50px\"><\/div><\/div>\n<\/div><\/div>\n\n\n\n<div class=\"wp-block-citadela-blocks-spacer citadela-block-spacer responsive-options loading\" data-block-attr=\"{&quot;desktop&quot;:{&quot;height&quot;:&quot;0px&quot;},&quot;mobile&quot;:{&quot;height&quot;:&quot;170px&quot;}}\" data-block-mobile-breakpoint=\"600\"><div class=\"inner-holder\" style=\"padding-top:0px\"><\/div><\/div>\n<\/div><\/div>\n\n\n\n<div class=\"wp-block-citadela-blocks-spacer citadela-block-spacer negative-height\"><div class=\"inner-holder\" style=\"margin-top:-130px\"><\/div><\/div>\n\n\n\n<p><\/p>","protected":false},"excerpt":{"rendered":"","protected":false},"author":2,"featured_media":0,"parent":0,"menu_order":0,"comment_status":"closed","ping_status":"closed","template":"","meta":{"_eb_attr":"","_citadela_hide_page_title":"1","_citadela_remove_header_space":"1","_citadela_custom_class":"no-bar pricing-page","_citadela_half_map_provider":"","_citadela_half_map_theme":"","_citadela_half_map_themeOSM":"","_citadela_half_map_customTheme":"","_citadela_half_map_dataType":"","_citadela_half_map_dynamicTrack":false,"_citadela_half_map_trackColor":"","_citadela_half_map_trackEndpointsColor":"","_citadela_half_map_filterCategory":"","_citadela_half_map_filterLocation":"","_citadela_half_map_filterFeatured":false,"_citadela_half_map_noDataBehavior":"empty-map","_citadela_half_map_noDataText":"","_citadela_half_map_clusterGridSize":80,"_citadela_header":true,"_citadela_header_over_content":true,"_citadela_header_text_color":"rgba(29, 42, 99, 1)","_citadela_header_logo":{"id":91584,"url":"https:\/\/www.ait-themes.club\/wp-content\/uploads\/2021\/10\/ait-logo-300-blue-darkblue-min.png","size":{"width":300,"height":61}},"_citadela_header_bg_image":[],"_citadela_header_bg_position":{"x":0.5,"y":0.5},"_citadela_header_bg_size":"cover","_citadela_header_bg_repeat":"no-repeat","_citadela_header_bg_fixed":false,"_citadela_header_bg_color":"","_citadela_header_bg_image_overlay":"","_citadela_header_transparent_bg":true,"_citadela_content_width":"","_citadela_half_layout_position":"","footnotes":""},"class_list":["post-95123","page","type-page","status-publish","hentry"],"_links":{"self":[{"href":"https:\/\/www.ait-themes.club\/de\/wp-json\/wp\/v2\/pages\/95123","targetHints":{"allow":["GET"]}}],"collection":[{"href":"https:\/\/www.ait-themes.club\/de\/wp-json\/wp\/v2\/pages"}],"about":[{"href":"https:\/\/www.ait-themes.club\/de\/wp-json\/wp\/v2\/types\/page"}],"author":[{"embeddable":true,"href":"https:\/\/www.ait-themes.club\/de\/wp-json\/wp\/v2\/users\/2"}],"replies":[{"embeddable":true,"href":"https:\/\/www.ait-themes.club\/de\/wp-json\/wp\/v2\/comments?post=95123"}],"version-history":[{"count":69,"href":"https:\/\/www.ait-themes.club\/de\/wp-json\/wp\/v2\/pages\/95123\/revisions"}],"predecessor-version":[{"id":96559,"href":"https:\/\/www.ait-themes.club\/de\/wp-json\/wp\/v2\/pages\/95123\/revisions\/96559"}],"wp:attachment":[{"href":"https:\/\/www.ait-themes.club\/de\/wp-json\/wp\/v2\/media?parent=95123"}],"curies":[{"name":"wp","href":"https:\/\/api.w.org\/{rel}","templated":true}]}}