{"id":4504,"date":"2021-07-09T11:51:48","date_gmt":"2021-07-09T11:51:48","guid":{"rendered":"https:\/\/www.ait-themes.club\/?page_id=4504"},"modified":"2025-01-22T11:23:54","modified_gmt":"2025-01-22T10:23:54","slug":"privacy-policy","status":"publish","type":"page","link":"https:\/\/www.ait-themes.club\/de\/datenschutz-bestimmungen\/","title":{"rendered":"Datenschutz-Bestimmungen"},"content":{"rendered":"<p>AitThemes (\u201cAitthemes\u201d, \u201cwe\u201d or \u201cus\u201d), respects your privacy and treats all your personal information accordingly.<\/p>\n\n\n\n<p>In dieser Datenschutzerkl\u00e4rung erl\u00e4utern wir Ihnen, wie wir Ihre personenbezogenen Daten erheben, nutzen und anderweitig verarbeiten. Wir erfassen nur die Mindestmenge an personenbezogenen Daten, die zur Erf\u00fcllung des Zwecks Ihrer Interaktion mit uns erforderlich ist. wir verkaufen es nicht an Dritte; und wir verwenden sie nur wie in dieser Datenschutzrichtlinie beschrieben.<\/p>\n\n\n\n<h2 class=\"wp-block-heading\">Datencontroller<\/h2>\n\n\n\n<p>AitThemes is data controller of your personal information.<\/p>\n\n\n\n<p>Wenn Sie Fragen im Zusammenhang mit dieser Datenschutzrichtlinie oder einem Aspekt unserer Verarbeitung Ihrer personenbezogenen Daten haben, k\u00f6nnen Sie sich gerne an uns wenden.<\/p>\n\n\n\n<h2 class=\"wp-block-heading\">Welche Informationen wir \u00fcber Sie sammeln und wie wir sie erhalten<\/h2>\n\n\n\n<p>Wir sammeln Informationen \u00fcber Sie auf folgende Weise:<\/p>\n\n\n\n<ul class=\"wp-block-list\">\n<li>durch Ihre Nutzung unserer Website,<\/li>\n\n\n\n<li>wenn Sie uns \u00fcber unsere Online-Anfrageformulare kontaktieren und Informationen zu unseren Produkten oder Dienstleistungen anfordern,<\/li>\n\n\n\n<li>Wenn Sie sich f\u00fcr ein Konto registrieren,<\/li>\n\n\n\n<li>wenn Sie Kommentare auf unseren Websites hinterlassen.<\/li>\n<\/ul>\n\n\n\n<p>Wir erfassen folgende personenbezogene Daten \u00fcber Sie:<\/p>\n\n\n\n<ul class=\"wp-block-list\">\n<li>E-Mail-Addresse,<\/li>\n\n\n\n<li>Firmenname, Firmenadresse, Umsatzsteuer-Registrierungsnummer, Firmenregistrierungsnummer (wenn Sie sich als Unternehmen registrieren),<\/li>\n\n\n\n<li>zahlungsbezogene Informationen, wir erfassen oder verarbeiten jedoch keine Daten zu Ihren Kreditkarten,<\/li>\n\n\n\n<li>technische Informationen aus Ihren Besuchen auf unseren Websites oder Anwendungen oder der Nutzung unserer Dienste oder in Bezug auf Materialien und Mitteilungen, die wir Ihnen elektronisch senden und<\/li>\n\n\n\n<li>alle anderen Sie betreffenden Informationen, die Sie uns zur Verf\u00fcgung stellen (z. B. aus Inhalten, die Sie auf unseren Websites ver\u00f6ffentlichen).<\/li>\n<\/ul>\n\n\n\n<p>Mithilfe von Cookies werden Informationen zur Website-Nutzung erfasst. Cookies sind Textdateien, die auf Ihrem Computer abgelegt werden, um Standard-Internetprotokollinformationen und Informationen zu Ihrem Verhalten zu sammeln. Diese Informationen werden dann verwendet, um Ihre Nutzung der Website zu verfolgen und statistische Berichte \u00fcber die Website-Aktivit\u00e4t zu erstellen.&nbsp;<\/p>\n\n\n\n<p>Sie k\u00f6nnen Ihren Browser so einstellen, dass er keine Cookies akzeptiert. Auf den oben genannten Websites erfahren Sie, wie Sie Cookies aus Ihrem Browser entfernen. Bitte beachten Sie, dass einige Funktionen unserer Website aus diesem Grund m\u00f6glicherweise nicht funktionieren. Weitere spezifische Informationen zu den von uns verwendeten Cookies finden Sie hier<a href=\"https:\/\/www.ait-themes.club\/de\/kekse\/\">&nbsp;Hier.<\/a><\/p>\n\n\n\n<h2 class=\"wp-block-heading\">Zwecke und Rechtsgrundlagen f\u00fcr die Verarbeitung Ihrer personenbezogenen Daten<\/h2>\n\n\n\n<p>Wir verarbeiten Ihre personenbezogenen Daten f\u00fcr folgende Zwecke:<\/p>\n\n\n\n<ul class=\"wp-block-list\">\n<li>um Ihnen unsere Dienstleistungen und Produkte zur Verf\u00fcgung zu stellen,<\/li>\n\n\n\n<li>um unsere Dienstleistungen und Produkte und deren Leistung zu verbessern, einschlie\u00dflich der Schaffung neuer Produkte,<\/li>\n\n\n\n<li>zur Bereitstellung und Verbesserung unserer Websites,<\/li>\n\n\n\n<li>um Ihre Fragen zu beantworten oder Sie per E-Mail zu kontaktieren, um Ihre Anforderungen zu bearbeiten oder zu erf\u00fcllen, um Ihnen Kundenservice, Updates und andere f\u00fcr unsere Dienstleistungen relevante Informationen bereitzustellen,<\/li>\n\n\n\n<li>Umfragen durchzuf\u00fchren,<\/li>\n\n\n\n<li>zur Bewerbung unserer Dienstleistungen und Produkte sowie zu Marketingzwecken,<\/li>\n\n\n\n<li>um unsere gesetzlichen Rechte auszu\u00fcben und zu verteidigen und alle gesetzlichen oder beh\u00f6rdlichen Verpflichtungen nach geltendem Recht einzuhalten,<\/li>\n\n\n\n<li>um illegale Aktivit\u00e4ten wie Betrug, Social-Engineering-Betrug oder andere Straftaten aufzudecken, zu verhindern oder zu untersuchen.<\/li>\n<\/ul>\n\n\n\n<p>Wir werden Ihre personenbezogenen Daten nur dann verarbeiten, wenn wir eine Rechtsgrundlage daf\u00fcr haben. Die Rechtsgrundlage h\u00e4ngt von den Zwecken ab, die wir erfasst haben und f\u00fcr die wir Ihre personenbezogenen Daten verwenden m\u00fcssen.<\/p>\n\n\n\n<p>Wir verarbeiten Ihre personenbezogenen Daten auf Grundlage einer oder mehrerer der folgenden Rechtsgrundlagen:<\/p>\n\n\n\n<ul class=\"wp-block-list\">\n<li>Erf\u00fcllung eines zwischen Ihnen und uns geschlossenen Vertrags und der daraus resultierenden Verpflichtungen oder Ergreifen von Ma\u00dfnahmen vor dem Abschluss eines solchen Vertrags,<\/li>\n\n\n\n<li>Einhaltung einer gesetzlichen Verpflichtung,<\/li>\n\n\n\n<li>Wir haben ein berechtigtes Interesse an der Verarbeitung Ihrer personenbezogenen Daten zum Zweck der Entwicklung unseres Gesch\u00e4fts, des Marketings, der Bereitstellung und Verbesserung unserer Websites und Dienste, der Erf\u00fcllung unserer gesetzlichen Verpflichtungen, der Kontaktaufnahme mit Ihnen gem\u00e4\u00df geltendem Recht, der Aus\u00fcbung und Verteidigung unserer gesetzlichen Rechte. Gew\u00e4hrleistung unserer physischen und elektronischen Sicherheit und Schutz unseres Eigentums (alles soweit unsere berechtigten Interessen nicht im Einzelfall durch Ihre Interessen, Grundrechte und Grundfreiheiten au\u00dfer Kraft gesetzt werden),<\/li>\n\n\n\n<li>Ihr vorheriges Einverst\u00e4ndnis.<\/li>\n<\/ul>\n\n\n\n<h2 class=\"wp-block-heading\">Wie lange wir Ihre pers\u00f6nlichen Daten aufbewahren<\/h2>\n\n\n\n<p>Wir bewahren personenbezogene Daten, die wir von Ihnen erfassen, auf, wenn hierf\u00fcr ein fortlaufender legitimer gesch\u00e4ftlicher Bedarf besteht (z. B. um Ihnen eine von Ihnen angeforderte Dienstleistung bereitzustellen oder um geltende rechtliche, steuerliche oder buchhalterische Anforderungen zu erf\u00fcllen).<\/p>\n\n\n\n<p>Wenn kein berechtigter gesch\u00e4ftlicher Bedarf besteht, Ihre personenbezogenen Daten zu verarbeiten, werden wir sie entweder l\u00f6schen oder anonymisieren oder, wenn dies nicht m\u00f6glich ist (z. B. weil Ihre personenbezogenen Daten in Backup-Archiven gespeichert wurden), Ihre personenbezogenen Daten sicher speichern personenbezogene Daten und isolieren Sie sie von jeglicher weiteren Verarbeitung, bis eine L\u00f6schung m\u00f6glich ist.<\/p>\n\n\n\n<h2 class=\"wp-block-heading\">Wie wir die von uns erfassten Informationen weitergeben<\/h2>\n\n\n\n<p>Wir verkaufen, vermieten oder geben Ihre pers\u00f6nlichen Daten nicht zu Marketingzwecken an Dritte weiter.<\/p>\n\n\n\n<p>Wir geben Ihre personenbezogenen Daten nicht ohne Ihre Einwilligung an Dritte weiter, es sei denn, dies ist zur Bearbeitung Ihrer Bestellung, zur Erf\u00fcllung Ihrer Anfrage, zur Erf\u00fcllung unserer Verpflichtungen aus etwaigen zwischen Ihnen und uns geschlossenen Vertr\u00e4gen sowie zur Verbesserung unserer Dienstleistungen und Produkte erforderlich oder wenn wir gesetzlich dazu verpflichtet sind.<\/p>\n\n\n\n<p>Wir teilen Informationen mit und nutzen:<\/p>\n\n\n\n<ul class=\"wp-block-list\">\n<li>Google Analytics, um uns Analysen bereitzustellen. Google Analytics verwendet Cookies, um nicht identifizierende Informationen zu sammeln. Google bietet einige zus\u00e4tzliche Datenschutzoptionen bez\u00fcglich seiner Analytics-Cookies unter&nbsp;<a href=\"http:\/\/www.google.com\/policies\/privacy\/partners\/\" target=\"_blank\" rel=\"noopener\">http:\/\/www.google.com\/policies\/privacy\/partners\/<\/a><\/li>\n\n\n\n<li>Google-Schriftarten und Google-API-Bibliotheken helfen uns bei der Ausf\u00fchrung unserer Produkte. Weitere Informationen finden Sie unter&nbsp;&nbsp;<a href=\"https:\/\/policies.google.com\/terms?hl=sk\" target=\"_blank\" rel=\"noopener\">https:\/\/policies.google.com\/terms?hl=sk<\/a><\/li>\n\n\n\n<li>MailChimp zur Zustellung unseres Newsletters. Wir erfassen mithilfe branchen\u00fcblicher Technologien Statistiken zum \u00d6ffnen und Klicken von E-Mails, um unseren E-Newsletter \u00fcberwachen und verbessern zu k\u00f6nnen. Weitere Informationen finden Sie unter&nbsp;<a href=\"https:\/\/mailchimp.com\/legal\/privacy\/\" target=\"_blank\" rel=\"noopener\">https:\/\/mailchimp.com\/legal\/privacy\/<\/a><\/li>\n\n\n\n<li>DigitalOcean speichert alle von uns erfassten elektronischen Informationen. Weitere Informationen finden Sie unter&nbsp;<a href=\"https:\/\/www.digitalocean.com\/security\/privacy\/\" target=\"_blank\" rel=\"noopener\">https:\/\/www.digitalocean.com\/security\/privacy\/<\/a><\/li>\n\n\n\n<li>Braintree verwaltet Ihre Zahlung f\u00fcr uns. Weitere Informationen finden Sie unter&nbsp;<a href=\"https:\/\/www.braintreepayments.com\/en-sk\/legal\/braintree-privacy-policy\" target=\"_blank\" rel=\"noopener\">https:\/\/www.braintreepayments.com\/en-sk\/legal\/braintree-privacy-policy<\/a><\/li>\n\n\n\n<li>Paypal, um Ihre Zahlung f\u00fcr uns zu verwalten. Weitere Informationen finden Sie unter <a href=\"https:\/\/www.paypal.com\/us\/webapps\/mpp\/ua\/privacy-full\" target=\"_blank\" rel=\"noopener\">https:\/\/www.paypal.com\/us\/webapps\/mpp\/ua\/privacy-full<\/a><\/li>\n\n\n\n<li>Stripe verwaltet Ihre Zahlung f\u00fcr uns. Weitere Informationen finden Sie unter <a href=\"https:\/\/stripe.com\/en-sk\/privacy\" target=\"_blank\" rel=\"noopener\">https:\/\/stripe.com\/en-sk\/privacy<\/a><\/li>\n\n\n\n<li>TypeForm hilft bei der Verbesserung. Weitere Informationen finden Sie unter&nbsp;<a href=\"https:\/\/www.typeform.com\/\" target=\"_blank\" rel=\"noopener\">https:\/\/www.typeform.com&nbsp;<\/a><\/li>\n\n\n\n<li>WordPress als Content-Management-System f\u00fcr unsere Websites. Weitere Informationen finden Sie unter&nbsp;<a href=\"https:\/\/wordpress.org\/about\/privacy\/\" target=\"_blank\" rel=\"noopener\">https:\/\/wordpress.org\/about\/privacy\/<\/a><\/li>\n<\/ul>\n\n\n\n<h2 class=\"wp-block-heading\">Sicherheit<\/h2>\n\n\n\n<p>Alle Informationen, die Sie uns zur Verf\u00fcgung stellen, werden in den sicheren Rechenzentren von DigitalOcean auf Servern in Frankfurt, Deutschland, gespeichert. DigitalOcean hat Sicherheitserkl\u00e4rungen ver\u00f6ffentlicht, die Sie unter folgendem Link finden:&nbsp;<a href=\"https:\/\/www.digitalocean.com\/security\/\" target=\"_blank\" rel=\"noopener\">https:\/\/www.digitalocean.com\/security\/<\/a>&nbsp;. Leider ist die \u00dcbertragung von Informationen im Internet nicht v\u00f6llig sicher. Obwohl wir unser Bestes tun, um Ihre pers\u00f6nlichen Daten zu sch\u00fctzen, k\u00f6nnen wir die Sicherheit Ihrer an unsere Websites \u00fcbermittelten Daten nicht garantieren; Jede \u00dcbertragung erfolgt auf Ihr eigenes Risiko. Sobald wir Ihre Daten erhalten haben, werden wir strenge Verfahren und Sicherheitsfunktionen anwenden, um unbefugten Zugriff und jeden anderen Missbrauch zu verhindern.<\/p>\n\n\n\n<h2 class=\"wp-block-heading\">Deine Rechte<\/h2>\n\n\n\n<p>Sie haben folgende Rechte bez\u00fcglich Ihrer personenbezogenen Daten:<\/p>\n\n\n\n<ul class=\"wp-block-list\">\n<li>Das Recht, uns Ihre pers\u00f6nlichen Daten nicht zur Verf\u00fcgung zu stellen. Bitte beachten Sie jedoch, dass wir Ihnen ohne Ihre personenbezogenen Daten einige Funktionen unserer Website, angeforderte Informationen und einige unserer Dienstleistungen m\u00f6glicherweise nicht in zufriedenstellender Weise oder \u00fcberhaupt nicht zur Verf\u00fcgung stellen k\u00f6nnen. &nbsp;&nbsp;&nbsp;<\/li>\n\n\n\n<li>Das Recht auf Zugang zu Ihren pers\u00f6nlichen Daten. Auf diese Weise k\u00f6nnen Sie eine Kopie der von uns \u00fcber Sie gespeicherten personenbezogenen Daten erhalten und \u00fcberpr\u00fcfen, ob wir diese rechtm\u00e4\u00dfig verarbeiten.<\/li>\n\n\n\n<li>Das Recht, Ihre personenbezogenen Daten zu berichtigen, wenn diese falsch oder unvollst\u00e4ndig sind.<\/li>\n\n\n\n<li>Das Recht, die L\u00f6schung oder Einschr\u00e4nkung der Verarbeitung Ihrer personenbezogenen Daten zu verlangen, sofern berechtigte Gr\u00fcnde vorliegen.<\/li>\n\n\n\n<li>Wenn wir Ihre personenbezogenen Daten auf der Grundlage Ihrer Einwilligung verarbeiten, haben Sie das Recht, diese Einwilligung jederzeit zu widerrufen. Bitte beachten Sie, dass ein solcher Widerruf keinen Einfluss auf die Rechtm\u00e4\u00dfigkeit der Verarbeitung Ihrer personenbezogenen Daten hat, die vor dem Datum, an dem wir den Widerruf erhalten, durchgef\u00fchrt wurde, und uns nicht daran hindert, Ihre personenbezogenen Daten auf der Grundlage einer anderen anwendbaren Rechtsgrundlage zu verarbeiten, insbesondere im Zusammenhang mit der Aus\u00fcbung und Aus\u00fcbung Verteidigung unserer Rechte gem\u00e4\u00df geltendem Recht und Erf\u00fcllung unserer gesetzlichen Verpflichtungen.<\/li>\n\n\n\n<li>Wenn wir Ihre personenbezogenen Daten auf Grundlage eines berechtigten Interesses verarbeiten, haben Sie das Recht, der Verarbeitung Ihrer personenbezogenen Daten durch uns zu widersprechen, wenn berechtigte Gr\u00fcnde vorliegen.<\/li>\n\n\n\n<li>Das Recht, Ihre personenbezogenen Daten von uns in einem strukturierten, g\u00e4ngigen und maschinenlesbaren Format zu erhalten, und das Recht, Ihre personenbezogenen Daten ohne Behinderung durch uns an einen anderen Verantwortlichen zu \u00fcbermitteln (Datenportabilit\u00e4t).<\/li>\n<\/ul>\n\n\n\n<p>Sie k\u00f6nnen uns kontaktieren, um eines der oben genannten Rechte auszu\u00fcben. Bitte beachten Sie, dass wir m\u00f6glicherweise spezifische Informationen von Ihnen anfordern, um Ihre Identit\u00e4t zu best\u00e4tigen.<\/p>\n\n\n\n<p>Wenn Sie au\u00dferdem der Meinung sind, dass unsere Verarbeitung Ihrer personenbezogenen Daten im Widerspruch zu Ihren Datenschutzrechten nach geltendem Recht steht und\/oder wir Ihre Bedenken nicht angemessen ber\u00fccksichtigt haben, haben Sie das Recht, eine Beschwerde bei der Datenschutzaufsichtsbeh\u00f6rde Ihres Landes einzureichen .<\/p>\n\n\n\n<h2 class=\"wp-block-heading\">Privatsph\u00e4re von Kindern<\/h2>\n\n\n\n<p>Wir erfassen wissentlich keine personenbezogenen Daten von Kindern unter 16 Jahren. Wenn uns bekannt wird, dass uns ein Kind unter 16 Jahren personenbezogene Daten zur Verf\u00fcgung gestellt hat, werden wir Ma\u00dfnahmen ergreifen, um diese Daten zu l\u00f6schen. Wenn Sie erfahren, dass uns ein Kind personenbezogene Daten zur Verf\u00fcgung gestellt hat, kontaktieren Sie uns bitte.<\/p>\n\n\n\n<h2 class=\"wp-block-heading\">Verarbeitung der von uns erfassten E-Mail-Adressen zu Marketingzwecken vor dem 25. Mai 2018<\/h2>\n\n\n\n<p>Bitte beachten Sie, dass wir die E-Mail-Adressen, die wir vor dem 25. Mai 2018 zu Marketingzwecken von Ihnen erfasst haben, weiterhin verarbeiten. Rechtsgrundlage f\u00fcr diese Verarbeitung ist unser berechtigtes Interesse zum Zwecke des Direktmarketings. Sie haben das Recht, gegen ein solches Verfahren Einspruch einzulegen.<\/p>\n\n\n\n<p>Sie k\u00f6nnen sich auch jederzeit vom Direktmarketing abmelden, indem Sie in jeder E-Mail, die Sie von uns erhalten, auf den Abmeldelink klicken.<\/p>\n\n\n\n<h2 class=\"wp-block-heading\">\u00c4nderungen dieser Datenschutzrichtlinie<\/h2>\n\n\n\n<p>Wir k\u00f6nnen diese Datenschutzrichtlinie jederzeit und von Zeit zu Zeit \u00e4ndern. Wenn wir \u00c4nderungen vornehmen, werden wir Sie unter Ber\u00fccksichtigung der Bedeutung dieser \u00c4nderungen auf dem am besten geeigneten Weg benachrichtigen.<\/p>\n\n\n\n<p>Die Verarbeitung Ihrer personenbezogenen Daten nach \u00c4nderungen dieser Datenschutzrichtlinie unterliegt der ge\u00e4nderten Datenschutzrichtlinie.<\/p>\n\n\n\n<p>G\u00fcltig ab 25. Mai 2018<\/p>","protected":false},"excerpt":{"rendered":"<p>AitThemes (\u201cAitthemes\u201d, \u201cwe\u201d or \u201cus\u201d), respects your privacy and treats all your personal information accordingly. This Privacy policy explains to you how we collect, use and otherwise process your personal information. We only collect the minimum amount of personal information that is necessary to fulfill the purpose of your interaction with us; we do not [&hellip;]<\/p>","protected":false},"author":1,"featured_media":0,"parent":0,"menu_order":0,"comment_status":"closed","ping_status":"closed","template":"","meta":{"_eb_attr":"","_citadela_hide_page_title":"","_citadela_remove_header_space":"","_citadela_custom_class":"","_citadela_half_map_provider":"","_citadela_half_map_theme":"","_citadela_half_map_themeOSM":"","_citadela_half_map_customTheme":"","_citadela_half_map_dataType":"","_citadela_half_map_dynamicTrack":false,"_citadela_half_map_trackColor":"","_citadela_half_map_trackEndpointsColor":"","_citadela_half_map_filterCategory":"","_citadela_half_map_filterLocation":"","_citadela_half_map_filterFeatured":false,"_citadela_half_map_noDataBehavior":"empty-map","_citadela_half_map_noDataText":"","_citadela_half_map_clusterGridSize":80,"_citadela_header":false,"_citadela_header_over_content":false,"_citadela_header_text_color":"","_citadela_header_logo":[],"_citadela_header_bg_image":[],"_citadela_header_bg_position":[],"_citadela_header_bg_size":"","_citadela_header_bg_repeat":"","_citadela_header_bg_fixed":false,"_citadela_header_bg_color":"","_citadela_header_bg_image_overlay":"","_citadela_header_transparent_bg":false,"_citadela_content_width":"","_citadela_half_layout_position":"","footnotes":""},"class_list":["post-4504","page","type-page","status-publish","hentry"],"_links":{"self":[{"href":"https:\/\/www.ait-themes.club\/de\/wp-json\/wp\/v2\/pages\/4504","targetHints":{"allow":["GET"]}}],"collection":[{"href":"https:\/\/www.ait-themes.club\/de\/wp-json\/wp\/v2\/pages"}],"about":[{"href":"https:\/\/www.ait-themes.club\/de\/wp-json\/wp\/v2\/types\/page"}],"author":[{"embeddable":true,"href":"https:\/\/www.ait-themes.club\/de\/wp-json\/wp\/v2\/users\/1"}],"replies":[{"embeddable":true,"href":"https:\/\/www.ait-themes.club\/de\/wp-json\/wp\/v2\/comments?post=4504"}],"version-history":[{"count":9,"href":"https:\/\/www.ait-themes.club\/de\/wp-json\/wp\/v2\/pages\/4504\/revisions"}],"predecessor-version":[{"id":96851,"href":"https:\/\/www.ait-themes.club\/de\/wp-json\/wp\/v2\/pages\/4504\/revisions\/96851"}],"wp:attachment":[{"href":"https:\/\/www.ait-themes.club\/de\/wp-json\/wp\/v2\/media?parent=4504"}],"curies":[{"name":"wp","href":"https:\/\/api.w.org\/{rel}","templated":true}]}}