{"id":4498,"date":"2021-07-09T11:49:50","date_gmt":"2021-07-09T11:49:50","guid":{"rendered":"https:\/\/www.ait-themes.club\/?page_id=4498"},"modified":"2025-04-22T14:17:03","modified_gmt":"2025-04-22T12:17:03","slug":"terms-of-use","status":"publish","type":"page","link":"https:\/\/www.ait-themes.club\/de\/nutzungsbedingungen\/","title":{"rendered":"Nutzungsbedingungen"},"content":{"rendered":"<h2 class=\"wp-block-heading\" id=\"definitions\">Definitionen<\/h2>\n\n\n\n<ol class=\"wp-block-list\">\n<li>\u201cCompany\u201d is AitThemes. Company email address for pre-sale enquiries is info@ait-themes.club.<\/li>\n\n\n\n<li>\u201eWebseite\u201c ist die Webseite unter der folgenden Adresse: https:\/\/www.ait-themes.club<\/li>\n\n\n\n<li>\u201eTheme\u201c ist die Webvorlage, die vom Unternehmen entwickelt wurde und sich auf der Webseite mit der Absicht befindet, sie zu verkaufen.<\/li>\n\n\n\n<li>\u201ePlugin\u201c ist das Web-Plugin, das vom Unternehmen entwickelt wurde und sich auf der Webseite mit der Absicht befindet, es zu verkaufen.<\/li>\n\n\n\n<li>\u201eKunde\u201c ist eine Person, die sich auf der Webseite registriert und f\u00fcr einige Servicepakete bezahlt hat.<\/li>\n<\/ol>\n\n\n\n<h2 class=\"wp-block-heading\" id=\"service-packages\">Servicepakete<\/h2>\n\n\n\n<p>Das Unternehmen stellt seinen Kunden die folgenden Servicepakete zusammen mit der Beschreibung der darin enthaltenen Services zur Verf\u00fcgung.<\/p>\n\n\n\n<h3 class=\"wp-block-heading\">CitadelaWP Paket<\/h3>\n\n\n\n<ul class=\"wp-block-list\">\n<li>CitadelaWP Thema<\/li>\n\n\n\n<li>CitadelaWP Pro-Plugin<\/li>\n\n\n\n<li>CitadelaWP Listing-Plugin<\/li>\n\n\n\n<li>Starter-Layouts<\/li>\n\n\n\n<li>1 Website-Lizenz<\/li>\n\n\n\n<li>Lebenslange Nutzungslizenz<\/li>\n\n\n\n<li>Lebenslanger Zugriff auf Updates<\/li>\n\n\n\n<li>1 Jahr Zugang zum Support<\/li>\n<\/ul>\n\n\n\n<h3 class=\"wp-block-heading\">CitadelaWP Package Unlimited<\/h3>\n\n\n\n<ul class=\"wp-block-list\">\n<li>CitadelaWP Thema<\/li>\n\n\n\n<li>CitadelaWP Pro-Plugin<\/li>\n\n\n\n<li>CitadelaWP Listing-Plugin<\/li>\n\n\n\n<li>Starter-Layouts<\/li>\n\n\n\n<li>Unbegrenzte Website-Lizenz<\/li>\n\n\n\n<li>Lebenslange Nutzungslizenz<\/li>\n\n\n\n<li>Lebenslanger Zugriff auf Updates<\/li>\n\n\n\n<li>1 Jahr Zugang zum Support<\/li>\n<\/ul>\n\n\n\n<h2 class=\"wp-block-heading\" id=\"value-added-tax-vat\">Mehrwertsteuer (MwSt.)<\/h2>\n\n\n\n<p>Schuldner der Mehrwertsteuer ist die Person, an die die Dienstleistung erbracht wird (gem\u00e4\u00df Artikel 193 bis 196 der Richtlinie 2006\/112\/EG des Rates vom 28. November 2006 \u00fcber das gemeinsame Mehrwertsteuersystem, ge\u00e4ndert durch die Richtlinie 2006\/112\/EG des Rates). 138\/EG vom 19. Dezember 2006). Die Mehrwertsteuer wird gem\u00e4\u00df dem jeweiligen Gesetz der Slowakischen Republik zum Preis des Servicepakets hinzugerechnet, wenn ein Kunde als Mehrwertsteuerzahler registriert ist und dem Unternehmen eine korrekte Umsatzsteuer-Identifikationsnummer mitteilt. Die Mehrwertsteuer wird durch Gesetze der Slowakischen Republik und durch die Durchf\u00fchrungsverordnung (EU) Nr. 282\/2011 des Rates vom 15. M\u00e4rz 2011 zur Festlegung von Durchf\u00fchrungsma\u00dfnahmen zur Richtlinie 2006\/112\/EG \u00fcber das Gemeinsame Mehrwertsteuersystem geregelt.<\/p>\n\n\n\n<h2 class=\"wp-block-heading\" id=\"registration-and-payment\">Anmeldung und Bezahlung<\/h2>\n\n\n\n<ol class=\"wp-block-list\">\n<li>Wenn ein Kunde einige der Servicepakete nutzen m\u00f6chte, muss er sich auf der Webseite registrieren.<\/li>\n\n\n\n<li>Bei der Registrierung \u00fcbermittelt der Kunde die angeforderten Daten wie E-Mail-Adresse (wird als Login verwendet), Passwort, Firmenname, Firmenadresse, Land, Firmenregistrierungsnummer und, wenn der Kunde Umsatzsteuerzahler ist, auch seine Umsatzsteuer-Identifikationsnummer aufgefordert, den Preis des von ihnen gew\u00e4hlten Servicepakets zu zahlen. Der Kunde ist au\u00dferdem verpflichtet, sich mit diesen Nutzungsbedingungen vertraut zu machen und ihnen zuzustimmen. Der Kunde tr\u00e4gt die Verantwortung f\u00fcr die Richtigkeit der von ihm angegebenen Daten.<\/li>\n\n\n\n<li>Die Bezahlung der Servicepakete erfolgt direkt \u00fcber Braintree, Stripe oder PayPal.<\/li>\n\n\n\n<li>Zahlungsdetails wie Kreditkartennummern werden nicht an einen Unternehmensserver gesendet oder gespeichert.<\/li>\n\n\n\n<li>Nachdem das Servicepaket bezahlt wurde, werden der Benutzername und das Passwort des Kunden aktiviert, sodass er sich auf der Webseite anmelden und Themes herunterladen kann.<\/li>\n\n\n\n<li>Der Kunde erkl\u00e4rt sich damit einverstanden, per E-Mail bez\u00fcglich der Produkte und Dienstleistungen des Unternehmens kontaktiert zu werden.<\/li>\n\n\n\n<li>Themes und Plugins werden unter ver\u00f6ffentlicht&nbsp;<a href=\"https:\/\/www.ait-themes.club\/de\/lizenz\/\">GNU Public License Version 3.0 (GPL)<\/a>.<\/li>\n<\/ol>\n\n\n\n<h2 class=\"wp-block-heading\" id=\"upgrading-to-a-higher-service-package\">Upgrade auf ein h\u00f6heres Servicepaket<\/h2>\n\n\n\n<ol class=\"wp-block-list\">\n<li>Customer is entitled to upgrading to higher Membership within 90 days of original purchase date.<\/li>\n\n\n\n<li>Das Upgrade erfolgt nach der Anmeldung auf der Webseite und der Zahlung des auf der Website angegebenen Upgrade-Preises durch den Kunden.<\/li>\n\n\n\n<li>Die Zahlung f\u00fcr ein solches Upgrade auf ein h\u00f6heres Servicepaket erfolgt \u00fcber Braintree, Stripe oder PayPal.<\/li>\n\n\n\n<li>Die G\u00fcltigkeit des h\u00f6heren Servicepakets entspricht der G\u00fcltigkeit des urspr\u00fcnglichen Servicepakets des Kunden.<\/li>\n<\/ol>\n\n\n\n<h2 class=\"wp-block-heading\" id=\"renewal-of-the-service-package-validity\">Verl\u00e4ngerung der G\u00fcltigkeit des Servicepakets<\/h2>\n\n\n\n<ol class=\"wp-block-list\">\n<li>Die G\u00fcltigkeitsdauer jedes Servicepakets h\u00e4ngt vom erworbenen Paket ab.<\/li>\n\n\n\n<li>Vor Ablauf der G\u00fcltigkeitsdauer des Servicepakets wird der Kunde per automatisierter E-Mail informiert.<\/li>\n\n\n\n<li>Wenn ein Kunde an der Verl\u00e4ngerung der G\u00fcltigkeit des Servicepakets interessiert ist, ist er verpflichtet, die G\u00fcltigkeit des Servicepakets nach der Anmeldung auf der Website zu verl\u00e4ngern.<\/li>\n\n\n\n<li>Wenn ein Kunde zustimmt, werden Servicepakete automatisch \u00fcber Braintree, Stripe oder PayPal erneuert.<\/li>\n<\/ol>\n\n\n\n<h2 class=\"wp-block-heading\" id=\"money-refund\">Testversion und Geldr\u00fcckerstattung<\/h2>\n\n\n\n<ol class=\"wp-block-list\">\n<li>Der Kunde ist berechtigt, alle Funktionen vor dem Kauf kostenlos zu testen.<\/li>\n\n\n\n<li>Wenn ein Kunde mit dem Servicepaket nicht zufrieden ist, hat er das Recht, vom Unternehmen eine Geldr\u00fcckerstattung zu verlangen.<\/li>\n\n\n\n<li>The right to money refund may only be applied by the Customer within 14 days from the day of their registration and first theme purchase.<\/li>\n\n\n\n<li>Der Kunde kann eine R\u00fcckerstattung nur \u00fcber beantragen <a href=\"https:\/\/system.ait-themes.club\/de\/support\/\">Folgende URL<\/a>.<\/li>\n\n\n\n<li>Das Unternehmen hat 30 Tage Zeit, um den R\u00fcckerstattungsantrag zu bearbeiten.<\/li>\n\n\n\n<li>Sobald das Geld zur\u00fcckerstattet wurde, wird der Zugriff des Kunden auf die Website mit seinem Login und Passwort gesperrt und die Lizenz des Kunden zur Nutzung von Themes, Plugins und API-Schl\u00fcsseln erlischt.<\/li>\n<\/ol>\n\n\n\n<h2 class=\"wp-block-heading\" id=\"technical-support\">Technischer Support<\/h2>\n\n\n\n<ol class=\"wp-block-list\">\n<li>Jedes Servicepaket beinhaltet technischen Support, der vom Unternehmen zu den unten aufgef\u00fchrten Bedingungen bereitgestellt wird.<\/li>\n\n\n\n<li>Technischer Support wird nur Montag bis Freitag von 9.00 bis 17.00 Uhr mitteleurop\u00e4ischer Zeit angeboten.<\/li>\n\n\n\n<li>Der technische Support umfasst die Unterst\u00fctzung der richtigen Eigenschaften und Theme-Funktionalit\u00e4t.<\/li>\n\n\n\n<li>Der technische Support umfasst nicht: allgemeine Unterst\u00fctzung und Einrichtung der WordPress-Funktionalit\u00e4t, Hilfe bei Theme-\u00c4nderungen und -Anpassungen, Einrichtung von Plug-Ins von Drittanbietern und Kompatibilit\u00e4tssicherung, Erweiterung der Standard-Theme-Funktionen und L\u00f6sungen f\u00fcr Funktionen, die nicht im Theme enthalten sind.<\/li>\n\n\n\n<li>Technischer Support wird haupts\u00e4chlich in englischer Sprache bereitgestellt.<\/li>\n<\/ol>\n\n\n\n<h2 class=\"wp-block-heading\" id=\"api-keys\">API-Schl\u00fcssel<\/h2>\n\n\n\n<ol class=\"wp-block-list\">\n<li>Kunden mit einem g\u00fcltigen Servicepaket haben das Recht, einen API-Schl\u00fcssel f\u00fcr jede Website zu generieren und zu verwenden, auf der sie Produkte verwenden. Inaktives Servicepaket deaktiviert automatisch alle zugeh\u00f6rigen API-Schl\u00fcssel.<\/li>\n\n\n\n<li>Das Weiterverkaufen, Weiterverbreiten, Reproduzieren oder Teilen von API-Schl\u00fcsseln ist verboten. Ein Versto\u00df f\u00fchrt zur sofortigen Schlie\u00dfung des Kundenkontos ohne R\u00fcckerstattung einer Entsch\u00e4digung.<\/li>\n<\/ol>\n\n\n\n<h2 class=\"wp-block-heading\" id=\"limitation-of-liability\">Haftungsbeschr\u00e4nkung<\/h2>\n\n\n\n<p>In keinem Fall, es sei denn, dies ist durch geltendes Recht vorgeschrieben oder wurde schriftlich vereinbart, haftet ein Urheberrechtsinhaber oder eine andere Partei, die das Theme oder Plugin wie oben zul\u00e4ssig \u00e4ndert und\/oder \u00fcbertr\u00e4gt, Ihnen gegen\u00fcber f\u00fcr Sch\u00e4den, einschlie\u00dflich allgemeiner, besonderer und zuf\u00e4lliger Sch\u00e4den oder Folgesch\u00e4den, die sich aus der Nutzung oder Unm\u00f6glichkeit der Nutzung des Themes oder Plugins ergeben (einschlie\u00dflich, aber nicht beschr\u00e4nkt auf Datenverluste oder ungenaue Daten, Verluste, die Sie oder Dritte erleiden, oder ein Versagen des Themes oder Plugins, mit anderen zu funktionieren). andere Themes oder Plugins), auch wenn der Inhaber oder die andere Partei auf die M\u00f6glichkeit solcher Sch\u00e4den hingewiesen wurde.<\/p>\n\n\n\n<h2 class=\"wp-block-heading\" id=\"gpl-license\">GPL-Lizenz<\/h2>\n\n\n\n<p>Alle auf der Website zum Download verf\u00fcgbaren Themes und Plugins sind lizenziert&nbsp;<a href=\"https:\/\/www.ait-themes.club\/de\/lizenz\/\">GPL v3 oder h\u00f6her<\/a>.<\/p>\n\n\n\n<h2 class=\"wp-block-heading\" id=\"changes-of-terms-of-use\">\u00c4nderungen der Nutzungsbedingungen<\/h2>\n\n\n\n<p>Das Unternehmen beh\u00e4lt sich das Recht vor, diese Nutzungsbedingungen einseitig zu \u00e4ndern.<\/p>","protected":false},"excerpt":{"rendered":"<p>Definitionen Dienstleistungspakete Das Unternehmen bietet seinen Kunden die folgenden Dienstleistungspakete an, zusammen mit einer Beschreibung der darin enthaltenen Dienstleistungen. CitadelaWP Package CitadelaWP Package Unlimited Mehrwertsteuer (MwSt.) Steuerschuldner ist die Person, an die die Dienstleistung erbracht wird (gem\u00e4\u00df Artikel 193 bis 196 der Richtlinie 2006\/112\/EG des Rates vom [...]<\/p>","protected":false},"author":1,"featured_media":0,"parent":0,"menu_order":0,"comment_status":"closed","ping_status":"closed","template":"","meta":{"_eb_attr":"","_citadela_hide_page_title":"","_citadela_remove_header_space":"","_citadela_custom_class":"","_citadela_half_map_provider":"","_citadela_half_map_theme":"","_citadela_half_map_themeOSM":"","_citadela_half_map_customTheme":"","_citadela_half_map_dataType":"","_citadela_half_map_dynamicTrack":false,"_citadela_half_map_trackColor":"","_citadela_half_map_trackEndpointsColor":"","_citadela_half_map_filterCategory":"","_citadela_half_map_filterLocation":"","_citadela_half_map_filterFeatured":false,"_citadela_half_map_noDataBehavior":"empty-map","_citadela_half_map_noDataText":"","_citadela_half_map_clusterGridSize":80,"_citadela_header":false,"_citadela_header_over_content":false,"_citadela_header_text_color":"","_citadela_header_logo":[],"_citadela_header_bg_image":[],"_citadela_header_bg_position":[],"_citadela_header_bg_size":"","_citadela_header_bg_repeat":"","_citadela_header_bg_fixed":false,"_citadela_header_bg_color":"","_citadela_header_bg_image_overlay":"","_citadela_header_transparent_bg":false,"_citadela_content_width":"","_citadela_half_layout_position":"","footnotes":""},"class_list":["post-4498","page","type-page","status-publish","hentry"],"_links":{"self":[{"href":"https:\/\/www.ait-themes.club\/de\/wp-json\/wp\/v2\/pages\/4498","targetHints":{"allow":["GET"]}}],"collection":[{"href":"https:\/\/www.ait-themes.club\/de\/wp-json\/wp\/v2\/pages"}],"about":[{"href":"https:\/\/www.ait-themes.club\/de\/wp-json\/wp\/v2\/types\/page"}],"author":[{"embeddable":true,"href":"https:\/\/www.ait-themes.club\/de\/wp-json\/wp\/v2\/users\/1"}],"replies":[{"embeddable":true,"href":"https:\/\/www.ait-themes.club\/de\/wp-json\/wp\/v2\/comments?post=4498"}],"version-history":[{"count":45,"href":"https:\/\/www.ait-themes.club\/de\/wp-json\/wp\/v2\/pages\/4498\/revisions"}],"predecessor-version":[{"id":97111,"href":"https:\/\/www.ait-themes.club\/de\/wp-json\/wp\/v2\/pages\/4498\/revisions\/97111"}],"wp:attachment":[{"href":"https:\/\/www.ait-themes.club\/de\/wp-json\/wp\/v2\/media?parent=4498"}],"curies":[{"name":"wp","href":"https:\/\/api.w.org\/{rel}","templated":true}]}}